{"id":953,"date":"2019-06-25T15:42:02","date_gmt":"2019-06-25T15:42:02","guid":{"rendered":"https:\/\/tudomoveisbelem.com.br\/v19\/?post_type=product&#038;p=953"},"modified":"2025-08-27T22:17:48","modified_gmt":"2025-08-27T22:17:48","slug":"estante-home-p-tv-ate-65-polegadas-2m-com-nichos-e-led-r99900","status":"publish","type":"product","link":"https:\/\/tudomoveisbelem.com.br\/v19\/produto\/estante-home-p-tv-ate-65-polegadas-2m-com-nichos-e-led-r99900\/","title":{"rendered":"Estante Home para TV at\u00e9 65\u2019&#8217; com Nichos e Led"},"content":{"rendered":"<p>Ele foi desenhado para ser o centro das aten\u00e7\u00f5es, unindo Beleza, funcionalidade e espa\u00e7o para uma mega TV de at\u00e9 65&#8243;.<\/p>\n<p>As portas ripadas s\u00e3o um charme \u00e0 parte, enobrece o ambiente e ajudam a esconder os objetos que n\u00e3o precisam aparecer na decora\u00e7\u00e3o.<br \/>\nO nicho lateral \u00e9 um espet\u00e1culo \u00e0 parte, com espelhos e LED, v\u00e3o dar um toque especial aos seus objetos de decora\u00e7\u00e3o.<\/p>\n<p>&nbsp;<\/p>\n<p>&nbsp;<\/p>\n<p>Dimens\u00f5es:<br \/>\nLargura: 2.00 M<br \/>\nAltura: 1.81 M<br \/>\nProfundidade: 0,48 cm<\/p>\n<p>Espa\u00e7o para TV:<br \/>\nAltura: 0.96 cm<br \/>\nLargura: 1.46 M<\/p>\n<p>&nbsp;<\/p>\n<p>Por apenas 10x de <strong><span style=\"color: #ff0000;\">R$ 199,90<\/span><\/strong> sem juros no cart\u00e3o ou \u00e0 vista por <span style=\"color: #ff0000;\"><strong>R$ 1.999,00.<\/strong><\/span><\/p>\n","protected":false},"excerpt":{"rendered":"<p>Ele foi desenhado para ser o centro das aten\u00e7\u00f5es, unindo Beleza, funcionalidade e espa\u00e7o para uma mega TV de at\u00e9 65&#8243;. As portas ripadas s\u00e3o um charme \u00e0 parte, enobrece o ambiente e ajudam a esconder os objetos que n\u00e3o precisam aparecer na decora\u00e7\u00e3o. O nicho lateral \u00e9 um espet\u00e1culo \u00e0 parte, com espelhos e &hellip; <a href=\"https:\/\/tudomoveisbelem.com.br\/v19\/produto\/estante-home-p-tv-ate-65-polegadas-2m-com-nichos-e-led-r99900\/\" class=\"more-link\">Continue lendo<span class=\"screen-reader-text\"> &#8220;Estante Home para TV at\u00e9 65\u2019&#8217; com Nichos e Led&#8221;<\/span><\/a><\/p>\n","protected":false},"featured_media":28152,"comment_status":"closed","ping_status":"closed","template":"","meta":[],"product_brand":[],"product_cat":[45,29],"product_tag":[],"class_list":{"0":"post-953","1":"product","2":"type-product","3":"status-publish","4":"has-post-thumbnail","6":"product_cat-estante-home","7":"product_cat-sala","9":"first","10":"instock","11":"shipping-taxable","12":"product-type-simple"},"_links":{"self":[{"href":"https:\/\/tudomoveisbelem.com.br\/v19\/wp-json\/wp\/v2\/product\/953","targetHints":{"allow":["GET"]}}],"collection":[{"href":"https:\/\/tudomoveisbelem.com.br\/v19\/wp-json\/wp\/v2\/product"}],"about":[{"href":"https:\/\/tudomoveisbelem.com.br\/v19\/wp-json\/wp\/v2\/types\/product"}],"replies":[{"embeddable":true,"href":"https:\/\/tudomoveisbelem.com.br\/v19\/wp-json\/wp\/v2\/comments?post=953"}],"version-history":[{"count":14,"href":"https:\/\/tudomoveisbelem.com.br\/v19\/wp-json\/wp\/v2\/product\/953\/revisions"}],"predecessor-version":[{"id":34905,"href":"https:\/\/tudomoveisbelem.com.br\/v19\/wp-json\/wp\/v2\/product\/953\/revisions\/34905"}],"wp:featuredmedia":[{"embeddable":true,"href":"https:\/\/tudomoveisbelem.com.br\/v19\/wp-json\/wp\/v2\/media\/28152"}],"wp:attachment":[{"href":"https:\/\/tudomoveisbelem.com.br\/v19\/wp-json\/wp\/v2\/media?parent=953"}],"wp:term":[{"taxonomy":"product_brand","embeddable":true,"href":"https:\/\/tudomoveisbelem.com.br\/v19\/wp-json\/wp\/v2\/product_brand?post=953"},{"taxonomy":"product_cat","embeddable":true,"href":"https:\/\/tudomoveisbelem.com.br\/v19\/wp-json\/wp\/v2\/product_cat?post=953"},{"taxonomy":"product_tag","embeddable":true,"href":"https:\/\/tudomoveisbelem.com.br\/v19\/wp-json\/wp\/v2\/product_tag?post=953"}],"curies":[{"name":"wp","href":"https:\/\/api.w.org\/{rel}","templated":true}]}}