{"id":814,"date":"2019-06-23T15:06:16","date_gmt":"2019-06-23T15:06:16","guid":{"rendered":"https:\/\/tudomoveisbelem.com.br\/v19\/?post_type=product&#038;p=814"},"modified":"2025-08-28T21:17:15","modified_gmt":"2025-08-28T21:17:15","slug":"aparador-para-sala-com-espelho-r-39900","status":"publish","type":"product","link":"https:\/\/tudomoveisbelem.com.br\/v19\/produto\/aparador-para-sala-com-espelho-r-39900\/","title":{"rendered":"Aparador para sala com Espelho"},"content":{"rendered":"<p>Deixe sua casa com mais estilo. Com o Aparador espelhado o ambiente fica mais moderno e sofisticado. Com espa\u00e7o inferior para decora\u00e7\u00e3o.<\/p>\n<p>Dimens\u00f5es:<br \/>\nAltura: 0,80 cm<br \/>\nLargura: 1.20 M<br \/>\nProfundidade: 0,33 cm<\/p>\n<p>&nbsp;<\/p>\n<p>Por apenas 10x de <span style=\"color: #ff0000;\">R$89,90<\/span> sem juros no cart\u00e3o ou \u00e0 vista por <span style=\"color: #ff0000;\">R$899,00.<\/span><\/p>\n","protected":false},"excerpt":{"rendered":"<p>Deixe sua casa com mais estilo. Com o Aparador espelhado o ambiente fica mais moderno e sofisticado. Com espa\u00e7o inferior para decora\u00e7\u00e3o. Dimens\u00f5es: Altura: 0,80 cm Largura: 1.20 M Profundidade: 0,33 cm &nbsp; Por apenas 10x de R$89,90 sem juros no cart\u00e3o ou \u00e0 vista por R$899,00.<\/p>\n","protected":false},"featured_media":15277,"comment_status":"closed","ping_status":"closed","template":"","meta":[],"product_brand":[],"product_cat":[47,29],"product_tag":[],"class_list":{"0":"post-814","1":"product","2":"type-product","3":"status-publish","4":"has-post-thumbnail","6":"product_cat-aparadores","7":"product_cat-sala","9":"first","10":"instock","11":"shipping-taxable","12":"product-type-simple"},"_links":{"self":[{"href":"https:\/\/tudomoveisbelem.com.br\/v19\/wp-json\/wp\/v2\/product\/814","targetHints":{"allow":["GET"]}}],"collection":[{"href":"https:\/\/tudomoveisbelem.com.br\/v19\/wp-json\/wp\/v2\/product"}],"about":[{"href":"https:\/\/tudomoveisbelem.com.br\/v19\/wp-json\/wp\/v2\/types\/product"}],"replies":[{"embeddable":true,"href":"https:\/\/tudomoveisbelem.com.br\/v19\/wp-json\/wp\/v2\/comments?post=814"}],"version-history":[{"count":12,"href":"https:\/\/tudomoveisbelem.com.br\/v19\/wp-json\/wp\/v2\/product\/814\/revisions"}],"predecessor-version":[{"id":34952,"href":"https:\/\/tudomoveisbelem.com.br\/v19\/wp-json\/wp\/v2\/product\/814\/revisions\/34952"}],"wp:featuredmedia":[{"embeddable":true,"href":"https:\/\/tudomoveisbelem.com.br\/v19\/wp-json\/wp\/v2\/media\/15277"}],"wp:attachment":[{"href":"https:\/\/tudomoveisbelem.com.br\/v19\/wp-json\/wp\/v2\/media?parent=814"}],"wp:term":[{"taxonomy":"product_brand","embeddable":true,"href":"https:\/\/tudomoveisbelem.com.br\/v19\/wp-json\/wp\/v2\/product_brand?post=814"},{"taxonomy":"product_cat","embeddable":true,"href":"https:\/\/tudomoveisbelem.com.br\/v19\/wp-json\/wp\/v2\/product_cat?post=814"},{"taxonomy":"product_tag","embeddable":true,"href":"https:\/\/tudomoveisbelem.com.br\/v19\/wp-json\/wp\/v2\/product_tag?post=814"}],"curies":[{"name":"wp","href":"https:\/\/api.w.org\/{rel}","templated":true}]}}