{"id":600,"date":"2019-06-20T19:38:43","date_gmt":"2019-06-20T19:38:43","guid":{"rendered":"https:\/\/tudomoveisbelem.com.br\/v19\/?post_type=product&#038;p=600"},"modified":"2024-06-04T14:05:41","modified_gmt":"2024-06-04T14:05:41","slug":"mesaescritorio","status":"publish","type":"product","link":"https:\/\/tudomoveisbelem.com.br\/v19\/produto\/mesaescritorio\/","title":{"rendered":"Mesa de Escrit\u00f3rio 2 Gavetas 10x de R$ 49,90"},"content":{"rendered":"<p>Mesa de escrit\u00f3rio, com 2 gavetas com corredi\u00e7a met\u00e1lica, esse produto possui acabamento na parte de tr\u00e1s, ou seja, pode ser usado como mesa para atendimento em consult\u00f3rio medico, escrit\u00f3rio advocacia, etc &#8230;<\/p>\n<p>Dimens\u00f5es:<br \/>\nAltura: 0,75 cm<br \/>\nLargura: 1.21 M<br \/>\nProfundidade: 0,42 cm<\/p>\n","protected":false},"excerpt":{"rendered":"<p>Por apenas 10x sem juros de <strong><span style=\"color: #ff0000;\">R$ 49,90<\/span><\/strong> no cart\u00e3o ou \u00e0 vista por <strong><span style=\"color: #ff0000;\">R$ 499,00.<\/span><\/strong><\/p>\n<p>&nbsp;<\/p>\n","protected":false},"featured_media":17248,"comment_status":"closed","ping_status":"closed","template":"","meta":[],"product_brand":[],"product_cat":[32],"product_tag":[],"class_list":{"0":"post-600","1":"product","2":"type-product","3":"status-publish","4":"has-post-thumbnail","6":"product_cat-escritorio","8":"first","9":"instock","10":"shipping-taxable","11":"product-type-simple"},"_links":{"self":[{"href":"https:\/\/tudomoveisbelem.com.br\/v19\/wp-json\/wp\/v2\/product\/600","targetHints":{"allow":["GET"]}}],"collection":[{"href":"https:\/\/tudomoveisbelem.com.br\/v19\/wp-json\/wp\/v2\/product"}],"about":[{"href":"https:\/\/tudomoveisbelem.com.br\/v19\/wp-json\/wp\/v2\/types\/product"}],"replies":[{"embeddable":true,"href":"https:\/\/tudomoveisbelem.com.br\/v19\/wp-json\/wp\/v2\/comments?post=600"}],"version-history":[{"count":5,"href":"https:\/\/tudomoveisbelem.com.br\/v19\/wp-json\/wp\/v2\/product\/600\/revisions"}],"predecessor-version":[{"id":29498,"href":"https:\/\/tudomoveisbelem.com.br\/v19\/wp-json\/wp\/v2\/product\/600\/revisions\/29498"}],"wp:featuredmedia":[{"embeddable":true,"href":"https:\/\/tudomoveisbelem.com.br\/v19\/wp-json\/wp\/v2\/media\/17248"}],"wp:attachment":[{"href":"https:\/\/tudomoveisbelem.com.br\/v19\/wp-json\/wp\/v2\/media?parent=600"}],"wp:term":[{"taxonomy":"product_brand","embeddable":true,"href":"https:\/\/tudomoveisbelem.com.br\/v19\/wp-json\/wp\/v2\/product_brand?post=600"},{"taxonomy":"product_cat","embeddable":true,"href":"https:\/\/tudomoveisbelem.com.br\/v19\/wp-json\/wp\/v2\/product_cat?post=600"},{"taxonomy":"product_tag","embeddable":true,"href":"https:\/\/tudomoveisbelem.com.br\/v19\/wp-json\/wp\/v2\/product_tag?post=600"}],"curies":[{"name":"wp","href":"https:\/\/api.w.org\/{rel}","templated":true}]}}