{"id":561,"date":"2019-06-20T18:58:40","date_gmt":"2019-06-20T18:58:40","guid":{"rendered":"https:\/\/tudomoveisbelem.com.br\/v19\/?post_type=product&#038;p=561"},"modified":"2025-03-27T15:27:27","modified_gmt":"2025-03-27T15:27:27","slug":"balcao-aco-bertoline-r-44900","status":"publish","type":"product","link":"https:\/\/tudomoveisbelem.com.br\/v19\/produto\/balcao-aco-bertoline-r-44900\/","title":{"rendered":"Balc\u00e3o A\u00e7o Bertolini 3 Portas e 2 Gavetas 10x de R$ 119,90"},"content":{"rendered":"<p>Balc\u00e3o em a\u00e7o com Tampo, \u00e9 um excelente m\u00f3dulo para completar sua cozinha. Apresenta um design \u00fanico e exclusivo com a qualidade que s\u00f3 os m\u00f3veis de a\u00e7o podem proporcionar, pois s\u00e3o produzidos em a\u00e7o carbono e pintura eletrost\u00e1tica, resistente \u00e0 umidade, imune \u00e0 insetos e livre de odores. Possui excelente espa\u00e7o interno com maior profundidade, tampo em MDP laminado em alto brilho e p\u00e9s com regulagem de altura. Confira e leve j\u00e1!<\/p>\n<p>Dimens\u00f5es:<br \/>\nAltura: 85,3 cm<br \/>\nLargura: 1,05 M<br \/>\nProfundidade: 43,2 cm<\/p>\n","protected":false},"excerpt":{"rendered":"<p>Por apenas 10x de <span style=\"color: #ff0000;\">R$119,90<\/span> sem juros no cart\u00e3o ou \u00e0 vista por <span style=\"color: #ff0000;\">R$1.199,00.<\/span><\/p>\n","protected":false},"featured_media":28799,"comment_status":"closed","ping_status":"closed","template":"","meta":[],"product_brand":[],"product_cat":[22],"product_tag":[],"class_list":{"0":"post-561","1":"product","2":"type-product","3":"status-publish","4":"has-post-thumbnail","6":"product_cat-moveis","8":"first","9":"instock","10":"shipping-taxable","11":"product-type-simple"},"_links":{"self":[{"href":"https:\/\/tudomoveisbelem.com.br\/v19\/wp-json\/wp\/v2\/product\/561","targetHints":{"allow":["GET"]}}],"collection":[{"href":"https:\/\/tudomoveisbelem.com.br\/v19\/wp-json\/wp\/v2\/product"}],"about":[{"href":"https:\/\/tudomoveisbelem.com.br\/v19\/wp-json\/wp\/v2\/types\/product"}],"replies":[{"embeddable":true,"href":"https:\/\/tudomoveisbelem.com.br\/v19\/wp-json\/wp\/v2\/comments?post=561"}],"version-history":[{"count":11,"href":"https:\/\/tudomoveisbelem.com.br\/v19\/wp-json\/wp\/v2\/product\/561\/revisions"}],"predecessor-version":[{"id":33039,"href":"https:\/\/tudomoveisbelem.com.br\/v19\/wp-json\/wp\/v2\/product\/561\/revisions\/33039"}],"wp:featuredmedia":[{"embeddable":true,"href":"https:\/\/tudomoveisbelem.com.br\/v19\/wp-json\/wp\/v2\/media\/28799"}],"wp:attachment":[{"href":"https:\/\/tudomoveisbelem.com.br\/v19\/wp-json\/wp\/v2\/media?parent=561"}],"wp:term":[{"taxonomy":"product_brand","embeddable":true,"href":"https:\/\/tudomoveisbelem.com.br\/v19\/wp-json\/wp\/v2\/product_brand?post=561"},{"taxonomy":"product_cat","embeddable":true,"href":"https:\/\/tudomoveisbelem.com.br\/v19\/wp-json\/wp\/v2\/product_cat?post=561"},{"taxonomy":"product_tag","embeddable":true,"href":"https:\/\/tudomoveisbelem.com.br\/v19\/wp-json\/wp\/v2\/product_tag?post=561"}],"curies":[{"name":"wp","href":"https:\/\/api.w.org\/{rel}","templated":true}]}}