{"id":557,"date":"2019-06-20T18:55:53","date_gmt":"2019-06-20T18:55:53","guid":{"rendered":"https:\/\/tudomoveisbelem.com.br\/v19\/?post_type=product&#038;p=557"},"modified":"2025-03-27T15:42:43","modified_gmt":"2025-03-27T15:42:43","slug":"armario-aereo-3-portas-vidro-bertoline-r-34900","status":"publish","type":"product","link":"https:\/\/tudomoveisbelem.com.br\/v19\/produto\/armario-aereo-3-portas-vidro-bertoline-r-34900\/","title":{"rendered":"Arm\u00e1rio A\u00e9reo 3 Portas 10x de R$ 79,90"},"content":{"rendered":"<p>Arm\u00e1rio A\u00e9reo 3 Portas com Vidro Bertolini. Linha M\u00faltipla de m\u00f3dulos em a\u00e7o da Bertolini, a cole\u00e7\u00e3o une o que h\u00e1 de mais conceitual em tend\u00eancias de design e solu\u00e7\u00f5es inteligentes, permitindo a versatilidade necess\u00e1ria para montar a Cozinha dos seus sonhos.<\/p>\n<p>Caracter\u00edsticas:<br \/>\n3 Portas com vidro e dobradi\u00e7as met\u00e1licas<br \/>\n1 Prateleira interna<br \/>\nAlta Resist\u00eancia a Umidade<br \/>\nPuxador em PVC<\/p>\n<p>Dimens\u00f5es:<br \/>\nAltura: 52,5 cm<br \/>\nLargura: 105 cm<br \/>\nProfundidade: 28,3 cm<\/p>\n","protected":false},"excerpt":{"rendered":"<p>Por apenas 10x de <span style=\"color: #ff0000;\">R$79,90<\/span> sem juros no cart\u00e3o ou \u00e0 vista por <span style=\"color: #ff0000;\">R$799,00.<\/span><\/p>\n","protected":false},"featured_media":28798,"comment_status":"closed","ping_status":"closed","template":"","meta":[],"product_brand":[],"product_cat":[22],"product_tag":[],"class_list":{"0":"post-557","1":"product","2":"type-product","3":"status-publish","4":"has-post-thumbnail","6":"product_cat-moveis","8":"first","9":"instock","10":"shipping-taxable","11":"product-type-simple"},"_links":{"self":[{"href":"https:\/\/tudomoveisbelem.com.br\/v19\/wp-json\/wp\/v2\/product\/557","targetHints":{"allow":["GET"]}}],"collection":[{"href":"https:\/\/tudomoveisbelem.com.br\/v19\/wp-json\/wp\/v2\/product"}],"about":[{"href":"https:\/\/tudomoveisbelem.com.br\/v19\/wp-json\/wp\/v2\/types\/product"}],"replies":[{"embeddable":true,"href":"https:\/\/tudomoveisbelem.com.br\/v19\/wp-json\/wp\/v2\/comments?post=557"}],"version-history":[{"count":10,"href":"https:\/\/tudomoveisbelem.com.br\/v19\/wp-json\/wp\/v2\/product\/557\/revisions"}],"predecessor-version":[{"id":33040,"href":"https:\/\/tudomoveisbelem.com.br\/v19\/wp-json\/wp\/v2\/product\/557\/revisions\/33040"}],"wp:featuredmedia":[{"embeddable":true,"href":"https:\/\/tudomoveisbelem.com.br\/v19\/wp-json\/wp\/v2\/media\/28798"}],"wp:attachment":[{"href":"https:\/\/tudomoveisbelem.com.br\/v19\/wp-json\/wp\/v2\/media?parent=557"}],"wp:term":[{"taxonomy":"product_brand","embeddable":true,"href":"https:\/\/tudomoveisbelem.com.br\/v19\/wp-json\/wp\/v2\/product_brand?post=557"},{"taxonomy":"product_cat","embeddable":true,"href":"https:\/\/tudomoveisbelem.com.br\/v19\/wp-json\/wp\/v2\/product_cat?post=557"},{"taxonomy":"product_tag","embeddable":true,"href":"https:\/\/tudomoveisbelem.com.br\/v19\/wp-json\/wp\/v2\/product_tag?post=557"}],"curies":[{"name":"wp","href":"https:\/\/api.w.org\/{rel}","templated":true}]}}