{"id":482,"date":"2019-06-19T15:49:18","date_gmt":"2019-06-19T15:49:18","guid":{"rendered":"https:\/\/tudomoveisbelem.com.br\/v19\/?post_type=product&#038;p=482"},"modified":"2025-04-23T20:07:57","modified_gmt":"2025-04-23T20:07:57","slug":"bicama-de-espuma-ortofirme-de-espuma-ortopedica-r-49900-a-vista","status":"publish","type":"product","link":"https:\/\/tudomoveisbelem.com.br\/v19\/produto\/bicama-de-espuma-ortofirme-de-espuma-ortopedica-r-49900-a-vista\/","title":{"rendered":"Bicama de Espuma Ortofirme de Espuma Ortop\u00e9dica 10x de R$ 99,90"},"content":{"rendered":"<p>Bicama Solteiro Ortofirme de espuma ortop\u00e9dica, possui um design elegante e cheio de charme sem abrir m\u00e3o da qualidade e seguran\u00e7a.<\/p>\n<p>Profundidade: 0,88 CM<br \/>\nLargura: 1.88 M<br \/>\nAltura: 0,53 CM<\/p>\n","protected":false},"excerpt":{"rendered":"<p><span style=\"color: #ff0000;\">Promo\u00e7\u00e3o!<\/span><br \/>\nDe <del><span style=\"color: #ff0000;\">R$1.200,00<\/span><\/del><br \/>\nPor apenas 10x de <span style=\"color: #ff0000;\">R$99,90<\/span> sem juros no cart\u00e3o ou \u00e0 vista por <span style=\"color: #ff0000;\">R$999,00.<\/span><\/p>\n","protected":false},"featured_media":25272,"comment_status":"closed","ping_status":"closed","template":"","meta":[],"product_brand":[],"product_cat":[39],"product_tag":[],"class_list":{"0":"post-482","1":"product","2":"type-product","3":"status-publish","4":"has-post-thumbnail","6":"product_cat-camas","8":"first","9":"instock","10":"shipping-taxable","11":"product-type-simple"},"_links":{"self":[{"href":"https:\/\/tudomoveisbelem.com.br\/v19\/wp-json\/wp\/v2\/product\/482","targetHints":{"allow":["GET"]}}],"collection":[{"href":"https:\/\/tudomoveisbelem.com.br\/v19\/wp-json\/wp\/v2\/product"}],"about":[{"href":"https:\/\/tudomoveisbelem.com.br\/v19\/wp-json\/wp\/v2\/types\/product"}],"replies":[{"embeddable":true,"href":"https:\/\/tudomoveisbelem.com.br\/v19\/wp-json\/wp\/v2\/comments?post=482"}],"version-history":[{"count":9,"href":"https:\/\/tudomoveisbelem.com.br\/v19\/wp-json\/wp\/v2\/product\/482\/revisions"}],"predecessor-version":[{"id":33492,"href":"https:\/\/tudomoveisbelem.com.br\/v19\/wp-json\/wp\/v2\/product\/482\/revisions\/33492"}],"wp:featuredmedia":[{"embeddable":true,"href":"https:\/\/tudomoveisbelem.com.br\/v19\/wp-json\/wp\/v2\/media\/25272"}],"wp:attachment":[{"href":"https:\/\/tudomoveisbelem.com.br\/v19\/wp-json\/wp\/v2\/media?parent=482"}],"wp:term":[{"taxonomy":"product_brand","embeddable":true,"href":"https:\/\/tudomoveisbelem.com.br\/v19\/wp-json\/wp\/v2\/product_brand?post=482"},{"taxonomy":"product_cat","embeddable":true,"href":"https:\/\/tudomoveisbelem.com.br\/v19\/wp-json\/wp\/v2\/product_cat?post=482"},{"taxonomy":"product_tag","embeddable":true,"href":"https:\/\/tudomoveisbelem.com.br\/v19\/wp-json\/wp\/v2\/product_tag?post=482"}],"curies":[{"name":"wp","href":"https:\/\/api.w.org\/{rel}","templated":true}]}}