{"id":37101,"date":"2026-03-19T09:49:42","date_gmt":"2026-03-19T09:49:42","guid":{"rendered":"https:\/\/tudomoveisbelem.com.br\/v19\/?post_type=product&#038;p=37101"},"modified":"2026-03-19T09:50:17","modified_gmt":"2026-03-19T09:50:17","slug":"roupeiro-infantil-4-portas-e-3-gavetas-10x-sem-juros-de-r13990","status":"publish","type":"product","link":"https:\/\/tudomoveisbelem.com.br\/v19\/produto\/roupeiro-infantil-4-portas-e-3-gavetas-10x-sem-juros-de-r13990\/","title":{"rendered":"ROUPEIRO INFANTIL 4 PORTAS E 3 GAVETAS 12x de R$ 133,25."},"content":{"rendered":"<p>ROUPEIRO INFANTIL 4 PORTAS E 3 GAVETAS<\/p>\n<p>Por apenas 12x de R$ 133,25 sem juros no cart\u00e3o ou \u00e0 vista por R$ 1.599,00.<\/p>\n<p>Preparando o quarto do beb\u00ea!? Nessas horas um m\u00f3vel bonito, pr\u00e1tico, elegante e que deixe o quarto o mais aconchegante poss\u00edvel para a chegada do beb\u00ea \u00e9 essencial. N\u00e3o \u00e9!? Ou at\u00e9 para acrescentar no visual do quarto das crian\u00e7as!? D\u00e1 s\u00f3 uma olhadinha em tudo que o Roupeiro Infantil 4 Portas e 3 Gavetas!<\/p>\n<p>Ele apresenta 4 Portas de Bater, com excelente divis\u00e3o interna para facilitar na hora de organizar as roupas, possuindo 5 prateleiras e 1 cabideiro. \u00d3timo para deixar as roupas, sapatos e acess\u00f3rios todos organizadinhos!<br \/>\nConta tamb\u00e9m com 3 Gavetas com amplo espa\u00e7o para simplificar na hora da organiza\u00e7\u00e3o! Possuindo espa\u00e7o para guardar bolsas, brinquedos, fraldas e o que mais precisar!!<br \/>\nIncr\u00edvel n\u00e9, quantas vantagens que este Roupeiro tr\u00e1s para voc\u00ea! Al\u00e9m de deixar o quarto muito mais elegante e bonito!<br \/>\nGostou!? Ent\u00e3o aproveita e leva esse super Roupeiro para deixar o quartinho do seu filho ainda mais lindo!<\/p>\n<p>Dimens\u00f5es:<br \/>\nAltura: 1.80 M<br \/>\nLargura: 1.08 M<br \/>\nProfundidade: 0,40 CM<\/p>\n","protected":false},"excerpt":{"rendered":"<p>ROUPEIRO INFANTIL 4 PORTAS E 3 GAVETAS Por apenas 12x de R$ 133,25 sem juros no cart\u00e3o ou \u00e0 vista por R$ 1.599,00. Preparando o quarto do beb\u00ea!? Nessas horas um m\u00f3vel bonito, pr\u00e1tico, elegante e que deixe o quarto o mais aconchegante poss\u00edvel para a chegada do beb\u00ea \u00e9 essencial. N\u00e3o \u00e9!? Ou at\u00e9 &hellip; <a href=\"https:\/\/tudomoveisbelem.com.br\/v19\/produto\/roupeiro-infantil-4-portas-e-3-gavetas-10x-sem-juros-de-r13990\/\" class=\"more-link\">Continue lendo<span class=\"screen-reader-text\"> &#8220;ROUPEIRO INFANTIL 4 PORTAS E 3 GAVETAS 12x de R$ 133,25.&#8221;<\/span><\/a><\/p>\n","protected":false},"featured_media":37102,"comment_status":"closed","ping_status":"closed","template":"","meta":[],"product_brand":[],"product_cat":[31,41],"product_tag":[],"class_list":{"0":"post-37101","1":"product","2":"type-product","3":"status-publish","4":"has-post-thumbnail","6":"product_cat-infantil","7":"product_cat-roupeiros","9":"first","10":"instock","11":"shipping-taxable","12":"product-type-simple"},"_links":{"self":[{"href":"https:\/\/tudomoveisbelem.com.br\/v19\/wp-json\/wp\/v2\/product\/37101","targetHints":{"allow":["GET"]}}],"collection":[{"href":"https:\/\/tudomoveisbelem.com.br\/v19\/wp-json\/wp\/v2\/product"}],"about":[{"href":"https:\/\/tudomoveisbelem.com.br\/v19\/wp-json\/wp\/v2\/types\/product"}],"replies":[{"embeddable":true,"href":"https:\/\/tudomoveisbelem.com.br\/v19\/wp-json\/wp\/v2\/comments?post=37101"}],"version-history":[{"count":2,"href":"https:\/\/tudomoveisbelem.com.br\/v19\/wp-json\/wp\/v2\/product\/37101\/revisions"}],"predecessor-version":[{"id":37106,"href":"https:\/\/tudomoveisbelem.com.br\/v19\/wp-json\/wp\/v2\/product\/37101\/revisions\/37106"}],"wp:featuredmedia":[{"embeddable":true,"href":"https:\/\/tudomoveisbelem.com.br\/v19\/wp-json\/wp\/v2\/media\/37102"}],"wp:attachment":[{"href":"https:\/\/tudomoveisbelem.com.br\/v19\/wp-json\/wp\/v2\/media?parent=37101"}],"wp:term":[{"taxonomy":"product_brand","embeddable":true,"href":"https:\/\/tudomoveisbelem.com.br\/v19\/wp-json\/wp\/v2\/product_brand?post=37101"},{"taxonomy":"product_cat","embeddable":true,"href":"https:\/\/tudomoveisbelem.com.br\/v19\/wp-json\/wp\/v2\/product_cat?post=37101"},{"taxonomy":"product_tag","embeddable":true,"href":"https:\/\/tudomoveisbelem.com.br\/v19\/wp-json\/wp\/v2\/product_tag?post=37101"}],"curies":[{"name":"wp","href":"https:\/\/api.w.org\/{rel}","templated":true}]}}