{"id":37098,"date":"2026-03-19T09:45:19","date_gmt":"2026-03-19T09:45:19","guid":{"rendered":"https:\/\/tudomoveisbelem.com.br\/v19\/?post_type=product&#038;p=37098"},"modified":"2026-03-19T09:51:36","modified_gmt":"2026-03-19T09:51:36","slug":"roupeiro-100-mdf-2-portas-11-nichos-12-x-24992","status":"publish","type":"product","link":"https:\/\/tudomoveisbelem.com.br\/v19\/produto\/roupeiro-100-mdf-2-portas-11-nichos-12-x-24992\/","title":{"rendered":"ROUPEIRO 100% MDF 2 PORTAS 11 NICHOS  12 x 249,92."},"content":{"rendered":"<p>Este guarda-roupa \u00e9 fabricado com materiais de alta qualidade, sendo 100% em MDF, o que garante durabilidade e resist\u00eancia. As corredi\u00e7as telesc\u00f3picas das portas proporcionam um deslizamento suave e silencioso, facilitando o acesso ao conte\u00fado do guarda-roupa.<br \/>\nCom tr\u00eas gavetas espa\u00e7osas, voc\u00ea ter\u00e1 espa\u00e7o mais do que suficiente para guardar suas roupas e acess\u00f3rios. Al\u00e9m disso, h\u00e1 nichos adicionais para melhorar ainda mais a organiza\u00e7\u00e3o, permitindo que voc\u00ea armazene itens menores de forma pr\u00e1tica e acess\u00edvel. Uma das portas do guarda-roupa possui um espelho, que \u00e9 n\u00e3o apenas uma funcionalidade pr\u00e1tica, mas tamb\u00e9m adiciona um toque de estilo e sofistica\u00e7\u00e3o ao ambiente. Com um visual harmonioso este guarda-roupa se adapta facilmente a diferentes estilos de decora\u00e7\u00e3o, adicionando um toque de eleg\u00e2ncia ao seu ambiente. O que voc\u00ea est\u00e1 aguardando para adquirir logo o seu? Vem!<\/p>\n<p>Dimens\u00f5es:<br \/>\nAltura: 2.10 M<br \/>\nLargura: 1.83 M<br \/>\nProfundidade: 0,54 CM<\/p>\n<p>SOBRE O NOSSO TRABALHO:<br \/>\nVoc\u00ea pagar\u00e1 apenas o valor do m\u00f3vel e a Tudo M\u00f3veis dar\u00e1 a entrega e a montagem gr\u00e1tis em todos os bairros de Bel\u00e9m, Ananindeua e Marituba.<\/p>\n<p>A compra pode ser realizada em nossas lojas f\u00edsicas ou atrav\u00e9s pelo whatsapp com pagamento no ato da entrega.<\/p>\n<p>Nossos m\u00f3veis s\u00e3o novos e v\u00e3o diretamente da loja para seu lar, todos com garantia do fabricante.<\/p>\n","protected":false},"excerpt":{"rendered":"<p>Este guarda-roupa \u00e9 fabricado com materiais de alta qualidade, sendo 100% em MDF, o que garante durabilidade e resist\u00eancia. As corredi\u00e7as telesc\u00f3picas das portas proporcionam um deslizamento suave e silencioso, facilitando o acesso ao conte\u00fado do guarda-roupa. Com tr\u00eas gavetas espa\u00e7osas, voc\u00ea ter\u00e1 espa\u00e7o mais do que suficiente para guardar suas roupas e acess\u00f3rios. Al\u00e9m &hellip; <a href=\"https:\/\/tudomoveisbelem.com.br\/v19\/produto\/roupeiro-100-mdf-2-portas-11-nichos-12-x-24992\/\" class=\"more-link\">Continue lendo<span class=\"screen-reader-text\"> &#8220;ROUPEIRO 100% MDF 2 PORTAS 11 NICHOS  12 x 249,92.&#8221;<\/span><\/a><\/p>\n","protected":false},"featured_media":37107,"comment_status":"closed","ping_status":"closed","template":"","meta":[],"product_brand":[],"product_cat":[41],"product_tag":[],"class_list":{"0":"post-37098","1":"product","2":"type-product","3":"status-publish","4":"has-post-thumbnail","6":"product_cat-roupeiros","8":"first","9":"instock","10":"shipping-taxable","11":"product-type-simple"},"_links":{"self":[{"href":"https:\/\/tudomoveisbelem.com.br\/v19\/wp-json\/wp\/v2\/product\/37098","targetHints":{"allow":["GET"]}}],"collection":[{"href":"https:\/\/tudomoveisbelem.com.br\/v19\/wp-json\/wp\/v2\/product"}],"about":[{"href":"https:\/\/tudomoveisbelem.com.br\/v19\/wp-json\/wp\/v2\/types\/product"}],"replies":[{"embeddable":true,"href":"https:\/\/tudomoveisbelem.com.br\/v19\/wp-json\/wp\/v2\/comments?post=37098"}],"version-history":[{"count":1,"href":"https:\/\/tudomoveisbelem.com.br\/v19\/wp-json\/wp\/v2\/product\/37098\/revisions"}],"predecessor-version":[{"id":37100,"href":"https:\/\/tudomoveisbelem.com.br\/v19\/wp-json\/wp\/v2\/product\/37098\/revisions\/37100"}],"wp:featuredmedia":[{"embeddable":true,"href":"https:\/\/tudomoveisbelem.com.br\/v19\/wp-json\/wp\/v2\/media\/37107"}],"wp:attachment":[{"href":"https:\/\/tudomoveisbelem.com.br\/v19\/wp-json\/wp\/v2\/media?parent=37098"}],"wp:term":[{"taxonomy":"product_brand","embeddable":true,"href":"https:\/\/tudomoveisbelem.com.br\/v19\/wp-json\/wp\/v2\/product_brand?post=37098"},{"taxonomy":"product_cat","embeddable":true,"href":"https:\/\/tudomoveisbelem.com.br\/v19\/wp-json\/wp\/v2\/product_cat?post=37098"},{"taxonomy":"product_tag","embeddable":true,"href":"https:\/\/tudomoveisbelem.com.br\/v19\/wp-json\/wp\/v2\/product_tag?post=37098"}],"curies":[{"name":"wp","href":"https:\/\/api.w.org\/{rel}","templated":true}]}}