{"id":36979,"date":"2026-03-10T16:08:25","date_gmt":"2026-03-10T16:08:25","guid":{"rendered":"https:\/\/tudomoveisbelem.com.br\/v19\/?post_type=product&#038;p=36979"},"modified":"2026-03-10T16:08:25","modified_gmt":"2026-03-10T16:08:25","slug":"roupeiro-solteiro-2-portas-de-correr-6-gavetas-com-espelho","status":"publish","type":"product","link":"https:\/\/tudomoveisbelem.com.br\/v19\/produto\/roupeiro-solteiro-2-portas-de-correr-6-gavetas-com-espelho\/","title":{"rendered":"ROUPEIRO SOLTEIRO | 2 PORTAS DE CORRER | 6 GAVETAS | COM ESPELHO"},"content":{"rendered":"<p>ROUPEIRO SOLTEIRO | 2 PORTAS DE CORRER | 6 GAVETAS | COM ESPELHO<\/p>\n<p>De R$ 1.999,00<br \/>\n\ud83d\udd25 Agora por apenas 12x de R$ 166,58 SEM JUROS no cart\u00e3o<br \/>\nou R$ 1.999,00 \u00e0 vista.<\/p>\n<p>Um roupeiro compacto, moderno e muito funcional, ideal para quem busca organiza\u00e7\u00e3o sem ocupar muito espa\u00e7o.<\/p>\n<p>\ud83d\udd0e Destaques:<br \/>\n\u2714\ufe0f 2 portas de correr \u2014 melhor aproveitamento do espa\u00e7o<br \/>\n\u2714\ufe0f 6 gavetas com corredi\u00e7as telesc\u00f3picas \u2014 abertura suave e dur\u00e1vel<br \/>\n\u2714\ufe0f Espelho integrado \u2014 mais praticidade no dia a dia<br \/>\n\u2714\ufe0f Cabideiros em alum\u00ednio \u2014 mais resist\u00eancia para roupas<br \/>\n\u2714\ufe0f Roldanas com rolamento e trilho em alum\u00ednio \u2014 deslizamento leve e silencioso<br \/>\n\u2714\ufe0f Excelente divis\u00e3o interna \u2014 mais organiza\u00e7\u00e3o para roupas e acess\u00f3rios<\/p>\n<p>\ud83d\udccf Dimens\u00f5es:<br \/>\nAltura: 2,05 m | Largura: 1,21 m | Profundidade: 47 cm<\/p>\n<p>\ud83d\ude9a Entrega e montagem GR\u00c1TIS<br \/>\n\ud83d\udccd Bel\u00e9m, Ananindeua e Marituba<\/p>\n<p>\u26a1 Promo\u00e7\u00e3o por tempo limitado ou enquanto durar o estoque!<\/p>\n","protected":false},"excerpt":{"rendered":"<p>ROUPEIRO SOLTEIRO | 2 PORTAS DE CORRER | 6 GAVETAS | COM ESPELHO De R$ 1.999,00 \ud83d\udd25 Agora por apenas 12x de R$ 166,58 SEM JUROS no cart\u00e3o ou R$ 1.999,00 \u00e0 vista. Um roupeiro compacto, moderno e muito funcional, ideal para quem busca organiza\u00e7\u00e3o sem ocupar muito espa\u00e7o. \ud83d\udd0e Destaques: \u2714\ufe0f 2 portas de &hellip; <a href=\"https:\/\/tudomoveisbelem.com.br\/v19\/produto\/roupeiro-solteiro-2-portas-de-correr-6-gavetas-com-espelho\/\" class=\"more-link\">Continue lendo<span class=\"screen-reader-text\"> &#8220;ROUPEIRO SOLTEIRO | 2 PORTAS DE CORRER | 6 GAVETAS | COM ESPELHO&#8221;<\/span><\/a><\/p>\n","protected":false},"featured_media":0,"comment_status":"closed","ping_status":"closed","template":"","meta":[],"product_brand":[],"product_cat":[15],"product_tag":[],"class_list":{"0":"post-36979","1":"product","2":"type-product","3":"status-publish","5":"product_cat-sem-categoria","7":"first","8":"instock","9":"shipping-taxable","10":"product-type-simple"},"_links":{"self":[{"href":"https:\/\/tudomoveisbelem.com.br\/v19\/wp-json\/wp\/v2\/product\/36979","targetHints":{"allow":["GET"]}}],"collection":[{"href":"https:\/\/tudomoveisbelem.com.br\/v19\/wp-json\/wp\/v2\/product"}],"about":[{"href":"https:\/\/tudomoveisbelem.com.br\/v19\/wp-json\/wp\/v2\/types\/product"}],"replies":[{"embeddable":true,"href":"https:\/\/tudomoveisbelem.com.br\/v19\/wp-json\/wp\/v2\/comments?post=36979"}],"version-history":[{"count":1,"href":"https:\/\/tudomoveisbelem.com.br\/v19\/wp-json\/wp\/v2\/product\/36979\/revisions"}],"predecessor-version":[{"id":36982,"href":"https:\/\/tudomoveisbelem.com.br\/v19\/wp-json\/wp\/v2\/product\/36979\/revisions\/36982"}],"wp:attachment":[{"href":"https:\/\/tudomoveisbelem.com.br\/v19\/wp-json\/wp\/v2\/media?parent=36979"}],"wp:term":[{"taxonomy":"product_brand","embeddable":true,"href":"https:\/\/tudomoveisbelem.com.br\/v19\/wp-json\/wp\/v2\/product_brand?post=36979"},{"taxonomy":"product_cat","embeddable":true,"href":"https:\/\/tudomoveisbelem.com.br\/v19\/wp-json\/wp\/v2\/product_cat?post=36979"},{"taxonomy":"product_tag","embeddable":true,"href":"https:\/\/tudomoveisbelem.com.br\/v19\/wp-json\/wp\/v2\/product_tag?post=36979"}],"curies":[{"name":"wp","href":"https:\/\/api.w.org\/{rel}","templated":true}]}}