{"id":36919,"date":"2026-03-09T16:00:03","date_gmt":"2026-03-09T16:00:03","guid":{"rendered":"https:\/\/tudomoveisbelem.com.br\/v19\/?post_type=product&#038;p=36919"},"modified":"2026-03-30T17:10:48","modified_gmt":"2026-03-30T17:10:48","slug":"roupeiro-casal-100-mdf-com-espelho-6-portas-e-6-gavetas","status":"publish","type":"product","link":"https:\/\/tudomoveisbelem.com.br\/v19\/produto\/roupeiro-casal-100-mdf-com-espelho-6-portas-e-6-gavetas\/","title":{"rendered":"ROUPEIRO CASAL 100% MDF COM ESPELHO 6 PORTAS E 6 GAVETAS 10x de R$ 239,90."},"content":{"rendered":"<p>Por apenas 10x de R$ 239,90 sem juros no cart\u00e3o ou \u00e0 vista por R$ 2.399,00.<\/p>\n<p>Se voc\u00ea quer deixar seu quarto mais e arrumado com certeza precisa do Roupeiro Casal 100% MDF com Espelho 6 Portas e 6 Gavetas. Produzindo em 100% MDF garante durabilidade ao seu m\u00f3vel. Com 6 gavetas e 6 portas agrega um super espa\u00e7o para voc\u00ea organizar suas roupas e acess\u00f3rios do dia a dia. Possuindo corredi\u00e7as telesc\u00f3picas, cabideiro em alum\u00ednio e p\u00e9s em PVC traz qualidade e organiza\u00e7\u00e3o que voc\u00ea merece! Aproveite e adquira logo o seu!<\/p>\n<p>Diferenciais:<br \/>\n&#8211; 100% MDF;<br \/>\n&#8211; Puxadores ABS;<br \/>\n&#8211; Cabideiro em Alum\u00ednio;<br \/>\n&#8211; P\u00e9s em PVC;<br \/>\n&#8211; Corredi\u00e7as Telesc\u00f3picas.<\/p>\n<p>Dimens\u00f5es:<br \/>\nAltura: 2.06 M<br \/>\nLargura: 1.62 M<br \/>\nProfundidade: 0,47 CM<\/p>\n","protected":false},"excerpt":{"rendered":"<p>Por apenas 10x de R$ 239,90 sem juros no cart\u00e3o ou \u00e0 vista por R$ 2.399,00. Se voc\u00ea quer deixar seu quarto mais e arrumado com certeza precisa do Roupeiro Casal 100% MDF com Espelho 6 Portas e 6 Gavetas. Produzindo em 100% MDF garante durabilidade ao seu m\u00f3vel. Com 6 gavetas e 6 portas &hellip; <a href=\"https:\/\/tudomoveisbelem.com.br\/v19\/produto\/roupeiro-casal-100-mdf-com-espelho-6-portas-e-6-gavetas\/\" class=\"more-link\">Continue lendo<span class=\"screen-reader-text\"> &#8220;ROUPEIRO CASAL 100% MDF COM ESPELHO 6 PORTAS E 6 GAVETAS 10x de R$ 239,90.&#8221;<\/span><\/a><\/p>\n","protected":false},"featured_media":36921,"comment_status":"closed","ping_status":"closed","template":"","meta":[],"product_brand":[],"product_cat":[41],"product_tag":[],"class_list":{"0":"post-36919","1":"product","2":"type-product","3":"status-publish","4":"has-post-thumbnail","6":"product_cat-roupeiros","8":"first","9":"instock","10":"shipping-taxable","11":"product-type-simple"},"_links":{"self":[{"href":"https:\/\/tudomoveisbelem.com.br\/v19\/wp-json\/wp\/v2\/product\/36919","targetHints":{"allow":["GET"]}}],"collection":[{"href":"https:\/\/tudomoveisbelem.com.br\/v19\/wp-json\/wp\/v2\/product"}],"about":[{"href":"https:\/\/tudomoveisbelem.com.br\/v19\/wp-json\/wp\/v2\/types\/product"}],"replies":[{"embeddable":true,"href":"https:\/\/tudomoveisbelem.com.br\/v19\/wp-json\/wp\/v2\/comments?post=36919"}],"version-history":[{"count":2,"href":"https:\/\/tudomoveisbelem.com.br\/v19\/wp-json\/wp\/v2\/product\/36919\/revisions"}],"predecessor-version":[{"id":37169,"href":"https:\/\/tudomoveisbelem.com.br\/v19\/wp-json\/wp\/v2\/product\/36919\/revisions\/37169"}],"wp:featuredmedia":[{"embeddable":true,"href":"https:\/\/tudomoveisbelem.com.br\/v19\/wp-json\/wp\/v2\/media\/36921"}],"wp:attachment":[{"href":"https:\/\/tudomoveisbelem.com.br\/v19\/wp-json\/wp\/v2\/media?parent=36919"}],"wp:term":[{"taxonomy":"product_brand","embeddable":true,"href":"https:\/\/tudomoveisbelem.com.br\/v19\/wp-json\/wp\/v2\/product_brand?post=36919"},{"taxonomy":"product_cat","embeddable":true,"href":"https:\/\/tudomoveisbelem.com.br\/v19\/wp-json\/wp\/v2\/product_cat?post=36919"},{"taxonomy":"product_tag","embeddable":true,"href":"https:\/\/tudomoveisbelem.com.br\/v19\/wp-json\/wp\/v2\/product_tag?post=36919"}],"curies":[{"name":"wp","href":"https:\/\/api.w.org\/{rel}","templated":true}]}}