{"id":36695,"date":"2026-01-27T12:40:59","date_gmt":"2026-01-27T12:40:59","guid":{"rendered":"https:\/\/tudomoveisbelem.com.br\/v19\/?post_type=product&#038;p=36695"},"modified":"2026-01-27T12:40:59","modified_gmt":"2026-01-27T12:40:59","slug":"mesa-de-cabeceira-100-mdf-com-tela-sintetica","status":"publish","type":"product","link":"https:\/\/tudomoveisbelem.com.br\/v19\/produto\/mesa-de-cabeceira-100-mdf-com-tela-sintetica\/","title":{"rendered":"Mesa de Cabeceira 100% MDF com Tela Sint\u00e9tica"},"content":{"rendered":"<p>\ud83d\udd25 LAN\u00c7AMENTO EXCLUSIVO TUDO M\u00d3VEIS!<br \/>\nA nova Mesa de Cabeceira 100% MDF com Tela Sint\u00e9tica chegou para transformar o seu quarto com estilo, funcionalidade e acabamento premium! \ud83d\udecf\ufe0f\u2728<\/p>\n<p>\ud83c\udf1f Diferenciais que encantam:<br \/>\n\u2714\ufe0f 1 gaveta com corredi\u00e7a met\u00e1lica<br \/>\n\u2714\ufe0f Tela sint\u00e9tica com design moderno e elegante<br \/>\n\u2714\ufe0f Nicho funcional para organiza\u00e7\u00e3o inteligente<br \/>\n\u2714\ufe0f P\u00e9s palito em madeira Pinus \u2014 toque retr\u00f4 sofisticado<br \/>\n\u2714\ufe0f 100% MDF \u2014 resist\u00eancia e padr\u00e3o de alto acabamento<\/p>\n<p>\ud83d\udccf Dimens\u00f5es:<br \/>\nAltura: 65cm | Largura: 50cm | Profundidade: 37cm<\/p>\n<p>\ud83d\udcb0 Por apenas<span style=\"color: #ff0000;\"><strong> 10x de<\/strong> <strong>R$79,90<\/strong> <\/span>sem juros<br \/>\nou R$799,00 \u00e0 vista<\/p>\n<p>\ud83d\ude9a\ud83d\udca8 Entrega + montagem NO MESMO DIA \u2022 100% GR\u00c1TIS!<\/p>\n<p>\u2728 Beleza, qualidade e exclusividade para o seu lar.<\/p>\n","protected":false},"excerpt":{"rendered":"<p>\ud83d\udd25 LAN\u00c7AMENTO EXCLUSIVO TUDO M\u00d3VEIS! A nova Mesa de Cabeceira 100% MDF com Tela Sint\u00e9tica chegou para transformar o seu quarto com estilo, funcionalidade e acabamento premium! \ud83d\udecf\ufe0f\u2728 \ud83c\udf1f Diferenciais que encantam: \u2714\ufe0f 1 gaveta com corredi\u00e7a met\u00e1lica \u2714\ufe0f Tela sint\u00e9tica com design moderno e elegante \u2714\ufe0f Nicho funcional para organiza\u00e7\u00e3o inteligente \u2714\ufe0f P\u00e9s palito &hellip; <a href=\"https:\/\/tudomoveisbelem.com.br\/v19\/produto\/mesa-de-cabeceira-100-mdf-com-tela-sintetica\/\" class=\"more-link\">Continue lendo<span class=\"screen-reader-text\"> &#8220;Mesa de Cabeceira 100% MDF com Tela Sint\u00e9tica&#8221;<\/span><\/a><\/p>\n","protected":false},"featured_media":36696,"comment_status":"closed","ping_status":"closed","template":"","meta":[],"product_brand":[],"product_cat":[75,23,156],"product_tag":[],"class_list":{"0":"post-36695","1":"product","2":"type-product","3":"status-publish","4":"has-post-thumbnail","6":"product_cat-mesa-de-cabeceira","7":"product_cat-colchoes","8":"product_cat-new-colection","10":"first","11":"instock","12":"shipping-taxable","13":"product-type-simple"},"_links":{"self":[{"href":"https:\/\/tudomoveisbelem.com.br\/v19\/wp-json\/wp\/v2\/product\/36695","targetHints":{"allow":["GET"]}}],"collection":[{"href":"https:\/\/tudomoveisbelem.com.br\/v19\/wp-json\/wp\/v2\/product"}],"about":[{"href":"https:\/\/tudomoveisbelem.com.br\/v19\/wp-json\/wp\/v2\/types\/product"}],"replies":[{"embeddable":true,"href":"https:\/\/tudomoveisbelem.com.br\/v19\/wp-json\/wp\/v2\/comments?post=36695"}],"version-history":[{"count":1,"href":"https:\/\/tudomoveisbelem.com.br\/v19\/wp-json\/wp\/v2\/product\/36695\/revisions"}],"predecessor-version":[{"id":36699,"href":"https:\/\/tudomoveisbelem.com.br\/v19\/wp-json\/wp\/v2\/product\/36695\/revisions\/36699"}],"wp:featuredmedia":[{"embeddable":true,"href":"https:\/\/tudomoveisbelem.com.br\/v19\/wp-json\/wp\/v2\/media\/36696"}],"wp:attachment":[{"href":"https:\/\/tudomoveisbelem.com.br\/v19\/wp-json\/wp\/v2\/media?parent=36695"}],"wp:term":[{"taxonomy":"product_brand","embeddable":true,"href":"https:\/\/tudomoveisbelem.com.br\/v19\/wp-json\/wp\/v2\/product_brand?post=36695"},{"taxonomy":"product_cat","embeddable":true,"href":"https:\/\/tudomoveisbelem.com.br\/v19\/wp-json\/wp\/v2\/product_cat?post=36695"},{"taxonomy":"product_tag","embeddable":true,"href":"https:\/\/tudomoveisbelem.com.br\/v19\/wp-json\/wp\/v2\/product_tag?post=36695"}],"curies":[{"name":"wp","href":"https:\/\/api.w.org\/{rel}","templated":true}]}}