{"id":36428,"date":"2025-12-10T16:52:18","date_gmt":"2025-12-10T16:52:18","guid":{"rendered":"https:\/\/tudomoveisbelem.com.br\/v19\/?post_type=product&#038;p=36428"},"modified":"2026-01-20T19:41:29","modified_gmt":"2026-01-20T19:41:29","slug":"conjunto-de-jantar-em-madeira-macica-4-caderas-bordadas","status":"publish","type":"product","link":"https:\/\/tudomoveisbelem.com.br\/v19\/produto\/conjunto-de-jantar-em-madeira-macica-4-caderas-bordadas\/","title":{"rendered":"Conj. de Jantar com Estrutura em Madeira maci\u00e7a:  Mesa + 4 Cadeiras Bordadas"},"content":{"rendered":"<p>\ud83d\udd25 LAN\u00c7AMENTO EXCLUSIVO \u2013 CONJUNTO DE JANTAR EM MADEIRA MACI\u00c7A + 4 CADEIRAS BORDADAS \ud83d\udd25<\/p>\n<p>Eleg\u00e2ncia, resist\u00eancia e um toque de sofistica\u00e7\u00e3o para transformar sua sala de jantar! \ud83c\udf7d\ufe0f\u2728<\/p>\n<p>\ud83c\udf1f Diferenciais que encantam:<br \/>\n\u2714\ufe0f Estrutura 100% em madeira, garantindo durabilidade e impon\u00eancia<br \/>\n\u2714\ufe0f Pintura UV semi brilho \u2014 acabamento fino e resistente<br \/>\n\u2714\ufe0f Mesa com tampo madeirado + vidro curvo, unindo charme e modernidade<br \/>\n\u2714\ufe0f 4 p\u00e9s em madeira maci\u00e7a \u2014 firmeza e estabilidade<br \/>\n\u2714\ufe0f 4 cadeiras bordadas em tecido Linho<br \/>\n\u2714\ufe0f Assento e encosto estofados \u2014 conforto que impressiona em cada refei\u00e7\u00e3o<\/p>\n<p>\ud83d\udccf Dimens\u00f5es da Mesa:<br \/>\nAltura: 74 cm<br \/>\nLargura: 80 cm<br \/>\nComprimento: 120 cm<\/p>\n<p>\ud83d\udcb0 Por apenas <strong><span style=\"color: #ff0000;\">12x de R$316,59<\/span> <\/strong>sem juros<br \/>\n\ud83d\udcb3 Ou \u00e0 vista por R$3.799,00<\/p>\n<p>\ud83d\ude9a\u2728 Entrega e montagem no mesmo dia \u2014 100% GR\u00c1TIS!<\/p>\n<p>\ud83d\udcab O conjunto que eleva seu ambiente a outro n\u00edvel de beleza e exclusividade.<\/p>\n","protected":false},"excerpt":{"rendered":"<p>\ud83d\udd25 LAN\u00c7AMENTO EXCLUSIVO \u2013 CONJUNTO DE JANTAR EM MADEIRA MACI\u00c7A + 4 CADEIRAS BORDADAS \ud83d\udd25 Eleg\u00e2ncia, resist\u00eancia e um toque de sofistica\u00e7\u00e3o para transformar sua sala de jantar! \ud83c\udf7d\ufe0f\u2728 \ud83c\udf1f Diferenciais que encantam: \u2714\ufe0f Estrutura 100% em madeira, garantindo durabilidade e impon\u00eancia \u2714\ufe0f Pintura UV semi brilho \u2014 acabamento fino e resistente \u2714\ufe0f Mesa com &hellip; <a href=\"https:\/\/tudomoveisbelem.com.br\/v19\/produto\/conjunto-de-jantar-em-madeira-macica-4-caderas-bordadas\/\" class=\"more-link\">Continue lendo<span class=\"screen-reader-text\"> &#8220;Conj. de Jantar com Estrutura em Madeira maci\u00e7a:  Mesa + 4 Cadeiras Bordadas&#8221;<\/span><\/a><\/p>\n","protected":false},"featured_media":36429,"comment_status":"closed","ping_status":"closed","template":"","meta":[],"product_brand":[],"product_cat":[40,156],"product_tag":[],"class_list":{"0":"post-36428","1":"product","2":"type-product","3":"status-publish","4":"has-post-thumbnail","6":"product_cat-mesas","7":"product_cat-new-colection","9":"first","10":"instock","11":"shipping-taxable","12":"product-type-simple"},"_links":{"self":[{"href":"https:\/\/tudomoveisbelem.com.br\/v19\/wp-json\/wp\/v2\/product\/36428","targetHints":{"allow":["GET"]}}],"collection":[{"href":"https:\/\/tudomoveisbelem.com.br\/v19\/wp-json\/wp\/v2\/product"}],"about":[{"href":"https:\/\/tudomoveisbelem.com.br\/v19\/wp-json\/wp\/v2\/types\/product"}],"replies":[{"embeddable":true,"href":"https:\/\/tudomoveisbelem.com.br\/v19\/wp-json\/wp\/v2\/comments?post=36428"}],"version-history":[{"count":3,"href":"https:\/\/tudomoveisbelem.com.br\/v19\/wp-json\/wp\/v2\/product\/36428\/revisions"}],"predecessor-version":[{"id":36583,"href":"https:\/\/tudomoveisbelem.com.br\/v19\/wp-json\/wp\/v2\/product\/36428\/revisions\/36583"}],"wp:featuredmedia":[{"embeddable":true,"href":"https:\/\/tudomoveisbelem.com.br\/v19\/wp-json\/wp\/v2\/media\/36429"}],"wp:attachment":[{"href":"https:\/\/tudomoveisbelem.com.br\/v19\/wp-json\/wp\/v2\/media?parent=36428"}],"wp:term":[{"taxonomy":"product_brand","embeddable":true,"href":"https:\/\/tudomoveisbelem.com.br\/v19\/wp-json\/wp\/v2\/product_brand?post=36428"},{"taxonomy":"product_cat","embeddable":true,"href":"https:\/\/tudomoveisbelem.com.br\/v19\/wp-json\/wp\/v2\/product_cat?post=36428"},{"taxonomy":"product_tag","embeddable":true,"href":"https:\/\/tudomoveisbelem.com.br\/v19\/wp-json\/wp\/v2\/product_tag?post=36428"}],"curies":[{"name":"wp","href":"https:\/\/api.w.org\/{rel}","templated":true}]}}