{"id":36424,"date":"2025-12-10T16:44:53","date_gmt":"2025-12-10T16:44:53","guid":{"rendered":"https:\/\/tudomoveisbelem.com.br\/v19\/?post_type=product&#038;p=36424"},"modified":"2025-12-10T18:27:43","modified_gmt":"2025-12-10T18:27:43","slug":"conjunto-de-jantar-mesa-6-cadeiras-bordadas","status":"publish","type":"product","link":"https:\/\/tudomoveisbelem.com.br\/v19\/produto\/conjunto-de-jantar-mesa-6-cadeiras-bordadas\/","title":{"rendered":"Conjunto de Jantar Mesa + 6 Cadeiras Bordadas."},"content":{"rendered":"<p>\ud83d\udd25 LAN\u00c7AMENTO EXCLUSIVO \u2013 CONJ. DE JANTAR MESA + 6 CADEIRAS BORDADAS \ud83d\udd25<\/p>\n<p>Eleg\u00e2ncia, conforto e qualidade reunidos em um \u00fanico conjunto para transformar sua sala de jantar! \u2728\ud83c\udf7d\ufe0f<\/p>\n<p>\ud83c\udf1f Diferenciais que impressionam:<br \/>\n\u2714\ufe0f Mesa retangular \u2014 perfeita para refei\u00e7\u00f5es confort\u00e1veis<br \/>\n\u2714\ufe0f Tampo em MDF com vidro temperado, bordas chanfradas e arredondadas com toque aveludado<br \/>\n\u2714\ufe0f Base em MDF com sapatas deslizadoras que protegem o piso<br \/>\n\u2714\ufe0f 6 cadeiras bordadas, robustas e super elegantes<br \/>\n\u2714\ufe0f Estrutura em MDF com p\u00e9s refor\u00e7ados<br \/>\n\u2714\ufe0f Assentos com espuma D-20 e encostos D-18 \u2014 conforto garantido<br \/>\n\u2714\ufe0f Tecidos premium: Veludo, Linho<br \/>\n\u2714\ufe0f Design ergon\u00f4mico com costuras minimalistas<br \/>\n\u2714\ufe0f Cada cadeira suporta at\u00e9 100kg<\/p>\n<div>\n<div>\n<p>DIMENS\u00d5ES:<br \/>\nAltura: 78 cm<br \/>\nLargura: 90 cm<br \/>\nComprimento: 1,70 m<\/p>\n<\/div>\n<\/div>\n<p>\ud83d\udcb0 Por apenas<strong><span style=\"color: #ff0000;\"> 12x de R$333,25<\/span><\/strong> sem juros<br \/>\n\ud83d\udcb3 Ou \u00e0 vista por R$3.999,00<\/p>\n<p>\ud83d\ude9a\u2728 Entrega e montagem no mesmo dia \u2014 100% gr\u00e1tis!<\/p>\n<p>\ud83d\udcab O conjunto perfeito para quem busca requinte e conforto em cada detalhe!<\/p>\n","protected":false},"excerpt":{"rendered":"<p>\ud83d\udd25 LAN\u00c7AMENTO EXCLUSIVO \u2013 CONJ. DE JANTAR MESA + 6 CADEIRAS BORDADAS \ud83d\udd25 Eleg\u00e2ncia, conforto e qualidade reunidos em um \u00fanico conjunto para transformar sua sala de jantar! \u2728\ud83c\udf7d\ufe0f \ud83c\udf1f Diferenciais que impressionam: \u2714\ufe0f Mesa retangular \u2014 perfeita para refei\u00e7\u00f5es confort\u00e1veis \u2714\ufe0f Tampo em MDF com vidro temperado, bordas chanfradas e arredondadas com toque aveludado &hellip; <a href=\"https:\/\/tudomoveisbelem.com.br\/v19\/produto\/conjunto-de-jantar-mesa-6-cadeiras-bordadas\/\" class=\"more-link\">Continue lendo<span class=\"screen-reader-text\"> &#8220;Conjunto de Jantar Mesa + 6 Cadeiras Bordadas.&#8221;<\/span><\/a><\/p>\n","protected":false},"featured_media":36425,"comment_status":"closed","ping_status":"closed","template":"","meta":[],"product_brand":[],"product_cat":[40,156],"product_tag":[],"class_list":{"0":"post-36424","1":"product","2":"type-product","3":"status-publish","4":"has-post-thumbnail","6":"product_cat-mesas","7":"product_cat-new-colection","9":"first","10":"instock","11":"shipping-taxable","12":"product-type-simple"},"_links":{"self":[{"href":"https:\/\/tudomoveisbelem.com.br\/v19\/wp-json\/wp\/v2\/product\/36424","targetHints":{"allow":["GET"]}}],"collection":[{"href":"https:\/\/tudomoveisbelem.com.br\/v19\/wp-json\/wp\/v2\/product"}],"about":[{"href":"https:\/\/tudomoveisbelem.com.br\/v19\/wp-json\/wp\/v2\/types\/product"}],"replies":[{"embeddable":true,"href":"https:\/\/tudomoveisbelem.com.br\/v19\/wp-json\/wp\/v2\/comments?post=36424"}],"version-history":[{"count":3,"href":"https:\/\/tudomoveisbelem.com.br\/v19\/wp-json\/wp\/v2\/product\/36424\/revisions"}],"predecessor-version":[{"id":36435,"href":"https:\/\/tudomoveisbelem.com.br\/v19\/wp-json\/wp\/v2\/product\/36424\/revisions\/36435"}],"wp:featuredmedia":[{"embeddable":true,"href":"https:\/\/tudomoveisbelem.com.br\/v19\/wp-json\/wp\/v2\/media\/36425"}],"wp:attachment":[{"href":"https:\/\/tudomoveisbelem.com.br\/v19\/wp-json\/wp\/v2\/media?parent=36424"}],"wp:term":[{"taxonomy":"product_brand","embeddable":true,"href":"https:\/\/tudomoveisbelem.com.br\/v19\/wp-json\/wp\/v2\/product_brand?post=36424"},{"taxonomy":"product_cat","embeddable":true,"href":"https:\/\/tudomoveisbelem.com.br\/v19\/wp-json\/wp\/v2\/product_cat?post=36424"},{"taxonomy":"product_tag","embeddable":true,"href":"https:\/\/tudomoveisbelem.com.br\/v19\/wp-json\/wp\/v2\/product_tag?post=36424"}],"curies":[{"name":"wp","href":"https:\/\/api.w.org\/{rel}","templated":true}]}}