{"id":36281,"date":"2025-12-02T17:03:11","date_gmt":"2025-12-02T17:03:11","guid":{"rendered":"https:\/\/tudomoveisbelem.com.br\/v19\/?post_type=product&#038;p=36281"},"modified":"2026-03-09T23:56:09","modified_gmt":"2026-03-09T23:56:09","slug":"roupeiro-casal-8-portas-e-espelho-central","status":"publish","type":"product","link":"https:\/\/tudomoveisbelem.com.br\/v19\/produto\/roupeiro-casal-8-portas-e-espelho-central\/","title":{"rendered":"Roupeiro Casal 8 Portas e Espelho Central."},"content":{"rendered":"<p>ROUPEIRO CASAL 8 PORTAS COM ESPELHO CENTRAL<\/p>\n<p>Mais espa\u00e7o, mais organiza\u00e7\u00e3o e muito mais eleg\u00e2ncia no seu quarto! Um roupeiro completo, robusto e pensado para quem precisa de praticidade sem abrir m\u00e3o do visual moderno.<\/p>\n<p>Diferenciais que impressionam:<br \/>\n8 portas de bater com dobradi\u00e7as met\u00e1licas<br \/>\n4 gavetas internas amplas com corredi\u00e7as telesc\u00f3picas \u2013 abertura suave e dur\u00e1vel<br \/>\nEspelho central integrado \u2013 amplitude e charme imediato ao ambiente<br \/>\nMaleiro individual para m\u00e1xima funcionalidade<br \/>\nCabideiros em PVC\/alum\u00ednio \u2013 resist\u00eancia para o dia a dia<br \/>\nEspa\u00e7o especial para roupas longas e sapatos<br \/>\n6 prateleiras internas + 12 nichos para organiza\u00e7\u00e3o total<br \/>\nPossui p\u00e9s, deixando o m\u00f3vel mais elegante e facilitando a limpeza<\/p>\n<p>Medidas:<br \/>\n\u2022 Altura: 205 cm<br \/>\n\u2022 Largura: 236 cm<br \/>\n\u2022 Profundidade: 47 cm<\/p>\n<p>Por apenas 12x de R$ 249,92 sem juros no cart\u00e3o ou \u00e0 vista por R$ 2.999,00.<\/p>\n<p>Entrega e montagem no mesmo dia \u2014 100% gr\u00e1tis!<\/p>\n<p>Um guarda-roupa imponente para transformar seu quarto com estilo, espa\u00e7o e funcionalidade!<\/p>\n","protected":false},"excerpt":{"rendered":"<p>ROUPEIRO CASAL 8 PORTAS COM ESPELHO CENTRAL Mais espa\u00e7o, mais organiza\u00e7\u00e3o e muito mais eleg\u00e2ncia no seu quarto! Um roupeiro completo, robusto e pensado para quem precisa de praticidade sem abrir m\u00e3o do visual moderno. Diferenciais que impressionam: 8 portas de bater com dobradi\u00e7as met\u00e1licas 4 gavetas internas amplas com corredi\u00e7as telesc\u00f3picas \u2013 abertura suave &hellip; <a href=\"https:\/\/tudomoveisbelem.com.br\/v19\/produto\/roupeiro-casal-8-portas-e-espelho-central\/\" class=\"more-link\">Continue lendo<span class=\"screen-reader-text\"> &#8220;Roupeiro Casal 8 Portas e Espelho Central.&#8221;<\/span><\/a><\/p>\n","protected":false},"featured_media":36282,"comment_status":"closed","ping_status":"closed","template":"","meta":[],"product_brand":[],"product_cat":[42,156,41,82],"product_tag":[],"class_list":{"0":"post-36281","1":"product","2":"type-product","3":"status-publish","4":"has-post-thumbnail","6":"product_cat-moveis-de-quarto","7":"product_cat-new-colection","8":"product_cat-roupeiros","9":"product_cat-tudo-de-quarto","11":"first","12":"instock","13":"shipping-taxable","14":"product-type-simple"},"_links":{"self":[{"href":"https:\/\/tudomoveisbelem.com.br\/v19\/wp-json\/wp\/v2\/product\/36281","targetHints":{"allow":["GET"]}}],"collection":[{"href":"https:\/\/tudomoveisbelem.com.br\/v19\/wp-json\/wp\/v2\/product"}],"about":[{"href":"https:\/\/tudomoveisbelem.com.br\/v19\/wp-json\/wp\/v2\/types\/product"}],"replies":[{"embeddable":true,"href":"https:\/\/tudomoveisbelem.com.br\/v19\/wp-json\/wp\/v2\/comments?post=36281"}],"version-history":[{"count":2,"href":"https:\/\/tudomoveisbelem.com.br\/v19\/wp-json\/wp\/v2\/product\/36281\/revisions"}],"predecessor-version":[{"id":36958,"href":"https:\/\/tudomoveisbelem.com.br\/v19\/wp-json\/wp\/v2\/product\/36281\/revisions\/36958"}],"wp:featuredmedia":[{"embeddable":true,"href":"https:\/\/tudomoveisbelem.com.br\/v19\/wp-json\/wp\/v2\/media\/36282"}],"wp:attachment":[{"href":"https:\/\/tudomoveisbelem.com.br\/v19\/wp-json\/wp\/v2\/media?parent=36281"}],"wp:term":[{"taxonomy":"product_brand","embeddable":true,"href":"https:\/\/tudomoveisbelem.com.br\/v19\/wp-json\/wp\/v2\/product_brand?post=36281"},{"taxonomy":"product_cat","embeddable":true,"href":"https:\/\/tudomoveisbelem.com.br\/v19\/wp-json\/wp\/v2\/product_cat?post=36281"},{"taxonomy":"product_tag","embeddable":true,"href":"https:\/\/tudomoveisbelem.com.br\/v19\/wp-json\/wp\/v2\/product_tag?post=36281"}],"curies":[{"name":"wp","href":"https:\/\/api.w.org\/{rel}","templated":true}]}}