{"id":36277,"date":"2025-12-02T16:46:56","date_gmt":"2025-12-02T16:46:56","guid":{"rendered":"https:\/\/tudomoveisbelem.com.br\/v19\/?post_type=product&#038;p=36277"},"modified":"2026-03-13T14:58:09","modified_gmt":"2026-03-13T14:58:09","slug":"roupeiro-casal-3-portas-sendo-1-com-espelho-100-mdf","status":"publish","type":"product","link":"https:\/\/tudomoveisbelem.com.br\/v19\/produto\/roupeiro-casal-3-portas-sendo-1-com-espelho-100-mdf\/","title":{"rendered":"Roupeiro Casal Grande 3 Portas sendo 1 com Espelho -100% MDF. 2,30 M 12x de R$ 399,92"},"content":{"rendered":"<p>LAN\u00c7AMENTO EXCLUSIVO \u2013 ROUPEIRO CASAL 3 PORTAS (1 COM ESPELHO) 100% MDF<\/p>\n<p>Eleg\u00e2ncia, funcionalidade e resist\u00eancia reunidas em um \u00fanico m\u00f3vel! Este roupeiro \u00e9 perfeito para quem busca organiza\u00e7\u00e3o inteligente com visual moderno e sofisticado. \ud83d\udecf\ufe0f\u2728<\/p>\n<p>Diferenciais que encantam:<br \/>\n100% MDF \u2013 acabamento premium e durabilidade real<br \/>\n3 portas de correr, sendo 1 com espelho inteiri\u00e7o peliculado \u2014 amplitude e charme instant\u00e2neo<br \/>\nDesign atual com porta central com espelho<br \/>\n3 gavetas internas com corredi\u00e7as telesc\u00f3picas \u2013 deslizamento suave<br \/>\nCabideiros em alum\u00ednio \u2013 resist\u00eancia e organiza\u00e7\u00e3o de verdade<\/p>\n<p>Medidas:<br \/>\n\u2022 Altura: 230 cm<br \/>\n\u2022 Largura: 230 cm<br \/>\n\u2022 Profundidade: 52 cm<\/p>\n<p>Por apenas 12x de R$ 399,92 sem juros no cart\u00e3o ou \u00e0 vista por R$ 4.799,00<\/p>\n<p>Entrega e montagem no mesmo dia \u2014 100% gr\u00e1tis!<\/p>\n<p>\u26a1 Transforme seu quarto com impon\u00eancia, beleza e funcionalidade em cada detalhe!<\/p>\n","protected":false},"excerpt":{"rendered":"<p>LAN\u00c7AMENTO EXCLUSIVO \u2013 ROUPEIRO CASAL 3 PORTAS (1 COM ESPELHO) 100% MDF Eleg\u00e2ncia, funcionalidade e resist\u00eancia reunidas em um \u00fanico m\u00f3vel! Este roupeiro \u00e9 perfeito para quem busca organiza\u00e7\u00e3o inteligente com visual moderno e sofisticado. \ud83d\udecf\ufe0f\u2728 Diferenciais que encantam: 100% MDF \u2013 acabamento premium e durabilidade real 3 portas de correr, sendo 1 com espelho &hellip; <a href=\"https:\/\/tudomoveisbelem.com.br\/v19\/produto\/roupeiro-casal-3-portas-sendo-1-com-espelho-100-mdf\/\" class=\"more-link\">Continue lendo<span class=\"screen-reader-text\"> &#8220;Roupeiro Casal Grande 3 Portas sendo 1 com Espelho -100% MDF. 2,30 M 12x de R$ 399,92&#8221;<\/span><\/a><\/p>\n","protected":false},"featured_media":36279,"comment_status":"closed","ping_status":"closed","template":"","meta":[],"product_brand":[],"product_cat":[42,156,41,82],"product_tag":[],"class_list":{"0":"post-36277","1":"product","2":"type-product","3":"status-publish","4":"has-post-thumbnail","6":"product_cat-moveis-de-quarto","7":"product_cat-new-colection","8":"product_cat-roupeiros","9":"product_cat-tudo-de-quarto","11":"first","12":"instock","13":"shipping-taxable","14":"product-type-simple"},"_links":{"self":[{"href":"https:\/\/tudomoveisbelem.com.br\/v19\/wp-json\/wp\/v2\/product\/36277","targetHints":{"allow":["GET"]}}],"collection":[{"href":"https:\/\/tudomoveisbelem.com.br\/v19\/wp-json\/wp\/v2\/product"}],"about":[{"href":"https:\/\/tudomoveisbelem.com.br\/v19\/wp-json\/wp\/v2\/types\/product"}],"replies":[{"embeddable":true,"href":"https:\/\/tudomoveisbelem.com.br\/v19\/wp-json\/wp\/v2\/comments?post=36277"}],"version-history":[{"count":4,"href":"https:\/\/tudomoveisbelem.com.br\/v19\/wp-json\/wp\/v2\/product\/36277\/revisions"}],"predecessor-version":[{"id":37053,"href":"https:\/\/tudomoveisbelem.com.br\/v19\/wp-json\/wp\/v2\/product\/36277\/revisions\/37053"}],"wp:featuredmedia":[{"embeddable":true,"href":"https:\/\/tudomoveisbelem.com.br\/v19\/wp-json\/wp\/v2\/media\/36279"}],"wp:attachment":[{"href":"https:\/\/tudomoveisbelem.com.br\/v19\/wp-json\/wp\/v2\/media?parent=36277"}],"wp:term":[{"taxonomy":"product_brand","embeddable":true,"href":"https:\/\/tudomoveisbelem.com.br\/v19\/wp-json\/wp\/v2\/product_brand?post=36277"},{"taxonomy":"product_cat","embeddable":true,"href":"https:\/\/tudomoveisbelem.com.br\/v19\/wp-json\/wp\/v2\/product_cat?post=36277"},{"taxonomy":"product_tag","embeddable":true,"href":"https:\/\/tudomoveisbelem.com.br\/v19\/wp-json\/wp\/v2\/product_tag?post=36277"}],"curies":[{"name":"wp","href":"https:\/\/api.w.org\/{rel}","templated":true}]}}