{"id":36259,"date":"2025-12-01T18:18:49","date_gmt":"2025-12-01T18:18:49","guid":{"rendered":"https:\/\/tudomoveisbelem.com.br\/v19\/?post_type=product&#038;p=36259"},"modified":"2026-03-30T16:16:52","modified_gmt":"2026-03-30T16:16:52","slug":"sofa-retratil-e-reclinavel-com-pillowtop","status":"publish","type":"product","link":"https:\/\/tudomoveisbelem.com.br\/v19\/produto\/sofa-retratil-e-reclinavel-com-pillowtop\/","title":{"rendered":"Sof\u00e1 Retr\u00e1til e Reclin\u00e1vel com Pillowtop 12x de R$308,25."},"content":{"rendered":"<p>\ud83d\udea8\u2728SOF\u00c1 RETR\u00c1TIL E RECLIN\u00c1VEL COM PILLOWTOP! \u2728\ud83d\udea8<\/p>\n<p>Um modelo completo, moderno e com acabamento impec\u00e1vel \u2014 perfeito para quem exige sofistica\u00e7\u00e3o sem abrir m\u00e3o da maciez. \ud83d\udecb\ufe0f\ud83d\udc9b<\/p>\n<p>\ud83c\udf1f Diferenciais:<\/p>\n<p>\u2714\ufe0f Pillowtop nos assentos \u2013 conforto que abra\u00e7a<br \/>\n\u2714\ufe0f Pillowtop nos bra\u00e7os \u2013 toque macio e refinado<br \/>\n\u2714\ufe0f Retr\u00e1til e reclin\u00e1vel \u2013 relaxamento total<br \/>\n\u2714\ufe0f 4 lugares \u2013 amplo e aconchegante<br \/>\n\u2714\ufe0f Encosto e assento em fibra siliconada \u2013 leve, macio e dur\u00e1vel<br \/>\n\u2714\ufe0f Carregamento USB \u2013 praticidade m\u00e1xima \ud83d\udd0c<br \/>\n\u2714\ufe0f 2 almofadas rolete de brinde \u2013 exclusividade extra<br \/>\n\u2714\ufe0f Rodas de silicone \u2013 mobilidade sem esfor\u00e7o<\/p>\n<p>Dimens\u00f5es: LAR.: 2,20m | ALT.: 0,88m | PROF.: 0,91m<\/p>\n<p>\ud83d\udcb0 De <del>R$ 4.600,00<\/del><br \/>\n\ud83d\udd25 Por apenas <span style=\"color: #ff0000;\"><strong>12x de R$308,25<\/strong><\/span> sem juros<br \/>\n\ud83d\udcb3 Ou \u00e0 vista por R$ 3.699,00<\/p>\n<p>\u2728 Garanta o seu agora \u2014 o conforto que voc\u00ea esperava acabou de chegar!<\/p>\n","protected":false},"excerpt":{"rendered":"<p>\ud83d\udea8\u2728SOF\u00c1 RETR\u00c1TIL E RECLIN\u00c1VEL COM PILLOWTOP! \u2728\ud83d\udea8 Um modelo completo, moderno e com acabamento impec\u00e1vel \u2014 perfeito para quem exige sofistica\u00e7\u00e3o sem abrir m\u00e3o da maciez. \ud83d\udecb\ufe0f\ud83d\udc9b \ud83c\udf1f Diferenciais: \u2714\ufe0f Pillowtop nos assentos \u2013 conforto que abra\u00e7a \u2714\ufe0f Pillowtop nos bra\u00e7os \u2013 toque macio e refinado \u2714\ufe0f Retr\u00e1til e reclin\u00e1vel \u2013 relaxamento total \u2714\ufe0f 4 &hellip; <a href=\"https:\/\/tudomoveisbelem.com.br\/v19\/produto\/sofa-retratil-e-reclinavel-com-pillowtop\/\" class=\"more-link\">Continue lendo<span class=\"screen-reader-text\"> &#8220;Sof\u00e1 Retr\u00e1til e Reclin\u00e1vel com Pillowtop 12x de R$308,25.&#8221;<\/span><\/a><\/p>\n","protected":false},"featured_media":36262,"comment_status":"closed","ping_status":"closed","template":"","meta":[],"product_brand":[],"product_cat":[156,30],"product_tag":[],"class_list":{"0":"post-36259","1":"product","2":"type-product","3":"status-publish","4":"has-post-thumbnail","6":"product_cat-new-colection","7":"product_cat-sofas","9":"first","10":"instock","11":"shipping-taxable","12":"product-type-simple"},"_links":{"self":[{"href":"https:\/\/tudomoveisbelem.com.br\/v19\/wp-json\/wp\/v2\/product\/36259","targetHints":{"allow":["GET"]}}],"collection":[{"href":"https:\/\/tudomoveisbelem.com.br\/v19\/wp-json\/wp\/v2\/product"}],"about":[{"href":"https:\/\/tudomoveisbelem.com.br\/v19\/wp-json\/wp\/v2\/types\/product"}],"replies":[{"embeddable":true,"href":"https:\/\/tudomoveisbelem.com.br\/v19\/wp-json\/wp\/v2\/comments?post=36259"}],"version-history":[{"count":5,"href":"https:\/\/tudomoveisbelem.com.br\/v19\/wp-json\/wp\/v2\/product\/36259\/revisions"}],"predecessor-version":[{"id":37153,"href":"https:\/\/tudomoveisbelem.com.br\/v19\/wp-json\/wp\/v2\/product\/36259\/revisions\/37153"}],"wp:featuredmedia":[{"embeddable":true,"href":"https:\/\/tudomoveisbelem.com.br\/v19\/wp-json\/wp\/v2\/media\/36262"}],"wp:attachment":[{"href":"https:\/\/tudomoveisbelem.com.br\/v19\/wp-json\/wp\/v2\/media?parent=36259"}],"wp:term":[{"taxonomy":"product_brand","embeddable":true,"href":"https:\/\/tudomoveisbelem.com.br\/v19\/wp-json\/wp\/v2\/product_brand?post=36259"},{"taxonomy":"product_cat","embeddable":true,"href":"https:\/\/tudomoveisbelem.com.br\/v19\/wp-json\/wp\/v2\/product_cat?post=36259"},{"taxonomy":"product_tag","embeddable":true,"href":"https:\/\/tudomoveisbelem.com.br\/v19\/wp-json\/wp\/v2\/product_tag?post=36259"}],"curies":[{"name":"wp","href":"https:\/\/api.w.org\/{rel}","templated":true}]}}