{"id":36246,"date":"2025-11-29T23:43:34","date_gmt":"2025-11-29T23:43:34","guid":{"rendered":"https:\/\/tudomoveisbelem.com.br\/v19\/?post_type=product&#038;p=36246"},"modified":"2025-11-29T23:43:34","modified_gmt":"2025-11-29T23:43:34","slug":"mesa-de-centro-fr-grande-porte-com-pes-em-aco-dourado","status":"publish","type":"product","link":"https:\/\/tudomoveisbelem.com.br\/v19\/produto\/mesa-de-centro-fr-grande-porte-com-pes-em-aco-dourado\/","title":{"rendered":"Mesa de Centro fr Grande Porte com P\u00e9s em A\u00e7o Dourado"},"content":{"rendered":"<p>\ud83d\udea8\u2728 LAN\u00c7AMENTO EXCLUSIVO! \u2728\ud83d\udea8<br \/>\n\ud83d\udc8e MESA DE CENTRO DE GRANDE PORTE COM P\u00c9S EM A\u00c7O DOURADO<\/p>\n<p>Uma pe\u00e7a imponente que leva eleg\u00e2ncia e presen\u00e7a imediata ao seu ambiente! Design contempor\u00e2neo com curvas org\u00e2nicas e acabamento premium \u2014 o toque de luxo que a sua sala merece. \u2728\ud83d\udecb\ufe0f<\/p>\n<p>\ud83d\udd25 Diferenciais que encantam:<br \/>\n\u2714\ufe0f Formas org\u00e2nicas e cantos arredondados \u2014 visual moderno e sofisticado<br \/>\n\u2714\ufe0f Laterais com filetes decorativos<br \/>\n\u2714\ufe0f P\u00e9s de a\u00e7o maci\u00e7o 3\/8 com acabamento dourado \u2014 resist\u00eancia e requinte na medida certa<\/p>\n<p>\ud83d\udccf Medidas:<br \/>\n1320 mm (L) x 310 mm (A) x 660 mm (P)<\/p>\n<p>\ud83d\udcb0 Por apenas:<br \/>\n<span style=\"color: #ff0000;\"><strong>12x de R$ 83,25<\/strong> <\/span>sem juros<br \/>\nou R$ 999,00 \u00e0 vista<\/p>\n<p>\ud83d\ude9a\ud83d\udee0\ufe0f ENTREGA E MONTAGEM NO MESMO DIA \u2022 100% GR\u00c1TIS!<\/p>\n<p>\u2728 O detalhe que transforma o ambiente em pura sofistica\u00e7\u00e3o.<\/p>\n","protected":false},"excerpt":{"rendered":"<p>\ud83d\udea8\u2728 LAN\u00c7AMENTO EXCLUSIVO! \u2728\ud83d\udea8 \ud83d\udc8e MESA DE CENTRO DE GRANDE PORTE COM P\u00c9S EM A\u00c7O DOURADO Uma pe\u00e7a imponente que leva eleg\u00e2ncia e presen\u00e7a imediata ao seu ambiente! Design contempor\u00e2neo com curvas org\u00e2nicas e acabamento premium \u2014 o toque de luxo que a sua sala merece. \u2728\ud83d\udecb\ufe0f \ud83d\udd25 Diferenciais que encantam: \u2714\ufe0f Formas org\u00e2nicas e &hellip; <a href=\"https:\/\/tudomoveisbelem.com.br\/v19\/produto\/mesa-de-centro-fr-grande-porte-com-pes-em-aco-dourado\/\" class=\"more-link\">Continue lendo<span class=\"screen-reader-text\"> &#8220;Mesa de Centro fr Grande Porte com P\u00e9s em A\u00e7o Dourado&#8221;<\/span><\/a><\/p>\n","protected":false},"featured_media":36248,"comment_status":"closed","ping_status":"closed","template":"","meta":[],"product_brand":[],"product_cat":[46,156],"product_tag":[],"class_list":{"0":"post-36246","1":"product","2":"type-product","3":"status-publish","4":"has-post-thumbnail","6":"product_cat-mesa-de-centro","7":"product_cat-new-colection","9":"first","10":"instock","11":"shipping-taxable","12":"product-type-simple"},"_links":{"self":[{"href":"https:\/\/tudomoveisbelem.com.br\/v19\/wp-json\/wp\/v2\/product\/36246","targetHints":{"allow":["GET"]}}],"collection":[{"href":"https:\/\/tudomoveisbelem.com.br\/v19\/wp-json\/wp\/v2\/product"}],"about":[{"href":"https:\/\/tudomoveisbelem.com.br\/v19\/wp-json\/wp\/v2\/types\/product"}],"replies":[{"embeddable":true,"href":"https:\/\/tudomoveisbelem.com.br\/v19\/wp-json\/wp\/v2\/comments?post=36246"}],"version-history":[{"count":1,"href":"https:\/\/tudomoveisbelem.com.br\/v19\/wp-json\/wp\/v2\/product\/36246\/revisions"}],"predecessor-version":[{"id":36250,"href":"https:\/\/tudomoveisbelem.com.br\/v19\/wp-json\/wp\/v2\/product\/36246\/revisions\/36250"}],"wp:featuredmedia":[{"embeddable":true,"href":"https:\/\/tudomoveisbelem.com.br\/v19\/wp-json\/wp\/v2\/media\/36248"}],"wp:attachment":[{"href":"https:\/\/tudomoveisbelem.com.br\/v19\/wp-json\/wp\/v2\/media?parent=36246"}],"wp:term":[{"taxonomy":"product_brand","embeddable":true,"href":"https:\/\/tudomoveisbelem.com.br\/v19\/wp-json\/wp\/v2\/product_brand?post=36246"},{"taxonomy":"product_cat","embeddable":true,"href":"https:\/\/tudomoveisbelem.com.br\/v19\/wp-json\/wp\/v2\/product_cat?post=36246"},{"taxonomy":"product_tag","embeddable":true,"href":"https:\/\/tudomoveisbelem.com.br\/v19\/wp-json\/wp\/v2\/product_tag?post=36246"}],"curies":[{"name":"wp","href":"https:\/\/api.w.org\/{rel}","templated":true}]}}