{"id":36229,"date":"2025-11-29T23:30:16","date_gmt":"2025-11-29T23:30:16","guid":{"rendered":"https:\/\/tudomoveisbelem.com.br\/v19\/?post_type=product&#038;p=36229"},"modified":"2025-11-29T23:30:16","modified_gmt":"2025-11-29T23:30:16","slug":"aparador-sofisticado-em-100-mdf-com-pes-em-aco-dourado","status":"publish","type":"product","link":"https:\/\/tudomoveisbelem.com.br\/v19\/produto\/aparador-sofisticado-em-100-mdf-com-pes-em-aco-dourado\/","title":{"rendered":"Aparador Sofisticado em 100% MDF com P\u00e9s em A\u00e7o Dourado"},"content":{"rendered":"<p>\ud83d\udea8\u2728 LAN\u00c7AMENTO EXCLUSIVO! \u2728\ud83d\udea8<br \/>\n\ud83d\udc8e APARADOR SOFISTICADO EM 100% MDF COM P\u00c9S EM A\u00c7O DOURADO<\/p>\n<p>Um m\u00f3vel de presen\u00e7a marcante, criado para destacar qualquer ambiente com eleg\u00e2ncia, brilho e acabamento de alt\u00edssimo padr\u00e3o. \u2728\ud83c\udfe1<\/p>\n<p>\ud83d\udd25 Diferenciais que valorizam o design:<br \/>\n\u2714\ufe0f Produzido em 100% MDF \u2014 resist\u00eancia e acabamento impec\u00e1vel<br \/>\n\u2714\ufe0f Tampo superior usinado com vidro 6 mm embutido \u2014 luxo que salta aos olhos<br \/>\n\u2714\ufe0f Prateleiras amplas \u2014 perfeitas para decorar com estilo<br \/>\n\u2714\ufe0f P\u00e9s em a\u00e7o maci\u00e7o 3\/8 com acabamento dourado \u2014 estabilidade + sofistica\u00e7\u00e3o \ud83d\udc9b<\/p>\n<p>MEDIDAS: Alt.: 79 m | Larg.: 1.35 m | Prof.: 35 cm<\/p>\n<p>\ud83d\udcb0 Por apenas:<br \/>\n<span style=\"color: #ff0000;\"><strong>12x de R$116,59<\/strong><\/span> sem juros<br \/>\nou R$1.399,00 \u00e0 vista<\/p>\n<p>\ud83d\ude9a\ud83d\udee0\ufe0f ENTREGA E MONTAGEM NO MESMO DIA \u2014 100% GR\u00c1TIS!<\/p>\n<p>\u2728 Beleza que transforma qualquer espa\u00e7o em destaque absoluto!<\/p>\n","protected":false},"excerpt":{"rendered":"<p>\ud83d\udea8\u2728 LAN\u00c7AMENTO EXCLUSIVO! \u2728\ud83d\udea8 \ud83d\udc8e APARADOR SOFISTICADO EM 100% MDF COM P\u00c9S EM A\u00c7O DOURADO Um m\u00f3vel de presen\u00e7a marcante, criado para destacar qualquer ambiente com eleg\u00e2ncia, brilho e acabamento de alt\u00edssimo padr\u00e3o. \u2728\ud83c\udfe1 \ud83d\udd25 Diferenciais que valorizam o design: \u2714\ufe0f Produzido em 100% MDF \u2014 resist\u00eancia e acabamento impec\u00e1vel \u2714\ufe0f Tampo superior usinado com &hellip; <a href=\"https:\/\/tudomoveisbelem.com.br\/v19\/produto\/aparador-sofisticado-em-100-mdf-com-pes-em-aco-dourado\/\" class=\"more-link\">Continue lendo<span class=\"screen-reader-text\"> &#8220;Aparador Sofisticado em 100% MDF com P\u00e9s em A\u00e7o Dourado&#8221;<\/span><\/a><\/p>\n","protected":false},"featured_media":36231,"comment_status":"closed","ping_status":"closed","template":"","meta":[],"product_brand":[],"product_cat":[47,29,156],"product_tag":[],"class_list":{"0":"post-36229","1":"product","2":"type-product","3":"status-publish","4":"has-post-thumbnail","6":"product_cat-aparadores","7":"product_cat-sala","8":"product_cat-new-colection","10":"first","11":"instock","12":"shipping-taxable","13":"product-type-simple"},"_links":{"self":[{"href":"https:\/\/tudomoveisbelem.com.br\/v19\/wp-json\/wp\/v2\/product\/36229","targetHints":{"allow":["GET"]}}],"collection":[{"href":"https:\/\/tudomoveisbelem.com.br\/v19\/wp-json\/wp\/v2\/product"}],"about":[{"href":"https:\/\/tudomoveisbelem.com.br\/v19\/wp-json\/wp\/v2\/types\/product"}],"replies":[{"embeddable":true,"href":"https:\/\/tudomoveisbelem.com.br\/v19\/wp-json\/wp\/v2\/comments?post=36229"}],"version-history":[{"count":1,"href":"https:\/\/tudomoveisbelem.com.br\/v19\/wp-json\/wp\/v2\/product\/36229\/revisions"}],"predecessor-version":[{"id":36233,"href":"https:\/\/tudomoveisbelem.com.br\/v19\/wp-json\/wp\/v2\/product\/36229\/revisions\/36233"}],"wp:featuredmedia":[{"embeddable":true,"href":"https:\/\/tudomoveisbelem.com.br\/v19\/wp-json\/wp\/v2\/media\/36231"}],"wp:attachment":[{"href":"https:\/\/tudomoveisbelem.com.br\/v19\/wp-json\/wp\/v2\/media?parent=36229"}],"wp:term":[{"taxonomy":"product_brand","embeddable":true,"href":"https:\/\/tudomoveisbelem.com.br\/v19\/wp-json\/wp\/v2\/product_brand?post=36229"},{"taxonomy":"product_cat","embeddable":true,"href":"https:\/\/tudomoveisbelem.com.br\/v19\/wp-json\/wp\/v2\/product_cat?post=36229"},{"taxonomy":"product_tag","embeddable":true,"href":"https:\/\/tudomoveisbelem.com.br\/v19\/wp-json\/wp\/v2\/product_tag?post=36229"}],"curies":[{"name":"wp","href":"https:\/\/api.w.org\/{rel}","templated":true}]}}