{"id":36130,"date":"2025-11-25T15:46:47","date_gmt":"2025-11-25T15:46:47","guid":{"rendered":"https:\/\/tudomoveisbelem.com.br\/v19\/?post_type=product&#038;p=36130"},"modified":"2025-11-25T15:46:47","modified_gmt":"2025-11-25T15:46:47","slug":"poltrona-sofisticada-com-pes-em-mdeira-macica","status":"publish","type":"product","link":"https:\/\/tudomoveisbelem.com.br\/v19\/produto\/poltrona-sofisticada-com-pes-em-mdeira-macica\/","title":{"rendered":"Poltrona Sofisticada com P\u00e9s em Mdeira Maci\u00e7a."},"content":{"rendered":"<p>\ud83c\udd95 LAN\u00c7AMENTO EXCLUSIVO!\u00a0\ud83e\ude91\u2728<\/p>\n<p>Design moderno com curvas elegantes e acabamento impec\u00e1vel, combinando com qualquer estilo de decora\u00e7\u00e3o. Um toque de classe para sala, escrit\u00f3rio ou aquele cantinho especial! \ud83d\ude0d<\/p>\n<p>\ud83d\udc8e Detalhes que impressionam:<br \/>\n\u2714\ufe0f Revestimento premium em linho\/compos\u00ea com laterais em cour\u00edssimo<br \/>\n\u2714\ufe0f P\u00e9s em madeira maci\u00e7a + estrutura robusta<br \/>\n\u2714\ufe0f Encosto alto e apoio de bra\u00e7os para m\u00e1ximo conforto<br \/>\n\u2714\ufe0f Estilo sofisticado com presen\u00e7a marcante no ambiente<\/p>\n<p>\ud83d\udccf Dimens\u00f5es:<br \/>\nAltura: 80 cm<br \/>\nLargura: 58 cm<br \/>\nProfundidade: 60 cm<\/p>\n<p>\ud83d\udd25 De <del>R$ 2.000<\/del> por apenas <span style=\"color: #ff0000;\"><strong>10x de R$ 99,90<\/strong><\/span> sem juros<br \/>\n\ud83d\udcb0 Ou \u00e0 vista por R$ 999<\/p>\n<p>\ud83d\ude9a\ud83d\udca8 Entrega + montagem no mesmo dia \u2014 totalmente GR\u00c1TIS!<\/p>\n<p>\u2728 Sofistica\u00e7\u00e3o que transforma seu espa\u00e7o sem pesar no bolso! Quer a sua? \ud83d\udcac\ud83d\udecb\ufe0f<\/p>\n","protected":false},"excerpt":{"rendered":"<p>\ud83c\udd95 LAN\u00c7AMENTO EXCLUSIVO!\u00a0\ud83e\ude91\u2728 Design moderno com curvas elegantes e acabamento impec\u00e1vel, combinando com qualquer estilo de decora\u00e7\u00e3o. Um toque de classe para sala, escrit\u00f3rio ou aquele cantinho especial! \ud83d\ude0d \ud83d\udc8e Detalhes que impressionam: \u2714\ufe0f Revestimento premium em linho\/compos\u00ea com laterais em cour\u00edssimo \u2714\ufe0f P\u00e9s em madeira maci\u00e7a + estrutura robusta \u2714\ufe0f Encosto alto e apoio &hellip; <a href=\"https:\/\/tudomoveisbelem.com.br\/v19\/produto\/poltrona-sofisticada-com-pes-em-mdeira-macica\/\" class=\"more-link\">Continue lendo<span class=\"screen-reader-text\"> &#8220;Poltrona Sofisticada com P\u00e9s em Mdeira Maci\u00e7a.&#8221;<\/span><\/a><\/p>\n","protected":false},"featured_media":36135,"comment_status":"closed","ping_status":"closed","template":"","meta":[],"product_brand":[],"product_cat":[156,154],"product_tag":[],"class_list":{"0":"post-36130","1":"product","2":"type-product","3":"status-publish","4":"has-post-thumbnail","6":"product_cat-new-colection","7":"product_cat-aparadores-buffets","9":"first","10":"instock","11":"shipping-taxable","12":"product-type-simple"},"_links":{"self":[{"href":"https:\/\/tudomoveisbelem.com.br\/v19\/wp-json\/wp\/v2\/product\/36130","targetHints":{"allow":["GET"]}}],"collection":[{"href":"https:\/\/tudomoveisbelem.com.br\/v19\/wp-json\/wp\/v2\/product"}],"about":[{"href":"https:\/\/tudomoveisbelem.com.br\/v19\/wp-json\/wp\/v2\/types\/product"}],"replies":[{"embeddable":true,"href":"https:\/\/tudomoveisbelem.com.br\/v19\/wp-json\/wp\/v2\/comments?post=36130"}],"version-history":[{"count":1,"href":"https:\/\/tudomoveisbelem.com.br\/v19\/wp-json\/wp\/v2\/product\/36130\/revisions"}],"predecessor-version":[{"id":36136,"href":"https:\/\/tudomoveisbelem.com.br\/v19\/wp-json\/wp\/v2\/product\/36130\/revisions\/36136"}],"wp:featuredmedia":[{"embeddable":true,"href":"https:\/\/tudomoveisbelem.com.br\/v19\/wp-json\/wp\/v2\/media\/36135"}],"wp:attachment":[{"href":"https:\/\/tudomoveisbelem.com.br\/v19\/wp-json\/wp\/v2\/media?parent=36130"}],"wp:term":[{"taxonomy":"product_brand","embeddable":true,"href":"https:\/\/tudomoveisbelem.com.br\/v19\/wp-json\/wp\/v2\/product_brand?post=36130"},{"taxonomy":"product_cat","embeddable":true,"href":"https:\/\/tudomoveisbelem.com.br\/v19\/wp-json\/wp\/v2\/product_cat?post=36130"},{"taxonomy":"product_tag","embeddable":true,"href":"https:\/\/tudomoveisbelem.com.br\/v19\/wp-json\/wp\/v2\/product_tag?post=36130"}],"curies":[{"name":"wp","href":"https:\/\/api.w.org\/{rel}","templated":true}]}}