{"id":36061,"date":"2025-11-20T19:29:05","date_gmt":"2025-11-20T19:29:05","guid":{"rendered":"https:\/\/tudomoveisbelem.com.br\/v19\/?post_type=product&#038;p=36061"},"modified":"2025-11-25T15:26:04","modified_gmt":"2025-11-25T15:26:04","slug":"mesa-lateral-oval","status":"publish","type":"product","link":"https:\/\/tudomoveisbelem.com.br\/v19\/produto\/mesa-lateral-oval\/","title":{"rendered":"Mesa Lateral Oval"},"content":{"rendered":"<p>\ud83d\udd25 LAN\u00c7AMENTO EXCLUSIVO TUDO M\u00d3VEIS!<br \/>\nA nova Mesa Lateral Oval 100% MDF chegou com design org\u00e2nico e elegante para dar aquele toque moderno em qualquer ambiente! \ud83e\ude91\u2728<\/p>\n<p>\ud83c\udf1f Diferenciais que se destacam:<br \/>\n\u2714\ufe0f Formato oval\/org\u00e2nico \u2014 visual contempor\u00e2neo e sofisticado<br \/>\n\u2714\ufe0f Vers\u00e1til \u2014 perfeita para salas, escrit\u00f3rio ou apoio ao lado do sof\u00e1<br \/>\n\u2714\ufe0f Pintura UV \u2014 acabamento uniforme e duradouro<br \/>\n\u2714\ufe0f 100% MDF \u2014 resist\u00eancia e padr\u00e3o premium<br \/>\n\u2714\ufe0f Suporta at\u00e9 10kg, ideal para objetos decorativos, revistas e itens do dia a dia<\/p>\n<p>\ud83d\udccf Dimens\u00f5es:<br \/>\nAltura: 70 cm | Largura: 40 cm | Comprimento: 50 cm<\/p>\n<p>\ud83d\udcb0 Por apenas <strong><span style=\"color: #ff0000;\">10x de R$29,90<\/span> <\/strong>sem juros<br \/>\nou R$299,00 \u00e0 vista<\/p>\n<p>\ud83d\ude9a\ud83d\udca8 Entrega + montagem NO MESMO DIA \u2022 100% GR\u00c1TIS!<\/p>\n<p>\u2728 O detalhe moderno que transforma seu espa\u00e7o.<\/p>\n","protected":false},"excerpt":{"rendered":"<p>\ud83d\udd25 LAN\u00c7AMENTO EXCLUSIVO TUDO M\u00d3VEIS! A nova Mesa Lateral Oval 100% MDF chegou com design org\u00e2nico e elegante para dar aquele toque moderno em qualquer ambiente! \ud83e\ude91\u2728 \ud83c\udf1f Diferenciais que se destacam: \u2714\ufe0f Formato oval\/org\u00e2nico \u2014 visual contempor\u00e2neo e sofisticado \u2714\ufe0f Vers\u00e1til \u2014 perfeita para salas, escrit\u00f3rio ou apoio ao lado do sof\u00e1 \u2714\ufe0f Pintura &hellip; <a href=\"https:\/\/tudomoveisbelem.com.br\/v19\/produto\/mesa-lateral-oval\/\" class=\"more-link\">Continue lendo<span class=\"screen-reader-text\"> &#8220;Mesa Lateral Oval&#8221;<\/span><\/a><\/p>\n","protected":false},"featured_media":36066,"comment_status":"closed","ping_status":"closed","template":"","meta":[],"product_brand":[],"product_cat":[47,29,46,156],"product_tag":[],"class_list":{"0":"post-36061","1":"product","2":"type-product","3":"status-publish","4":"has-post-thumbnail","6":"product_cat-aparadores","7":"product_cat-sala","8":"product_cat-mesa-de-centro","9":"product_cat-new-colection","11":"first","12":"instock","13":"shipping-taxable","14":"product-type-simple"},"_links":{"self":[{"href":"https:\/\/tudomoveisbelem.com.br\/v19\/wp-json\/wp\/v2\/product\/36061","targetHints":{"allow":["GET"]}}],"collection":[{"href":"https:\/\/tudomoveisbelem.com.br\/v19\/wp-json\/wp\/v2\/product"}],"about":[{"href":"https:\/\/tudomoveisbelem.com.br\/v19\/wp-json\/wp\/v2\/types\/product"}],"replies":[{"embeddable":true,"href":"https:\/\/tudomoveisbelem.com.br\/v19\/wp-json\/wp\/v2\/comments?post=36061"}],"version-history":[{"count":1,"href":"https:\/\/tudomoveisbelem.com.br\/v19\/wp-json\/wp\/v2\/product\/36061\/revisions"}],"predecessor-version":[{"id":36067,"href":"https:\/\/tudomoveisbelem.com.br\/v19\/wp-json\/wp\/v2\/product\/36061\/revisions\/36067"}],"wp:featuredmedia":[{"embeddable":true,"href":"https:\/\/tudomoveisbelem.com.br\/v19\/wp-json\/wp\/v2\/media\/36066"}],"wp:attachment":[{"href":"https:\/\/tudomoveisbelem.com.br\/v19\/wp-json\/wp\/v2\/media?parent=36061"}],"wp:term":[{"taxonomy":"product_brand","embeddable":true,"href":"https:\/\/tudomoveisbelem.com.br\/v19\/wp-json\/wp\/v2\/product_brand?post=36061"},{"taxonomy":"product_cat","embeddable":true,"href":"https:\/\/tudomoveisbelem.com.br\/v19\/wp-json\/wp\/v2\/product_cat?post=36061"},{"taxonomy":"product_tag","embeddable":true,"href":"https:\/\/tudomoveisbelem.com.br\/v19\/wp-json\/wp\/v2\/product_tag?post=36061"}],"curies":[{"name":"wp","href":"https:\/\/api.w.org\/{rel}","templated":true}]}}