{"id":36018,"date":"2025-11-19T19:18:27","date_gmt":"2025-11-19T19:18:27","guid":{"rendered":"https:\/\/tudomoveisbelem.com.br\/v19\/?post_type=product&#038;p=36018"},"modified":"2026-02-16T17:30:46","modified_gmt":"2026-02-16T17:30:46","slug":"mesa-de-cabeceira-100-mdf-com-2-gavetas","status":"publish","type":"product","link":"https:\/\/tudomoveisbelem.com.br\/v19\/produto\/mesa-de-cabeceira-100-mdf-com-2-gavetas\/","title":{"rendered":"Mesa de Cabeceira 100% MDF com 2 gavetas"},"content":{"rendered":"<p>\u2728 LAN\u00c7AMENTO TUDO M\u00d3VEIS!<br \/>\nEleg\u00e2ncia, durabilidade e design moderno no seu quarto com a nova mesa de cabeceira\u00a0 100% MDF com 2 gavetas. Um produto premium para quem exige acabamento impec\u00e1vel! \ud83d\ude0d\ud83d\udecf\ufe0f<\/p>\n<p>\ud83d\udd0e Diferenciais que valorizam o m\u00f3vel:<br \/>\n\u2714\ufe0f 2 gavetas com corredi\u00e7as telesc\u00f3picas \u2014 abertura suave e silenciosa<br \/>\n\u2714\ufe0f 100% MDF \u2014 resist\u00eancia e acabamento superior<br \/>\n\u2714\ufe0f Design moderno \u2014 estilo que combina com qualquer decora\u00e7\u00e3o \u2b50<br \/>\n\u2714\ufe0f \u00d3timo espa\u00e7o interno para organizar com praticidade<\/p>\n<p>\ud83d\udccf Medidas:<br \/>\n\u2022 Altura: 58 cm<br \/>\n\u2022 Largura: 54 cm<br \/>\n\u2022 Profundidade: 37 cm<\/p>\n<p>\ud83d\udcb0 Por apenas <span style=\"color: #ff0000;\"><strong>12x de R$66,58<\/strong><\/span> sem juros<br \/>\nou \u00e0 vista por R$799,00<\/p>\n<p>\ud83d\ude9a Entrega r\u00e1pida + montagem profissional!<\/p>\n<p>\ud83d\udca5 \u00c9 lan\u00e7amento. \u00c9 exclusivo. \u00c9 seu!<\/p>\n","protected":false},"excerpt":{"rendered":"<p>\u2728 LAN\u00c7AMENTO TUDO M\u00d3VEIS! Eleg\u00e2ncia, durabilidade e design moderno no seu quarto com a nova mesa de cabeceira\u00a0 100% MDF com 2 gavetas. Um produto premium para quem exige acabamento impec\u00e1vel! \ud83d\ude0d\ud83d\udecf\ufe0f \ud83d\udd0e Diferenciais que valorizam o m\u00f3vel: \u2714\ufe0f 2 gavetas com corredi\u00e7as telesc\u00f3picas \u2014 abertura suave e silenciosa \u2714\ufe0f 100% MDF \u2014 resist\u00eancia e &hellip; <a href=\"https:\/\/tudomoveisbelem.com.br\/v19\/produto\/mesa-de-cabeceira-100-mdf-com-2-gavetas\/\" class=\"more-link\">Continue lendo<span class=\"screen-reader-text\"> &#8220;Mesa de Cabeceira 100% MDF com 2 gavetas&#8221;<\/span><\/a><\/p>\n","protected":false},"featured_media":36021,"comment_status":"closed","ping_status":"closed","template":"","meta":[],"product_brand":[],"product_cat":[75,42,23,156],"product_tag":[],"class_list":{"0":"post-36018","1":"product","2":"type-product","3":"status-publish","4":"has-post-thumbnail","6":"product_cat-mesa-de-cabeceira","7":"product_cat-moveis-de-quarto","8":"product_cat-colchoes","9":"product_cat-new-colection","11":"first","12":"instock","13":"shipping-taxable","14":"product-type-simple"},"_links":{"self":[{"href":"https:\/\/tudomoveisbelem.com.br\/v19\/wp-json\/wp\/v2\/product\/36018","targetHints":{"allow":["GET"]}}],"collection":[{"href":"https:\/\/tudomoveisbelem.com.br\/v19\/wp-json\/wp\/v2\/product"}],"about":[{"href":"https:\/\/tudomoveisbelem.com.br\/v19\/wp-json\/wp\/v2\/types\/product"}],"replies":[{"embeddable":true,"href":"https:\/\/tudomoveisbelem.com.br\/v19\/wp-json\/wp\/v2\/comments?post=36018"}],"version-history":[{"count":2,"href":"https:\/\/tudomoveisbelem.com.br\/v19\/wp-json\/wp\/v2\/product\/36018\/revisions"}],"predecessor-version":[{"id":36771,"href":"https:\/\/tudomoveisbelem.com.br\/v19\/wp-json\/wp\/v2\/product\/36018\/revisions\/36771"}],"wp:featuredmedia":[{"embeddable":true,"href":"https:\/\/tudomoveisbelem.com.br\/v19\/wp-json\/wp\/v2\/media\/36021"}],"wp:attachment":[{"href":"https:\/\/tudomoveisbelem.com.br\/v19\/wp-json\/wp\/v2\/media?parent=36018"}],"wp:term":[{"taxonomy":"product_brand","embeddable":true,"href":"https:\/\/tudomoveisbelem.com.br\/v19\/wp-json\/wp\/v2\/product_brand?post=36018"},{"taxonomy":"product_cat","embeddable":true,"href":"https:\/\/tudomoveisbelem.com.br\/v19\/wp-json\/wp\/v2\/product_cat?post=36018"},{"taxonomy":"product_tag","embeddable":true,"href":"https:\/\/tudomoveisbelem.com.br\/v19\/wp-json\/wp\/v2\/product_tag?post=36018"}],"curies":[{"name":"wp","href":"https:\/\/api.w.org\/{rel}","templated":true}]}}