{"id":36011,"date":"2025-11-19T19:13:56","date_gmt":"2025-11-19T19:13:56","guid":{"rendered":"https:\/\/tudomoveisbelem.com.br\/v19\/?post_type=product&#038;p=36011"},"modified":"2026-02-16T17:16:56","modified_gmt":"2026-02-16T17:16:56","slug":"buffet-100-mdf-com-4-portas-gaveta-interna-pes-em-madeira","status":"publish","type":"product","link":"https:\/\/tudomoveisbelem.com.br\/v19\/produto\/buffet-100-mdf-com-4-portas-gaveta-interna-pes-em-madeira\/","title":{"rendered":"Buffet 100% MDF com 4 Portas + Gaveta Interna + P\u00e9s em madeira."},"content":{"rendered":"<p>\u2728\u00a0 BUFFET 100% MDF COM 4 PORTAS + GAVETA INTERNA + P\u00c9S EM MADEIRA<\/p>\n<p>Sofistica\u00e7\u00e3o, funcionalidade e design atemporal! Este buffet \u00e9 a escolha perfeita para quem busca um m\u00f3vel elegante, resistente e com excelente capacidade de organiza\u00e7\u00e3o para sala de jantar, estar ou \u00e1rea gourmet.<\/p>\n<p>\ud83c\udf1f Diferenciais que elevam o ambiente:<br \/>\n\u2714\ufe0f 4 portas com abertura por clique \u2014 visual clean e moderno, sem puxadores aparentes.<br \/>\n\u2714\ufe0f Dobradi\u00e7as com amortecedor \u2014 fechamento suave, silencioso e que prolonga a vida \u00fatil do m\u00f3vel.<br \/>\n\u2714\ufe0f 1 gaveta interna com corredi\u00e7as telesc\u00f3picas \u2014 mais organiza\u00e7\u00e3o para talheres, toalhas e pequenos itens.<br \/>\n\u2714\ufe0f P\u00e9s em madeira maci\u00e7a \u2014 estabilidade refor\u00e7ada e toque natural de eleg\u00e2ncia.<br \/>\n\u2714\ufe0f 100% MDF \u2014 acabamento premium, maior resist\u00eancia e durabilidade.<\/p>\n<p>\ud83d\udccf Dimens\u00f5es do produto:<br \/>\n\u2022 Altura: 78 cm<br \/>\n\u2022 Largura: 1,35 m<br \/>\n\u2022 Profundidade: 40 cm<\/p>\n<p>\ud83d\udcb3 Valor especial de lan\u00e7amento:<br \/>\n\ud83d\udc49<span style=\"color: #ff0000;\"><strong> 12x de R$166,58<\/strong><\/span> sem juros<br \/>\n\ud83d\udc49 Ou \u00e0 vista por R$1.999,00<\/p>\n<p>\ud83d\ude9a\ud83d\udca5 Entrega e montagem 100% gr\u00e1tis e NO MESMO DIA!<\/p>\n<p>\u2728 Um m\u00f3vel que transforma o ambiente com organiza\u00e7\u00e3o, beleza e autenticidade.<\/p>\n","protected":false},"excerpt":{"rendered":"<p>\u2728\u00a0 BUFFET 100% MDF COM 4 PORTAS + GAVETA INTERNA + P\u00c9S EM MADEIRA Sofistica\u00e7\u00e3o, funcionalidade e design atemporal! Este buffet \u00e9 a escolha perfeita para quem busca um m\u00f3vel elegante, resistente e com excelente capacidade de organiza\u00e7\u00e3o para sala de jantar, estar ou \u00e1rea gourmet. \ud83c\udf1f Diferenciais que elevam o ambiente: \u2714\ufe0f 4 portas &hellip; <a href=\"https:\/\/tudomoveisbelem.com.br\/v19\/produto\/buffet-100-mdf-com-4-portas-gaveta-interna-pes-em-madeira\/\" class=\"more-link\">Continue lendo<span class=\"screen-reader-text\"> &#8220;Buffet 100% MDF com 4 Portas + Gaveta Interna + P\u00e9s em madeira.&#8221;<\/span><\/a><\/p>\n","protected":false},"featured_media":36014,"comment_status":"closed","ping_status":"closed","template":"","meta":[],"product_brand":[],"product_cat":[155,156],"product_tag":[],"class_list":{"0":"post-36011","1":"product","2":"type-product","3":"status-publish","4":"has-post-thumbnail","6":"product_cat-aparadores-buffets-2","7":"product_cat-new-colection","9":"first","10":"instock","11":"shipping-taxable","12":"product-type-simple"},"_links":{"self":[{"href":"https:\/\/tudomoveisbelem.com.br\/v19\/wp-json\/wp\/v2\/product\/36011","targetHints":{"allow":["GET"]}}],"collection":[{"href":"https:\/\/tudomoveisbelem.com.br\/v19\/wp-json\/wp\/v2\/product"}],"about":[{"href":"https:\/\/tudomoveisbelem.com.br\/v19\/wp-json\/wp\/v2\/types\/product"}],"replies":[{"embeddable":true,"href":"https:\/\/tudomoveisbelem.com.br\/v19\/wp-json\/wp\/v2\/comments?post=36011"}],"version-history":[{"count":2,"href":"https:\/\/tudomoveisbelem.com.br\/v19\/wp-json\/wp\/v2\/product\/36011\/revisions"}],"predecessor-version":[{"id":36770,"href":"https:\/\/tudomoveisbelem.com.br\/v19\/wp-json\/wp\/v2\/product\/36011\/revisions\/36770"}],"wp:featuredmedia":[{"embeddable":true,"href":"https:\/\/tudomoveisbelem.com.br\/v19\/wp-json\/wp\/v2\/media\/36014"}],"wp:attachment":[{"href":"https:\/\/tudomoveisbelem.com.br\/v19\/wp-json\/wp\/v2\/media?parent=36011"}],"wp:term":[{"taxonomy":"product_brand","embeddable":true,"href":"https:\/\/tudomoveisbelem.com.br\/v19\/wp-json\/wp\/v2\/product_brand?post=36011"},{"taxonomy":"product_cat","embeddable":true,"href":"https:\/\/tudomoveisbelem.com.br\/v19\/wp-json\/wp\/v2\/product_cat?post=36011"},{"taxonomy":"product_tag","embeddable":true,"href":"https:\/\/tudomoveisbelem.com.br\/v19\/wp-json\/wp\/v2\/product_tag?post=36011"}],"curies":[{"name":"wp","href":"https:\/\/api.w.org\/{rel}","templated":true}]}}