{"id":36006,"date":"2025-11-19T19:07:43","date_gmt":"2025-11-19T19:07:43","guid":{"rendered":"https:\/\/tudomoveisbelem.com.br\/v19\/?post_type=product&#038;p=36006"},"modified":"2025-11-25T15:28:26","modified_gmt":"2025-11-25T15:28:26","slug":"buffet-100-mdf-com-portas-em-telas-1-gaveta-pes-em-madeira","status":"publish","type":"product","link":"https:\/\/tudomoveisbelem.com.br\/v19\/produto\/buffet-100-mdf-com-portas-em-telas-1-gaveta-pes-em-madeira\/","title":{"rendered":"Buffet 100% MDF com Portas em Telas + 1 Gaveta + P\u00e9s em Madeira"},"content":{"rendered":"<p>\u2728 LAN\u00c7AMENTO \u2014 BUFFET 100% MDF COM PORTAS EM TELA + 1 GAVETA + P\u00c9S EM MADEIRA \ud83c\udf3f<\/p>\n<p>Um buffet encantador que une est\u00e9tica artesanal, funcionalidade e acabamento premium. Ideal para quem deseja sofistica\u00e7\u00e3o e leveza no ambiente com o toque natural da tela sint\u00e9tica!<\/p>\n<p>\ud83c\udf1f Diferenciais que fazem toda a diferen\u00e7a no visual:<br \/>\n\u2714\ufe0f 4 Portas em tela sint\u00e9tica \u2014 detalhe moderno que traz charme, ventila\u00e7\u00e3o interna e personalidade.<br \/>\n\u2714\ufe0f Sistema de abertura click \u2014 design sem puxadores e visual minimalista de alto padr\u00e3o.<br \/>\n\u2714\ufe0f Dobradi\u00e7as com amortecedor \u2014 fechamento suave, silencioso e dur\u00e1vel.<br \/>\n\u2714\ufe0f P\u00e9s em madeira maci\u00e7a \u2014 resist\u00eancia e requinte com estilo natural.<br \/>\n\u2714\ufe0f Acabamento 100% MDF \u2014 estrutura firme, acabamento premium e longa durabilidade.<br \/>\n\u2714\ufe0f Gaveta interna funcional \u2014 ideal para utens\u00edlios, toalhas e acess\u00f3rios de organiza\u00e7\u00e3o.<\/p>\n<p>\ud83d\udccf Dimens\u00f5es do Buffet:<br \/>\nAltura: 78 cm<br \/>\nLargura: 1,80 m<br \/>\nProfundidade: 40 cm<\/p>\n<p>\ud83d\udcb3 Por apenas:<br \/>\n\ud83d\udc49 <span style=\"color: #ff0000;\"><strong>10x de R$229,90<\/strong><\/span> sem juros<br \/>\n\ud83d\udc49 Ou \u00e0 vista: R$2.299,00<\/p>\n<p>\ud83d\ude9a Entrega e montagem 100% gr\u00e1tis e NO MESMO DIA!<\/p>\n<p>\u2728 O toque de autenticidade que transforma o ambiente com estilo e harmonia.<\/p>\n","protected":false},"excerpt":{"rendered":"<p>\u2728 LAN\u00c7AMENTO \u2014 BUFFET 100% MDF COM PORTAS EM TELA + 1 GAVETA + P\u00c9S EM MADEIRA \ud83c\udf3f Um buffet encantador que une est\u00e9tica artesanal, funcionalidade e acabamento premium. Ideal para quem deseja sofistica\u00e7\u00e3o e leveza no ambiente com o toque natural da tela sint\u00e9tica! \ud83c\udf1f Diferenciais que fazem toda a diferen\u00e7a no visual: \u2714\ufe0f &hellip; <a href=\"https:\/\/tudomoveisbelem.com.br\/v19\/produto\/buffet-100-mdf-com-portas-em-telas-1-gaveta-pes-em-madeira\/\" class=\"more-link\">Continue lendo<span class=\"screen-reader-text\"> &#8220;Buffet 100% MDF com Portas em Telas + 1 Gaveta + P\u00e9s em Madeira&#8221;<\/span><\/a><\/p>\n","protected":false},"featured_media":36009,"comment_status":"closed","ping_status":"closed","template":"","meta":[],"product_brand":[],"product_cat":[155,156],"product_tag":[],"class_list":{"0":"post-36006","1":"product","2":"type-product","3":"status-publish","4":"has-post-thumbnail","6":"product_cat-aparadores-buffets-2","7":"product_cat-new-colection","9":"first","10":"instock","11":"shipping-taxable","12":"product-type-simple"},"_links":{"self":[{"href":"https:\/\/tudomoveisbelem.com.br\/v19\/wp-json\/wp\/v2\/product\/36006","targetHints":{"allow":["GET"]}}],"collection":[{"href":"https:\/\/tudomoveisbelem.com.br\/v19\/wp-json\/wp\/v2\/product"}],"about":[{"href":"https:\/\/tudomoveisbelem.com.br\/v19\/wp-json\/wp\/v2\/types\/product"}],"replies":[{"embeddable":true,"href":"https:\/\/tudomoveisbelem.com.br\/v19\/wp-json\/wp\/v2\/comments?post=36006"}],"version-history":[{"count":2,"href":"https:\/\/tudomoveisbelem.com.br\/v19\/wp-json\/wp\/v2\/product\/36006\/revisions"}],"predecessor-version":[{"id":36012,"href":"https:\/\/tudomoveisbelem.com.br\/v19\/wp-json\/wp\/v2\/product\/36006\/revisions\/36012"}],"wp:featuredmedia":[{"embeddable":true,"href":"https:\/\/tudomoveisbelem.com.br\/v19\/wp-json\/wp\/v2\/media\/36009"}],"wp:attachment":[{"href":"https:\/\/tudomoveisbelem.com.br\/v19\/wp-json\/wp\/v2\/media?parent=36006"}],"wp:term":[{"taxonomy":"product_brand","embeddable":true,"href":"https:\/\/tudomoveisbelem.com.br\/v19\/wp-json\/wp\/v2\/product_brand?post=36006"},{"taxonomy":"product_cat","embeddable":true,"href":"https:\/\/tudomoveisbelem.com.br\/v19\/wp-json\/wp\/v2\/product_cat?post=36006"},{"taxonomy":"product_tag","embeddable":true,"href":"https:\/\/tudomoveisbelem.com.br\/v19\/wp-json\/wp\/v2\/product_tag?post=36006"}],"curies":[{"name":"wp","href":"https:\/\/api.w.org\/{rel}","templated":true}]}}