{"id":36002,"date":"2025-11-19T19:01:57","date_gmt":"2025-11-19T19:01:57","guid":{"rendered":"https:\/\/tudomoveisbelem.com.br\/v19\/?post_type=product&#038;p=36002"},"modified":"2025-11-19T19:01:57","modified_gmt":"2025-11-19T19:01:57","slug":"buffet-100-mdf-com-portas-em-tela-pes-em-madeira","status":"publish","type":"product","link":"https:\/\/tudomoveisbelem.com.br\/v19\/produto\/buffet-100-mdf-com-portas-em-tela-pes-em-madeira\/","title":{"rendered":"Buffet 100% MDF com portas em tela + p\u00e9s em madeira."},"content":{"rendered":"<p>\ud83d\udea8 LAN\u00c7AMENTO EXCLUSIVO TUDO M\u00d3VEIS \ud83d\udea8<br \/>\nBUFFET 100% MDF COM PORTAS EM TELA + P\u00c9S EM MADEIRA \ud83c\udf3f<\/p>\n<p>Eleg\u00e2ncia, autenticidade e o charme artesanal que s\u00f3 a textura da palha adiciona. Um buffet sofisticado para quem busca beleza com funcionalidade e design atemporal!<\/p>\n<p>\ud83c\udf1f Diferenciais que encantam de perto:<br \/>\n\u2714\ufe0f 100% MDF \u2014 estrutura robusta, dur\u00e1vel e com acabamento superior.<br \/>\n\u2714\ufe0f Portas em tela sint\u00e9tica \u2014 detalhe moderno que traz leveza e destaque \u00e0 pe\u00e7a.<br \/>\n\u2714\ufe0f Sistema de abertura click \u2014 sem puxadores, visual limpo e minimalista.<br \/>\n\u2714\ufe0f Dobradi\u00e7as com amortecimento \u2014 fechamento suave e silencioso.<br \/>\n\u2714\ufe0f P\u00e9s em madeira maci\u00e7a \u2014 resist\u00eancia e toque natural, elevando o n\u00edvel da decora\u00e7\u00e3o.<\/p>\n<p>\ud83d\udccf Dimens\u00f5es do Buffet:<br \/>\nAltura: 78 cm<br \/>\nLargura: 1,35 m<br \/>\nProfundidade: 40 cm<\/p>\n<p>\ud83d\udcb3 Por apenas:<br \/>\n\ud83d\udc49 10x de <span style=\"color: #ff0000;\"><strong>R$189,90<\/strong> <\/span>sem juros<br \/>\n\ud83d\udc49 Ou \u00e0 vista: R$1.899,00<\/p>\n<p>\ud83d\ude9a Entrega e montagem 100% gr\u00e1tis e NO MESMO DIA!<\/p>\n<p>\u2728 Design que causa impacto de forma natural, elevando o ambiente sem exageros.<\/p>\n","protected":false},"excerpt":{"rendered":"<p>\ud83d\udea8 LAN\u00c7AMENTO EXCLUSIVO TUDO M\u00d3VEIS \ud83d\udea8 BUFFET 100% MDF COM PORTAS EM TELA + P\u00c9S EM MADEIRA \ud83c\udf3f Eleg\u00e2ncia, autenticidade e o charme artesanal que s\u00f3 a textura da palha adiciona. Um buffet sofisticado para quem busca beleza com funcionalidade e design atemporal! \ud83c\udf1f Diferenciais que encantam de perto: \u2714\ufe0f 100% MDF \u2014 estrutura robusta, &hellip; <a href=\"https:\/\/tudomoveisbelem.com.br\/v19\/produto\/buffet-100-mdf-com-portas-em-tela-pes-em-madeira\/\" class=\"more-link\">Continue lendo<span class=\"screen-reader-text\"> &#8220;Buffet 100% MDF com portas em tela + p\u00e9s em madeira.&#8221;<\/span><\/a><\/p>\n","protected":false},"featured_media":36003,"comment_status":"closed","ping_status":"closed","template":"","meta":[],"product_brand":[],"product_cat":[155],"product_tag":[],"class_list":{"0":"post-36002","1":"product","2":"type-product","3":"status-publish","4":"has-post-thumbnail","6":"product_cat-aparadores-buffets-2","8":"first","9":"instock","10":"shipping-taxable","11":"product-type-simple"},"_links":{"self":[{"href":"https:\/\/tudomoveisbelem.com.br\/v19\/wp-json\/wp\/v2\/product\/36002","targetHints":{"allow":["GET"]}}],"collection":[{"href":"https:\/\/tudomoveisbelem.com.br\/v19\/wp-json\/wp\/v2\/product"}],"about":[{"href":"https:\/\/tudomoveisbelem.com.br\/v19\/wp-json\/wp\/v2\/types\/product"}],"replies":[{"embeddable":true,"href":"https:\/\/tudomoveisbelem.com.br\/v19\/wp-json\/wp\/v2\/comments?post=36002"}],"version-history":[{"count":2,"href":"https:\/\/tudomoveisbelem.com.br\/v19\/wp-json\/wp\/v2\/product\/36002\/revisions"}],"predecessor-version":[{"id":36005,"href":"https:\/\/tudomoveisbelem.com.br\/v19\/wp-json\/wp\/v2\/product\/36002\/revisions\/36005"}],"wp:featuredmedia":[{"embeddable":true,"href":"https:\/\/tudomoveisbelem.com.br\/v19\/wp-json\/wp\/v2\/media\/36003"}],"wp:attachment":[{"href":"https:\/\/tudomoveisbelem.com.br\/v19\/wp-json\/wp\/v2\/media?parent=36002"}],"wp:term":[{"taxonomy":"product_brand","embeddable":true,"href":"https:\/\/tudomoveisbelem.com.br\/v19\/wp-json\/wp\/v2\/product_brand?post=36002"},{"taxonomy":"product_cat","embeddable":true,"href":"https:\/\/tudomoveisbelem.com.br\/v19\/wp-json\/wp\/v2\/product_cat?post=36002"},{"taxonomy":"product_tag","embeddable":true,"href":"https:\/\/tudomoveisbelem.com.br\/v19\/wp-json\/wp\/v2\/product_tag?post=36002"}],"curies":[{"name":"wp","href":"https:\/\/api.w.org\/{rel}","templated":true}]}}