{"id":35996,"date":"2025-11-19T18:53:24","date_gmt":"2025-11-19T18:53:24","guid":{"rendered":"https:\/\/tudomoveisbelem.com.br\/v19\/?post_type=product&#038;p=35996"},"modified":"2025-11-19T18:54:11","modified_gmt":"2025-11-19T18:54:11","slug":"buffet-100-mdf-2-portas-3-gavetas-pes-em-madeira","status":"publish","type":"product","link":"https:\/\/tudomoveisbelem.com.br\/v19\/produto\/buffet-100-mdf-2-portas-3-gavetas-pes-em-madeira\/","title":{"rendered":"Buffet 100% MDF | 2 Portas + 3 Gavetas + P\u00e9s em Madeira."},"content":{"rendered":"<p>\ud83d\udea8 LAN\u00c7AMENTO EXCLUSIVO TUDO M\u00d3VEIS \ud83d\udea8<br \/>\nBUFFET 100% MDF | 2 PORTAS + 3 GAVETAS + P\u00c9S EM MADEIRA \ud83c\udf3f<\/p>\n<p>Um m\u00f3vel robusto, elegante e funcional para transformar seu espa\u00e7o com design sofisticado e alta durabilidade!<\/p>\n<p>\ud83c\udf1f Destaques que v\u00e3o impressionar:<br \/>\n\u2714\ufe0f 100% MDF \u2014 estrutura premium, resistente ao uso di\u00e1rio e com acabamento refinado.<br \/>\n\u2714\ufe0f P\u00e9s em madeira maci\u00e7a \u2014 eleva o m\u00f3vel visualmente, traz charme natural e facilita a limpeza do ambiente.<br \/>\n\u2714\ufe0f Dobradi\u00e7as com amortecedor \u2014 portas que fecham lentamente, evitando impactos e prolongando a vida \u00fatil.<br \/>\n\u2714\ufe0f Sistema de abertura click \u2014 praticidade moderna: basta pressionar para abrir, dispensando puxadores.<br \/>\n\u2714\ufe0f 3 gavetas com corredi\u00e7as telesc\u00f3picas \u2014 abertura completa e suave para objetos, utens\u00edlios e acess\u00f3rios.<br \/>\n\u2714\ufe0f 2 prateleiras internas \u2014 divis\u00e3o ideal para lou\u00e7as, ta\u00e7as, copos e pe\u00e7as decorativas.<\/p>\n<p>\ud83d\udccf Dimens\u00f5es do Produto:<br \/>\n\u2022 Altura: 78 cm<br \/>\n\u2022 Largura: 1,35 m<br \/>\n\u2022 Profundidade: 40 cm<\/p>\n<p>\ud83d\udcb3 Por apenas:<br \/>\n\ud83d\udc49<span style=\"color: #ff0000;\"><strong> 10x de R$169,90<\/strong><\/span> sem juros no cart\u00e3o<br \/>\n\ud83d\udc49 Ou \u00e0 vista: R$1.699,00<\/p>\n<p>\ud83d\ude9a Entrega e montagem 100% gr\u00e1tis e NO MESMO DIA!<\/p>\n<p>\u2728 Sofistica\u00e7\u00e3o funcional que deixa qualquer ambiente mais encantador!<\/p>\n","protected":false},"excerpt":{"rendered":"<p>\ud83d\udea8 LAN\u00c7AMENTO EXCLUSIVO TUDO M\u00d3VEIS \ud83d\udea8 BUFFET 100% MDF | 2 PORTAS + 3 GAVETAS + P\u00c9S EM MADEIRA \ud83c\udf3f Um m\u00f3vel robusto, elegante e funcional para transformar seu espa\u00e7o com design sofisticado e alta durabilidade! \ud83c\udf1f Destaques que v\u00e3o impressionar: \u2714\ufe0f 100% MDF \u2014 estrutura premium, resistente ao uso di\u00e1rio e com acabamento refinado. &hellip; <a href=\"https:\/\/tudomoveisbelem.com.br\/v19\/produto\/buffet-100-mdf-2-portas-3-gavetas-pes-em-madeira\/\" class=\"more-link\">Continue lendo<span class=\"screen-reader-text\"> &#8220;Buffet 100% MDF | 2 Portas + 3 Gavetas + P\u00e9s em Madeira.&#8221;<\/span><\/a><\/p>\n","protected":false},"featured_media":35998,"comment_status":"closed","ping_status":"closed","template":"","meta":[],"product_brand":[],"product_cat":[155],"product_tag":[],"class_list":{"0":"post-35996","1":"product","2":"type-product","3":"status-publish","4":"has-post-thumbnail","6":"product_cat-aparadores-buffets-2","8":"first","9":"instock","10":"shipping-taxable","11":"product-type-simple"},"_links":{"self":[{"href":"https:\/\/tudomoveisbelem.com.br\/v19\/wp-json\/wp\/v2\/product\/35996","targetHints":{"allow":["GET"]}}],"collection":[{"href":"https:\/\/tudomoveisbelem.com.br\/v19\/wp-json\/wp\/v2\/product"}],"about":[{"href":"https:\/\/tudomoveisbelem.com.br\/v19\/wp-json\/wp\/v2\/types\/product"}],"replies":[{"embeddable":true,"href":"https:\/\/tudomoveisbelem.com.br\/v19\/wp-json\/wp\/v2\/comments?post=35996"}],"version-history":[{"count":2,"href":"https:\/\/tudomoveisbelem.com.br\/v19\/wp-json\/wp\/v2\/product\/35996\/revisions"}],"predecessor-version":[{"id":36001,"href":"https:\/\/tudomoveisbelem.com.br\/v19\/wp-json\/wp\/v2\/product\/35996\/revisions\/36001"}],"wp:featuredmedia":[{"embeddable":true,"href":"https:\/\/tudomoveisbelem.com.br\/v19\/wp-json\/wp\/v2\/media\/35998"}],"wp:attachment":[{"href":"https:\/\/tudomoveisbelem.com.br\/v19\/wp-json\/wp\/v2\/media?parent=35996"}],"wp:term":[{"taxonomy":"product_brand","embeddable":true,"href":"https:\/\/tudomoveisbelem.com.br\/v19\/wp-json\/wp\/v2\/product_brand?post=35996"},{"taxonomy":"product_cat","embeddable":true,"href":"https:\/\/tudomoveisbelem.com.br\/v19\/wp-json\/wp\/v2\/product_cat?post=35996"},{"taxonomy":"product_tag","embeddable":true,"href":"https:\/\/tudomoveisbelem.com.br\/v19\/wp-json\/wp\/v2\/product_tag?post=35996"}],"curies":[{"name":"wp","href":"https:\/\/api.w.org\/{rel}","templated":true}]}}