{"id":35405,"date":"2025-10-01T18:07:24","date_gmt":"2025-10-01T18:07:24","guid":{"rendered":"https:\/\/tudomoveisbelem.com.br\/v19\/?post_type=product&#038;p=35405"},"modified":"2025-10-01T18:07:25","modified_gmt":"2025-10-01T18:07:25","slug":"conjunto-de-jantar-com-tampo-organico","status":"publish","type":"product","link":"https:\/\/tudomoveisbelem.com.br\/v19\/produto\/conjunto-de-jantar-com-tampo-organico\/","title":{"rendered":"Conjunto de Jantar com Tampo Org\u00e2nico"},"content":{"rendered":"<p>\u2728\ud83c\udf77 LAN\u00c7AMENTO EXCLUSIVO \u2013 CONJUNTO DE JANTAR \ud83c\udf77\u2728<\/p>\n<p>Transforme sua sala em um espa\u00e7o de eleg\u00e2ncia e sofistica\u00e7\u00e3o com o Conjunto de Jantar com Tampo Org\u00e2nico em vidro que unem conforto e design moderno.<\/p>\n<p>\ud83c\udf1f Destaques do produto:<br \/>\n\u2714\ufe0f Mesa com base ripada em MDF: design contempor\u00e2neo que traz sofistica\u00e7\u00e3o ao ambiente<br \/>\n\u2714\ufe0f Tampo org\u00e2nico em vidro: al\u00e9m de lindo, facilita a limpeza e traz leveza visual<br \/>\n\u2714\ufe0f 6 cadeiras estofadas: assento e encosto acolchoados que garantem m\u00e1ximo conforto durante as refei\u00e7\u00f5es<br \/>\n\u2714\ufe0f Estrutura refor\u00e7ada em madeira maci\u00e7a\/MDF: resist\u00eancia que garante durabilidade por muitos anos<br \/>\n\u2714\ufe0f Estilo sofisticado: ideal para valorizar a sala de jantar e impressionar suas visitas<\/p>\n<p>\ud83d\udccf Dimens\u00f5es da mesa: Alt.: 75 cm | Larg.: 1 m | Comp.: 2 m<br \/>\n\ud83d\udccf Dimens\u00f5es das cadeiras: Alt.: 90 cm | Larg.: 44 cm | Prof.: 59 cm<\/p>\n<p>\ud83d\ude9a\ud83d\udca8 Entrega e montagem GR\u00c1TIS em Bel\u00e9m, Ananindeua e Marituba.<\/p>\n<p>\u2728 Mais que um m\u00f3vel, uma experi\u00eancia de eleg\u00e2ncia no seu lar!<\/p>\n<p>\ud83d\udcb3 Condi\u00e7\u00e3o especial:<br \/>\n<span style=\"color: #ff0000;\"><strong>10\u00d7 de R$519,90<\/strong><\/span> sem juros no cart\u00e3o ou <strong>R$5.199,00<\/strong> \u00e0 vista \ud83e\udd29<\/p>\n","protected":false},"excerpt":{"rendered":"<p>\u2728\ud83c\udf77 LAN\u00c7AMENTO EXCLUSIVO \u2013 CONJUNTO DE JANTAR \ud83c\udf77\u2728 Transforme sua sala em um espa\u00e7o de eleg\u00e2ncia e sofistica\u00e7\u00e3o com o Conjunto de Jantar com Tampo Org\u00e2nico em vidro que unem conforto e design moderno. \ud83c\udf1f Destaques do produto: \u2714\ufe0f Mesa com base ripada em MDF: design contempor\u00e2neo que traz sofistica\u00e7\u00e3o ao ambiente \u2714\ufe0f Tampo org\u00e2nico &hellip; <a href=\"https:\/\/tudomoveisbelem.com.br\/v19\/produto\/conjunto-de-jantar-com-tampo-organico\/\" class=\"more-link\">Continue lendo<span class=\"screen-reader-text\"> &#8220;Conjunto de Jantar com Tampo Org\u00e2nico&#8221;<\/span><\/a><\/p>\n","protected":false},"featured_media":35408,"comment_status":"closed","ping_status":"closed","template":"","meta":[],"product_brand":[],"product_cat":[40],"product_tag":[],"class_list":{"0":"post-35405","1":"product","2":"type-product","3":"status-publish","4":"has-post-thumbnail","6":"product_cat-mesas","8":"first","9":"instock","10":"shipping-taxable","11":"product-type-simple"},"_links":{"self":[{"href":"https:\/\/tudomoveisbelem.com.br\/v19\/wp-json\/wp\/v2\/product\/35405","targetHints":{"allow":["GET"]}}],"collection":[{"href":"https:\/\/tudomoveisbelem.com.br\/v19\/wp-json\/wp\/v2\/product"}],"about":[{"href":"https:\/\/tudomoveisbelem.com.br\/v19\/wp-json\/wp\/v2\/types\/product"}],"replies":[{"embeddable":true,"href":"https:\/\/tudomoveisbelem.com.br\/v19\/wp-json\/wp\/v2\/comments?post=35405"}],"version-history":[{"count":1,"href":"https:\/\/tudomoveisbelem.com.br\/v19\/wp-json\/wp\/v2\/product\/35405\/revisions"}],"predecessor-version":[{"id":35409,"href":"https:\/\/tudomoveisbelem.com.br\/v19\/wp-json\/wp\/v2\/product\/35405\/revisions\/35409"}],"wp:featuredmedia":[{"embeddable":true,"href":"https:\/\/tudomoveisbelem.com.br\/v19\/wp-json\/wp\/v2\/media\/35408"}],"wp:attachment":[{"href":"https:\/\/tudomoveisbelem.com.br\/v19\/wp-json\/wp\/v2\/media?parent=35405"}],"wp:term":[{"taxonomy":"product_brand","embeddable":true,"href":"https:\/\/tudomoveisbelem.com.br\/v19\/wp-json\/wp\/v2\/product_brand?post=35405"},{"taxonomy":"product_cat","embeddable":true,"href":"https:\/\/tudomoveisbelem.com.br\/v19\/wp-json\/wp\/v2\/product_cat?post=35405"},{"taxonomy":"product_tag","embeddable":true,"href":"https:\/\/tudomoveisbelem.com.br\/v19\/wp-json\/wp\/v2\/product_tag?post=35405"}],"curies":[{"name":"wp","href":"https:\/\/api.w.org\/{rel}","templated":true}]}}