{"id":35347,"date":"2025-09-30T18:25:41","date_gmt":"2025-09-30T18:25:41","guid":{"rendered":"https:\/\/tudomoveisbelem.com.br\/v19\/?post_type=product&#038;p=35347"},"modified":"2026-02-17T18:34:55","modified_gmt":"2026-02-17T18:34:55","slug":"cadeira-avulsa-bordada-e-estofada-2","status":"publish","type":"product","link":"https:\/\/tudomoveisbelem.com.br\/v19\/produto\/cadeira-avulsa-bordada-e-estofada-2\/","title":{"rendered":"Cadeira  Avulsa Bordada e Estofada"},"content":{"rendered":"<p>\ud83e\ude91\u2728 CADEIRA AVULSA BORDADA E ESTOFADA<br \/>\nO toque de eleg\u00e2ncia e conforto que seu ambiente merece! \ud83d\udc8e<\/p>\n<p>Essa cadeira \u00e9 perfeita para quem busca versatilidade com sofistica\u00e7\u00e3o. Seja na sala de jantar, no escrit\u00f3rio ou como pe\u00e7a coringa no d\u00e9cor, ela entrega beleza, resist\u00eancia e funcionalidade em cada detalhe.<\/p>\n<p>\ud83d\udd39 Destaques que encantam:<br \/>\n\u2714\ufe0f Assento estofado em espuma D-20 e encosto D-18 \u2013 mais conforto para o dia a dia<br \/>\n\u2714\ufe0f Espaldar em ABS no topo (novo!) \u2013 acabamento moderno e dur\u00e1vel<br \/>\n\u2714\ufe0f P\u00e9s refor\u00e7ados em MDF de 25mm \u2013 estrutura s\u00f3lida e resistente<br \/>\n\u2714\ufe0f Sapatas em PVC na base \u2013 maior estabilidade e prote\u00e7\u00e3o para seu piso<br \/>\n\u2714\ufe0f Detalhes bordados no encosto \u2013 eleg\u00e2ncia que valoriza qualquer ambiente<\/p>\n<p>\ud83d\udcd0 Medidas:<br \/>\nAltura: 96cm | Largura: 41cm | Profundidade: 59cm<\/p>\n<p>\ud83d\udcb3 Apenas <strong>R$499,00<\/strong> \u00e0 vista<br \/>\nou <span style=\"color: #ff0000;\">12x de <strong>R$41,59 <\/strong><\/span>sem juros no cart\u00e3o \ud83e\udd11<\/p>\n<p>\ud83d\ude9a E tem mais: entrega e montagem no mesmo dia!<br \/>\nCompre hoje e j\u00e1 use hoje mesmo! \ud83c\udfe0\u26a1<\/p>\n<p>\ud83d\udd14 Estoque limitado \u2014 garanta agora sua pe\u00e7a com design e conforto que combinam com tudo!<\/p>\n","protected":false},"excerpt":{"rendered":"<p>\ud83e\ude91\u2728 CADEIRA AVULSA BORDADA E ESTOFADA O toque de eleg\u00e2ncia e conforto que seu ambiente merece! \ud83d\udc8e Essa cadeira \u00e9 perfeita para quem busca versatilidade com sofistica\u00e7\u00e3o. Seja na sala de jantar, no escrit\u00f3rio ou como pe\u00e7a coringa no d\u00e9cor, ela entrega beleza, resist\u00eancia e funcionalidade em cada detalhe. \ud83d\udd39 Destaques que encantam: \u2714\ufe0f Assento &hellip; <a href=\"https:\/\/tudomoveisbelem.com.br\/v19\/produto\/cadeira-avulsa-bordada-e-estofada-2\/\" class=\"more-link\">Continue lendo<span class=\"screen-reader-text\"> &#8220;Cadeira  Avulsa Bordada e Estofada&#8221;<\/span><\/a><\/p>\n","protected":false},"featured_media":35348,"comment_status":"closed","ping_status":"closed","template":"","meta":[],"product_brand":[],"product_cat":[22,15],"product_tag":[],"class_list":{"0":"post-35347","1":"product","2":"type-product","3":"status-publish","4":"has-post-thumbnail","6":"product_cat-moveis","7":"product_cat-sem-categoria","9":"first","10":"instock","11":"shipping-taxable","12":"product-type-simple"},"_links":{"self":[{"href":"https:\/\/tudomoveisbelem.com.br\/v19\/wp-json\/wp\/v2\/product\/35347","targetHints":{"allow":["GET"]}}],"collection":[{"href":"https:\/\/tudomoveisbelem.com.br\/v19\/wp-json\/wp\/v2\/product"}],"about":[{"href":"https:\/\/tudomoveisbelem.com.br\/v19\/wp-json\/wp\/v2\/types\/product"}],"replies":[{"embeddable":true,"href":"https:\/\/tudomoveisbelem.com.br\/v19\/wp-json\/wp\/v2\/comments?post=35347"}],"version-history":[{"count":3,"href":"https:\/\/tudomoveisbelem.com.br\/v19\/wp-json\/wp\/v2\/product\/35347\/revisions"}],"predecessor-version":[{"id":36776,"href":"https:\/\/tudomoveisbelem.com.br\/v19\/wp-json\/wp\/v2\/product\/35347\/revisions\/36776"}],"wp:featuredmedia":[{"embeddable":true,"href":"https:\/\/tudomoveisbelem.com.br\/v19\/wp-json\/wp\/v2\/media\/35348"}],"wp:attachment":[{"href":"https:\/\/tudomoveisbelem.com.br\/v19\/wp-json\/wp\/v2\/media?parent=35347"}],"wp:term":[{"taxonomy":"product_brand","embeddable":true,"href":"https:\/\/tudomoveisbelem.com.br\/v19\/wp-json\/wp\/v2\/product_brand?post=35347"},{"taxonomy":"product_cat","embeddable":true,"href":"https:\/\/tudomoveisbelem.com.br\/v19\/wp-json\/wp\/v2\/product_cat?post=35347"},{"taxonomy":"product_tag","embeddable":true,"href":"https:\/\/tudomoveisbelem.com.br\/v19\/wp-json\/wp\/v2\/product_tag?post=35347"}],"curies":[{"name":"wp","href":"https:\/\/api.w.org\/{rel}","templated":true}]}}