{"id":35248,"date":"2025-09-18T14:14:53","date_gmt":"2025-09-18T14:14:53","guid":{"rendered":"https:\/\/tudomoveisbelem.com.br\/v19\/?post_type=product&#038;p=35248"},"modified":"2026-03-10T18:15:46","modified_gmt":"2026-03-10T18:15:46","slug":"roupeiro-casal-100-mdf-com-espelhos-e-6-portas","status":"publish","type":"product","link":"https:\/\/tudomoveisbelem.com.br\/v19\/produto\/roupeiro-casal-100-mdf-com-espelhos-e-6-portas\/","title":{"rendered":"Roupeiro Casal 100% MDF com Espelhos e 6 Portas"},"content":{"rendered":"<p>NOVIDADE EXCLUSIVA NA TUDO M\u00d3VEIS! \u2728<br \/>\nMais eleg\u00e2ncia, organiza\u00e7\u00e3o e qualidade para transformar o quarto do casal!<\/p>\n<p>\ud83e\ude9eROUPEIRO CASAL \u2014 6 PORTAS | 100% MDF | COM ESPELHO!<\/p>\n<p>Produzido 100% em MDF \u2014 resist\u00eancia e durabilidade incompar\u00e1veis!<br \/>\nDesign clean e sofisticado \u2014 valoriza qualquer ambiente!<br \/>\nPortas com amplos espelhos \u2014 sensa\u00e7\u00e3o de amplitude no quarto!<br \/>\nPuxadores discretos \u2014 harmonia total no visual do m\u00f3vel!<br \/>\nAmplo espa\u00e7o interno \u2014 com gavetas, nichos e prateleiras bem distribu\u00eddas!<br \/>\nOrganiza\u00e7\u00e3o total \u2014 acomode roupas, acess\u00f3rios, sapatos e muito mais!<\/p>\n<p>Dimens\u00f5es:<br \/>\nAltura: 2,40m | Largura: 2,67m | Profundidade: 56cm<\/p>\n<p>Por apenas 12x de R$ 499,92 sem juros no cart\u00e3o ou \u00e0 vista por R$ 5.999,00<\/p>\n<p>Entrega e montagem gr\u00e1tis em Bel\u00e9m, Ananindeua e Marituba!<br \/>\nCompre na loja f\u00edsica ou pe\u00e7a pelo WhatsApp e pague s\u00f3 na entrega!<\/p>\n<p>M\u00f3veis novos direto da loja para sua casa, com garantia do fabricante!<\/p>\n<p>Garanta o seu agora e tenha o quarto organizado e elegante que voc\u00ea merece!<\/p>\n","protected":false},"excerpt":{"rendered":"<p>NOVIDADE EXCLUSIVA NA TUDO M\u00d3VEIS! \u2728 Mais eleg\u00e2ncia, organiza\u00e7\u00e3o e qualidade para transformar o quarto do casal! \ud83e\ude9eROUPEIRO CASAL \u2014 6 PORTAS | 100% MDF | COM ESPELHO! Produzido 100% em MDF \u2014 resist\u00eancia e durabilidade incompar\u00e1veis! Design clean e sofisticado \u2014 valoriza qualquer ambiente! Portas com amplos espelhos \u2014 sensa\u00e7\u00e3o de amplitude no quarto! &hellip; <a href=\"https:\/\/tudomoveisbelem.com.br\/v19\/produto\/roupeiro-casal-100-mdf-com-espelhos-e-6-portas\/\" class=\"more-link\">Continue lendo<span class=\"screen-reader-text\"> &#8220;Roupeiro Casal 100% MDF com Espelhos e 6 Portas&#8221;<\/span><\/a><\/p>\n","protected":false},"featured_media":35251,"comment_status":"closed","ping_status":"closed","template":"","meta":[],"product_brand":[],"product_cat":[41],"product_tag":[],"class_list":{"0":"post-35248","1":"product","2":"type-product","3":"status-publish","4":"has-post-thumbnail","6":"product_cat-roupeiros","8":"first","9":"instock","10":"shipping-taxable","11":"product-type-simple"},"_links":{"self":[{"href":"https:\/\/tudomoveisbelem.com.br\/v19\/wp-json\/wp\/v2\/product\/35248","targetHints":{"allow":["GET"]}}],"collection":[{"href":"https:\/\/tudomoveisbelem.com.br\/v19\/wp-json\/wp\/v2\/product"}],"about":[{"href":"https:\/\/tudomoveisbelem.com.br\/v19\/wp-json\/wp\/v2\/types\/product"}],"replies":[{"embeddable":true,"href":"https:\/\/tudomoveisbelem.com.br\/v19\/wp-json\/wp\/v2\/comments?post=35248"}],"version-history":[{"count":6,"href":"https:\/\/tudomoveisbelem.com.br\/v19\/wp-json\/wp\/v2\/product\/35248\/revisions"}],"predecessor-version":[{"id":36988,"href":"https:\/\/tudomoveisbelem.com.br\/v19\/wp-json\/wp\/v2\/product\/35248\/revisions\/36988"}],"wp:featuredmedia":[{"embeddable":true,"href":"https:\/\/tudomoveisbelem.com.br\/v19\/wp-json\/wp\/v2\/media\/35251"}],"wp:attachment":[{"href":"https:\/\/tudomoveisbelem.com.br\/v19\/wp-json\/wp\/v2\/media?parent=35248"}],"wp:term":[{"taxonomy":"product_brand","embeddable":true,"href":"https:\/\/tudomoveisbelem.com.br\/v19\/wp-json\/wp\/v2\/product_brand?post=35248"},{"taxonomy":"product_cat","embeddable":true,"href":"https:\/\/tudomoveisbelem.com.br\/v19\/wp-json\/wp\/v2\/product_cat?post=35248"},{"taxonomy":"product_tag","embeddable":true,"href":"https:\/\/tudomoveisbelem.com.br\/v19\/wp-json\/wp\/v2\/product_tag?post=35248"}],"curies":[{"name":"wp","href":"https:\/\/api.w.org\/{rel}","templated":true}]}}