{"id":35242,"date":"2025-09-18T13:47:50","date_gmt":"2025-09-18T13:47:50","guid":{"rendered":"https:\/\/tudomoveisbelem.com.br\/v19\/?post_type=product&#038;p=35242"},"modified":"2026-03-30T17:04:23","modified_gmt":"2026-03-30T17:04:23","slug":"roupeiro-100-mdf-4-portas","status":"publish","type":"product","link":"https:\/\/tudomoveisbelem.com.br\/v19\/produto\/roupeiro-100-mdf-4-portas\/","title":{"rendered":"Roupeiro 100% MDF 4 portas 10x de R$219,90."},"content":{"rendered":"<p>\u2728 CHEGOU NA TUDO M\u00d3VEIS! \u2728<br \/>\nMais qualidade, eleg\u00e2ncia e organiza\u00e7\u00e3o para o quarto de solteiro!<\/p>\n<p>\ud83e\ude9e ROUPEIRO SOLTEIRO \u2014 4 PORTAS | 100% MDF!<\/p>\n<p>\u2705 Produzido 100% em MDF \u2014 mais resist\u00eancia e durabilidade!<br \/>\n\u2705 Acabamento em pintura UV \u2014 protege o m\u00f3vel e valoriza o visual!<br \/>\n\u2705 4 portas de abrir \u2014 acesso pr\u00e1tico ao espa\u00e7o interno!<br \/>\n\u2705 4 gavetas \u2014 sendo 2 super amplas para otimizar a organiza\u00e7\u00e3o!<br \/>\n\u2705 Prateleiras internas \u2014 mais espa\u00e7o para roupas e acess\u00f3rios!<br \/>\n\u2705 Cabideiro em alum\u00ednio com suporte met\u00e1lico \u2014 seguran\u00e7a para pendurar suas pe\u00e7as!<br \/>\n\u2705 Design clean \u2014 combina com qualquer estilo de quarto!<\/p>\n<p>\ud83d\udccf Dimens\u00f5es:<br \/>\nAltura: 2,22m | Largura: 1,28m | Profundidade: 46cm<\/p>\n<p>\ud83d\udcb0 Por apenas 10x de <strong>R$219,90<\/strong> sem juros no cart\u00e3o ou \u00e0 vista <strong>R$2.199,00<\/strong>!<\/p>\n<p>\ud83d\ude9a Entrega e montagem gr\u00e1tis em Bel\u00e9m, Ananindeua e Marituba!<br \/>\n\ud83d\udcb3 Compre na loja f\u00edsica ou pe\u00e7a pelo WhatsApp e pague s\u00f3 na entrega!<\/p>\n<p>\ud83c\udfe0 M\u00f3veis novos direto da loja para sua casa, com garantia do fabricante!<\/p>\n<p>\ud83d\udc49 Garanta j\u00e1 o seu e organize seu quarto com muito mais estilo!<\/p>\n","protected":false},"excerpt":{"rendered":"<p>\u2728 CHEGOU NA TUDO M\u00d3VEIS! \u2728 Mais qualidade, eleg\u00e2ncia e organiza\u00e7\u00e3o para o quarto de solteiro! \ud83e\ude9e ROUPEIRO SOLTEIRO \u2014 4 PORTAS | 100% MDF! \u2705 Produzido 100% em MDF \u2014 mais resist\u00eancia e durabilidade! \u2705 Acabamento em pintura UV \u2014 protege o m\u00f3vel e valoriza o visual! \u2705 4 portas de abrir \u2014 acesso &hellip; <a href=\"https:\/\/tudomoveisbelem.com.br\/v19\/produto\/roupeiro-100-mdf-4-portas\/\" class=\"more-link\">Continue lendo<span class=\"screen-reader-text\"> &#8220;Roupeiro 100% MDF 4 portas 10x de R$219,90.&#8221;<\/span><\/a><\/p>\n","protected":false},"featured_media":35245,"comment_status":"closed","ping_status":"closed","template":"","meta":[],"product_brand":[],"product_cat":[41],"product_tag":[],"class_list":{"0":"post-35242","1":"product","2":"type-product","3":"status-publish","4":"has-post-thumbnail","6":"product_cat-roupeiros","8":"first","9":"instock","10":"shipping-taxable","11":"product-type-simple"},"_links":{"self":[{"href":"https:\/\/tudomoveisbelem.com.br\/v19\/wp-json\/wp\/v2\/product\/35242","targetHints":{"allow":["GET"]}}],"collection":[{"href":"https:\/\/tudomoveisbelem.com.br\/v19\/wp-json\/wp\/v2\/product"}],"about":[{"href":"https:\/\/tudomoveisbelem.com.br\/v19\/wp-json\/wp\/v2\/types\/product"}],"replies":[{"embeddable":true,"href":"https:\/\/tudomoveisbelem.com.br\/v19\/wp-json\/wp\/v2\/comments?post=35242"}],"version-history":[{"count":2,"href":"https:\/\/tudomoveisbelem.com.br\/v19\/wp-json\/wp\/v2\/product\/35242\/revisions"}],"predecessor-version":[{"id":37162,"href":"https:\/\/tudomoveisbelem.com.br\/v19\/wp-json\/wp\/v2\/product\/35242\/revisions\/37162"}],"wp:featuredmedia":[{"embeddable":true,"href":"https:\/\/tudomoveisbelem.com.br\/v19\/wp-json\/wp\/v2\/media\/35245"}],"wp:attachment":[{"href":"https:\/\/tudomoveisbelem.com.br\/v19\/wp-json\/wp\/v2\/media?parent=35242"}],"wp:term":[{"taxonomy":"product_brand","embeddable":true,"href":"https:\/\/tudomoveisbelem.com.br\/v19\/wp-json\/wp\/v2\/product_brand?post=35242"},{"taxonomy":"product_cat","embeddable":true,"href":"https:\/\/tudomoveisbelem.com.br\/v19\/wp-json\/wp\/v2\/product_cat?post=35242"},{"taxonomy":"product_tag","embeddable":true,"href":"https:\/\/tudomoveisbelem.com.br\/v19\/wp-json\/wp\/v2\/product_tag?post=35242"}],"curies":[{"name":"wp","href":"https:\/\/api.w.org\/{rel}","templated":true}]}}