{"id":35213,"date":"2025-09-16T20:20:52","date_gmt":"2025-09-16T20:20:52","guid":{"rendered":"https:\/\/tudomoveisbelem.com.br\/v19\/?post_type=product&#038;p=35213"},"modified":"2026-03-30T15:24:13","modified_gmt":"2026-03-30T15:24:13","slug":"sofa-zeus-luxuoso-retratil-e-reclinavel-de-250m","status":"publish","type":"product","link":"https:\/\/tudomoveisbelem.com.br\/v19\/produto\/sofa-zeus-luxuoso-retratil-e-reclinavel-de-250m\/","title":{"rendered":"Sof\u00e1 Luxuoso Retr\u00e1til e Reclin\u00e1vel 2,50m Com Molas 12x sem juros de R$449,92."},"content":{"rendered":"<p>SOF\u00c1 2,50M ALTO PADR\u00c3O COM MOLAS E PILLOWTOP<\/p>\n<p>A escolha ideal para quem busca conforto, sofistica\u00e7\u00e3o e qualidade de verdade para a sala de estar. Um sof\u00e1 amplo, elegante e pensado para proporcionar momentos de descanso com muito mais conforto.<\/p>\n<p>Destaques que fazem toda a diferen\u00e7a:<br \/>\n\u2014 Revestido em veludo: toque macio, visual elegante e f\u00e1cil de limpar.<br \/>\n\u2014 Assentos com pillow, molas e fibra siliconada: conforto extra e muito mais maciez.<br \/>\n\u2014 Estrutura bipartida: entra em qualquer elevador ou porta com facilidade.<br \/>\n\u2014 Catraca com 4 est\u00e1gios de reclinagem: ajuste ideal para o descanso.<br \/>\n\u2014 Encostos com fibras siliconadas: mais maciez e durabilidade.<br \/>\n\u2014 Rod\u00edzios: mais praticidade e mobilidade no dia a dia.<\/p>\n<p>Entrega e montagem GR\u00c1TIS no mesmo dia em Bel\u00e9m, Ananindeua e Marituba.<\/p>\n<p>Promo\u00e7\u00e3o<br \/>\nDe R$6.700,00<br \/>\nPor apenas 12x sem juros de R$449,92 no cart\u00e3o<br \/>\nou \u00e0 vista por R$5.399,00.<\/p>\n","protected":false},"excerpt":{"rendered":"<p>SOF\u00c1 2,50M ALTO PADR\u00c3O COM MOLAS E PILLOWTOP A escolha ideal para quem busca conforto, sofistica\u00e7\u00e3o e qualidade de verdade para a sala de estar. Um sof\u00e1 amplo, elegante e pensado para proporcionar momentos de descanso com muito mais conforto. Destaques que fazem toda a diferen\u00e7a: \u2014 Revestido em veludo: toque macio, visual elegante e &hellip; <a href=\"https:\/\/tudomoveisbelem.com.br\/v19\/produto\/sofa-zeus-luxuoso-retratil-e-reclinavel-de-250m\/\" class=\"more-link\">Continue lendo<span class=\"screen-reader-text\"> &#8220;Sof\u00e1 Luxuoso Retr\u00e1til e Reclin\u00e1vel 2,50m Com Molas 12x sem juros de R$449,92.&#8221;<\/span><\/a><\/p>\n","protected":false},"featured_media":37123,"comment_status":"closed","ping_status":"closed","template":"","meta":[],"product_brand":[],"product_cat":[30],"product_tag":[],"class_list":{"0":"post-35213","1":"product","2":"type-product","3":"status-publish","4":"has-post-thumbnail","6":"product_cat-sofas","8":"first","9":"instock","10":"shipping-taxable","11":"product-type-simple"},"_links":{"self":[{"href":"https:\/\/tudomoveisbelem.com.br\/v19\/wp-json\/wp\/v2\/product\/35213","targetHints":{"allow":["GET"]}}],"collection":[{"href":"https:\/\/tudomoveisbelem.com.br\/v19\/wp-json\/wp\/v2\/product"}],"about":[{"href":"https:\/\/tudomoveisbelem.com.br\/v19\/wp-json\/wp\/v2\/types\/product"}],"replies":[{"embeddable":true,"href":"https:\/\/tudomoveisbelem.com.br\/v19\/wp-json\/wp\/v2\/comments?post=35213"}],"version-history":[{"count":4,"href":"https:\/\/tudomoveisbelem.com.br\/v19\/wp-json\/wp\/v2\/product\/35213\/revisions"}],"predecessor-version":[{"id":37124,"href":"https:\/\/tudomoveisbelem.com.br\/v19\/wp-json\/wp\/v2\/product\/35213\/revisions\/37124"}],"wp:featuredmedia":[{"embeddable":true,"href":"https:\/\/tudomoveisbelem.com.br\/v19\/wp-json\/wp\/v2\/media\/37123"}],"wp:attachment":[{"href":"https:\/\/tudomoveisbelem.com.br\/v19\/wp-json\/wp\/v2\/media?parent=35213"}],"wp:term":[{"taxonomy":"product_brand","embeddable":true,"href":"https:\/\/tudomoveisbelem.com.br\/v19\/wp-json\/wp\/v2\/product_brand?post=35213"},{"taxonomy":"product_cat","embeddable":true,"href":"https:\/\/tudomoveisbelem.com.br\/v19\/wp-json\/wp\/v2\/product_cat?post=35213"},{"taxonomy":"product_tag","embeddable":true,"href":"https:\/\/tudomoveisbelem.com.br\/v19\/wp-json\/wp\/v2\/product_tag?post=35213"}],"curies":[{"name":"wp","href":"https:\/\/api.w.org\/{rel}","templated":true}]}}