{"id":35003,"date":"2025-09-08T13:04:47","date_gmt":"2025-09-08T13:04:47","guid":{"rendered":"https:\/\/tudomoveisbelem.com.br\/v19\/?post_type=product&#038;p=35003"},"modified":"2025-09-08T13:04:48","modified_gmt":"2025-09-08T13:04:48","slug":"conjunto-home-com-led-para-tvs-de-ate-85","status":"publish","type":"product","link":"https:\/\/tudomoveisbelem.com.br\/v19\/produto\/conjunto-home-com-led-para-tvs-de-ate-85\/","title":{"rendered":"Conjunto Home com LED \u2013 para TVs de at\u00e9 85\u201d"},"content":{"rendered":"<p>\ud83d\udea8 LAN\u00c7AMENTO EXCLUSIVO NA TUDO M\u00d3VEIS! \ud83d\udea8<\/p>\n<p>Chegou o Conjunto Home com LED \u2013 para TVs de at\u00e9 85\u201d \ud83d\udda4<br \/>\nTransforme sua sala em um ambiente elegante, moderno e cheio de sofistica\u00e7\u00e3o!<\/p>\n<p>\u2728 Destaques que impressionam:<br \/>\n\u2714 Design moderno com detalhes ondulados \u2013 toque de exclusividade para seu espa\u00e7o<br \/>\n\u2714 Ilumina\u00e7\u00e3o em LED \u2013 valoriza a decora\u00e7\u00e3o e cria um clima aconchegante<br \/>\n\u2714 Amplo espa\u00e7o para sua TV e objetos decorativos \u2013 funcionalidade com estilo<\/p>\n<p>\ud83d\udccf Medidas:<br \/>\nDIMENS\u00d5ES PAINEL: Altura: 1,41m \/ Largura: 2,39m \/ Profundidade: 0,06m<br \/>\nDIMENS\u00d5ES RACK: Altura: 59 Cm \/ Largura: 2,39m \/ Profundidade: 45 cm<\/p>\n<p>\ud83d\udcb3 Condi\u00e7\u00f5es especiais de lan\u00e7amento:<br \/>\n\ud83d\udc49 10x de <span style=\"color: #ff0000;\">R$419,90<\/span> sem juros<br \/>\n\ud83d\udc49 ou<span style=\"color: #ff0000;\"> R$4.199,00<\/span> \u00e0 vista<\/p>\n<p>\u26a1\ufe0f Garanta j\u00e1 o seu com entrega e montagem gr\u00e1tis no mesmo dia!<\/p>\n<p>\u2728 Eleve sua sala a um novo patamar de eleg\u00e2ncia e modernidade! \u2728<\/p>\n","protected":false},"excerpt":{"rendered":"<p>\ud83d\udea8 LAN\u00c7AMENTO EXCLUSIVO NA TUDO M\u00d3VEIS! \ud83d\udea8 Chegou o Conjunto Home com LED \u2013 para TVs de at\u00e9 85\u201d \ud83d\udda4 Transforme sua sala em um ambiente elegante, moderno e cheio de sofistica\u00e7\u00e3o! \u2728 Destaques que impressionam: \u2714 Design moderno com detalhes ondulados \u2013 toque de exclusividade para seu espa\u00e7o \u2714 Ilumina\u00e7\u00e3o em LED \u2013 valoriza &hellip; <a href=\"https:\/\/tudomoveisbelem.com.br\/v19\/produto\/conjunto-home-com-led-para-tvs-de-ate-85\/\" class=\"more-link\">Continue lendo<span class=\"screen-reader-text\"> &#8220;Conjunto Home com LED \u2013 para TVs de at\u00e9 85\u201d&#8221;<\/span><\/a><\/p>\n","protected":false},"featured_media":35004,"comment_status":"closed","ping_status":"closed","template":"","meta":[],"product_brand":[],"product_cat":[48],"product_tag":[],"class_list":{"0":"post-35003","1":"product","2":"type-product","3":"status-publish","4":"has-post-thumbnail","6":"product_cat-rack-painel","8":"first","9":"instock","10":"shipping-taxable","11":"product-type-simple"},"_links":{"self":[{"href":"https:\/\/tudomoveisbelem.com.br\/v19\/wp-json\/wp\/v2\/product\/35003","targetHints":{"allow":["GET"]}}],"collection":[{"href":"https:\/\/tudomoveisbelem.com.br\/v19\/wp-json\/wp\/v2\/product"}],"about":[{"href":"https:\/\/tudomoveisbelem.com.br\/v19\/wp-json\/wp\/v2\/types\/product"}],"replies":[{"embeddable":true,"href":"https:\/\/tudomoveisbelem.com.br\/v19\/wp-json\/wp\/v2\/comments?post=35003"}],"version-history":[{"count":1,"href":"https:\/\/tudomoveisbelem.com.br\/v19\/wp-json\/wp\/v2\/product\/35003\/revisions"}],"predecessor-version":[{"id":35007,"href":"https:\/\/tudomoveisbelem.com.br\/v19\/wp-json\/wp\/v2\/product\/35003\/revisions\/35007"}],"wp:featuredmedia":[{"embeddable":true,"href":"https:\/\/tudomoveisbelem.com.br\/v19\/wp-json\/wp\/v2\/media\/35004"}],"wp:attachment":[{"href":"https:\/\/tudomoveisbelem.com.br\/v19\/wp-json\/wp\/v2\/media?parent=35003"}],"wp:term":[{"taxonomy":"product_brand","embeddable":true,"href":"https:\/\/tudomoveisbelem.com.br\/v19\/wp-json\/wp\/v2\/product_brand?post=35003"},{"taxonomy":"product_cat","embeddable":true,"href":"https:\/\/tudomoveisbelem.com.br\/v19\/wp-json\/wp\/v2\/product_cat?post=35003"},{"taxonomy":"product_tag","embeddable":true,"href":"https:\/\/tudomoveisbelem.com.br\/v19\/wp-json\/wp\/v2\/product_tag?post=35003"}],"curies":[{"name":"wp","href":"https:\/\/api.w.org\/{rel}","templated":true}]}}