{"id":34996,"date":"2025-09-08T13:02:50","date_gmt":"2025-09-08T13:02:50","guid":{"rendered":"https:\/\/tudomoveisbelem.com.br\/v19\/?post_type=product&#038;p=34996"},"modified":"2026-02-26T18:02:08","modified_gmt":"2026-02-26T18:02:08","slug":"conjunto-home-com-led-para-tvs-de-ate-70","status":"publish","type":"product","link":"https:\/\/tudomoveisbelem.com.br\/v19\/produto\/conjunto-home-com-led-para-tvs-de-ate-70\/","title":{"rendered":"Conjunto Home com LED para TVs de at\u00e9 70\u201d"},"content":{"rendered":"<p>\ud83d\udea8 LAN\u00c7AMENTO EXCLUSIVO \ud83d\udea8<\/p>\n<p>Chegou o Conjunto Home com LED para TVs de at\u00e9 70\u201d \u2013 S\u00e3o Paulo \ud83d\udda4<br \/>\nO m\u00f3vel que une modernidade, funcionalidade e estilo para transformar sua sala!<\/p>\n<p>\u2728 Destaques principais:<br \/>\n\u2714 Amplo espa\u00e7o de armazenamento \u2013 duas gavetas e uma porta com puxadores em alum\u00ednio<br \/>\n\u2714 Prateleiras com LED \u2013 ilumina\u00e7\u00e3o que valoriza seus objetos decorativos<br \/>\n\u2714 Painel ripado e painel suspenso com LED \u2013 toque de sofistica\u00e7\u00e3o e modernidade<br \/>\n\u2714 M\u00f3dulo lateral flex\u00edvel \u2013 pode ser montado \u00e0 direita ou \u00e0 esquerda, adaptando-se ao seu ambiente<\/p>\n<p>\ud83d\udccf Medidas:<br \/>\nAltura: 1,98 m | Comprimento: 2,38 m | Largura: 0,41 m<\/p>\n<p>\ud83d\udcb3 Condi\u00e7\u00f5es de lan\u00e7amento:<br \/>\n\ud83d\udc49 12x de <span style=\"color: #ff0000;\">R$399,92<\/span> sem juros<br \/>\n\ud83d\udc49 ou<span style=\"color: #ff0000;\"> R$4.799,00<\/span> \u00e0 vista<\/p>\n<p>\u26a1\ufe0f Garanta j\u00e1 o seu com entrega e montagem gr\u00e1tis no mesmo dia!<\/p>\n<p>\u2728 Transforme sua sala e seja o protagonista do seu espa\u00e7o! \u2728<\/p>\n","protected":false},"excerpt":{"rendered":"<p>\ud83d\udea8 LAN\u00c7AMENTO EXCLUSIVO \ud83d\udea8 Chegou o Conjunto Home com LED para TVs de at\u00e9 70\u201d \u2013 S\u00e3o Paulo \ud83d\udda4 O m\u00f3vel que une modernidade, funcionalidade e estilo para transformar sua sala! \u2728 Destaques principais: \u2714 Amplo espa\u00e7o de armazenamento \u2013 duas gavetas e uma porta com puxadores em alum\u00ednio \u2714 Prateleiras com LED \u2013 ilumina\u00e7\u00e3o &hellip; <a href=\"https:\/\/tudomoveisbelem.com.br\/v19\/produto\/conjunto-home-com-led-para-tvs-de-ate-70\/\" class=\"more-link\">Continue lendo<span class=\"screen-reader-text\"> &#8220;Conjunto Home com LED para TVs de at\u00e9 70\u201d&#8221;<\/span><\/a><\/p>\n","protected":false},"featured_media":34997,"comment_status":"closed","ping_status":"closed","template":"","meta":[],"product_brand":[],"product_cat":[45,44,48,43],"product_tag":[],"class_list":{"0":"post-34996","1":"product","2":"type-product","3":"status-publish","4":"has-post-thumbnail","6":"product_cat-estante-home","7":"product_cat-paineis","8":"product_cat-rack-painel","9":"product_cat-racks","11":"first","12":"instock","13":"shipping-taxable","14":"product-type-simple"},"_links":{"self":[{"href":"https:\/\/tudomoveisbelem.com.br\/v19\/wp-json\/wp\/v2\/product\/34996","targetHints":{"allow":["GET"]}}],"collection":[{"href":"https:\/\/tudomoveisbelem.com.br\/v19\/wp-json\/wp\/v2\/product"}],"about":[{"href":"https:\/\/tudomoveisbelem.com.br\/v19\/wp-json\/wp\/v2\/types\/product"}],"replies":[{"embeddable":true,"href":"https:\/\/tudomoveisbelem.com.br\/v19\/wp-json\/wp\/v2\/comments?post=34996"}],"version-history":[{"count":2,"href":"https:\/\/tudomoveisbelem.com.br\/v19\/wp-json\/wp\/v2\/product\/34996\/revisions"}],"predecessor-version":[{"id":36814,"href":"https:\/\/tudomoveisbelem.com.br\/v19\/wp-json\/wp\/v2\/product\/34996\/revisions\/36814"}],"wp:featuredmedia":[{"embeddable":true,"href":"https:\/\/tudomoveisbelem.com.br\/v19\/wp-json\/wp\/v2\/media\/34997"}],"wp:attachment":[{"href":"https:\/\/tudomoveisbelem.com.br\/v19\/wp-json\/wp\/v2\/media?parent=34996"}],"wp:term":[{"taxonomy":"product_brand","embeddable":true,"href":"https:\/\/tudomoveisbelem.com.br\/v19\/wp-json\/wp\/v2\/product_brand?post=34996"},{"taxonomy":"product_cat","embeddable":true,"href":"https:\/\/tudomoveisbelem.com.br\/v19\/wp-json\/wp\/v2\/product_cat?post=34996"},{"taxonomy":"product_tag","embeddable":true,"href":"https:\/\/tudomoveisbelem.com.br\/v19\/wp-json\/wp\/v2\/product_tag?post=34996"}],"curies":[{"name":"wp","href":"https:\/\/api.w.org\/{rel}","templated":true}]}}