{"id":34993,"date":"2025-09-08T13:00:23","date_gmt":"2025-09-08T13:00:23","guid":{"rendered":"https:\/\/tudomoveisbelem.com.br\/v19\/?post_type=product&#038;p=34993"},"modified":"2025-09-08T13:00:23","modified_gmt":"2025-09-08T13:00:23","slug":"aparador-decorativo-em-couro-ecologico","status":"publish","type":"product","link":"https:\/\/tudomoveisbelem.com.br\/v19\/produto\/aparador-decorativo-em-couro-ecologico\/","title":{"rendered":"Aparador Decorativo em Couro Ecol\u00f3gico"},"content":{"rendered":"<p>\ud83d\udea8 LAN\u00c7AMENTO EXCLUSIVO \ud83d\udea8<\/p>\n<p>Apresentamos o Aparador Decorativo em Couro Ecol\u00f3gico \u2013 M\u00f4naco da Linea Brasil \ud83d\udda4<br \/>\nUm toque de modernidade e sofistica\u00e7\u00e3o que transforma seu ambiente em segundos!<\/p>\n<p>\u2728 Destaques que encantam:<br \/>\n\u2714 Estrutura em a\u00e7o de alta resist\u00eancia \u2013 garante estabilidade e durabilidade para o seu m\u00f3vel<br \/>\n\u2714 Tampo arredondado \u2013 design elegante que proporciona leveza ao ambiente<br \/>\n\u2714 Acabamento em couro ecol\u00f3gico com costuras aparentes \u2013 sofistica\u00e7\u00e3o em cada detalhe, trazendo personalidade \u00e0 pe\u00e7a<\/p>\n<p>\ud83d\udccf Medidas:<br \/>\nAltura: 0,80 m | Comprimento: 1,39 m | Largura: 0,37 m<\/p>\n<p>\ud83d\udcb3 Condi\u00e7\u00f5es especiais de lan\u00e7amento:<br \/>\n\ud83d\udc49 10x de <span style=\"color: #ff0000;\">R$169,90<\/span> sem juros<br \/>\n\ud83d\udc49 ou<span style=\"color: #ff0000;\"> R$1.699,00<\/span> \u00e0 vista<\/p>\n<p>\u26a1\ufe0f Garanta j\u00e1 o seu com entrega e montagem gr\u00e1tis no mesmo dia!<\/p>\n","protected":false},"excerpt":{"rendered":"<p>\ud83d\udea8 LAN\u00c7AMENTO EXCLUSIVO \ud83d\udea8 Apresentamos o Aparador Decorativo em Couro Ecol\u00f3gico \u2013 M\u00f4naco da Linea Brasil \ud83d\udda4 Um toque de modernidade e sofistica\u00e7\u00e3o que transforma seu ambiente em segundos! \u2728 Destaques que encantam: \u2714 Estrutura em a\u00e7o de alta resist\u00eancia \u2013 garante estabilidade e durabilidade para o seu m\u00f3vel \u2714 Tampo arredondado \u2013 design elegante &hellip; <a href=\"https:\/\/tudomoveisbelem.com.br\/v19\/produto\/aparador-decorativo-em-couro-ecologico\/\" class=\"more-link\">Continue lendo<span class=\"screen-reader-text\"> &#8220;Aparador Decorativo em Couro Ecol\u00f3gico&#8221;<\/span><\/a><\/p>\n","protected":false},"featured_media":34994,"comment_status":"closed","ping_status":"closed","template":"","meta":[],"product_brand":[],"product_cat":[47],"product_tag":[],"class_list":{"0":"post-34993","1":"product","2":"type-product","3":"status-publish","4":"has-post-thumbnail","6":"product_cat-aparadores","8":"first","9":"instock","10":"shipping-taxable","11":"product-type-simple"},"_links":{"self":[{"href":"https:\/\/tudomoveisbelem.com.br\/v19\/wp-json\/wp\/v2\/product\/34993","targetHints":{"allow":["GET"]}}],"collection":[{"href":"https:\/\/tudomoveisbelem.com.br\/v19\/wp-json\/wp\/v2\/product"}],"about":[{"href":"https:\/\/tudomoveisbelem.com.br\/v19\/wp-json\/wp\/v2\/types\/product"}],"replies":[{"embeddable":true,"href":"https:\/\/tudomoveisbelem.com.br\/v19\/wp-json\/wp\/v2\/comments?post=34993"}],"version-history":[{"count":1,"href":"https:\/\/tudomoveisbelem.com.br\/v19\/wp-json\/wp\/v2\/product\/34993\/revisions"}],"predecessor-version":[{"id":34995,"href":"https:\/\/tudomoveisbelem.com.br\/v19\/wp-json\/wp\/v2\/product\/34993\/revisions\/34995"}],"wp:featuredmedia":[{"embeddable":true,"href":"https:\/\/tudomoveisbelem.com.br\/v19\/wp-json\/wp\/v2\/media\/34994"}],"wp:attachment":[{"href":"https:\/\/tudomoveisbelem.com.br\/v19\/wp-json\/wp\/v2\/media?parent=34993"}],"wp:term":[{"taxonomy":"product_brand","embeddable":true,"href":"https:\/\/tudomoveisbelem.com.br\/v19\/wp-json\/wp\/v2\/product_brand?post=34993"},{"taxonomy":"product_cat","embeddable":true,"href":"https:\/\/tudomoveisbelem.com.br\/v19\/wp-json\/wp\/v2\/product_cat?post=34993"},{"taxonomy":"product_tag","embeddable":true,"href":"https:\/\/tudomoveisbelem.com.br\/v19\/wp-json\/wp\/v2\/product_tag?post=34993"}],"curies":[{"name":"wp","href":"https:\/\/api.w.org\/{rel}","templated":true}]}}