{"id":34917,"date":"2025-08-28T17:01:27","date_gmt":"2025-08-28T17:01:27","guid":{"rendered":"https:\/\/tudomoveisbelem.com.br\/v19\/?post_type=product&#038;p=34917"},"modified":"2026-01-14T19:07:09","modified_gmt":"2026-01-14T19:07:09","slug":"roupeiro-casal-ripado-3-portas-de-correr-com-espelho-por-apenas-10x-de-r26990","status":"publish","type":"product","link":"https:\/\/tudomoveisbelem.com.br\/v19\/produto\/roupeiro-casal-ripado-3-portas-de-correr-com-espelho-por-apenas-10x-de-r26990\/","title":{"rendered":"Roupeiro Casal Ripado 3 Portas de Correr com Espelho por apenas."},"content":{"rendered":"<p>\ud83d\udea8 LAN\u00c7AMENTO EXCLUSIVO NA TUDO M\u00d3VEIS! \ud83d\udea8<br \/>\n\ud83e\ude9e\u2728 ROUPEIRO CASAL RIPADO 3 PORTAS DE CORRER COM ESPELHO<\/p>\n<p>Um lan\u00e7amento que chegou para elevar o n\u00edvel do seu quarto com design moderno, praticidade e um acabamento sofisticado!<\/p>\n<p>\ud83d\udd39 Destaques do roupeiro:<br \/>\n\u2714\ufe0f Estrutura com pintura UV fosca \u2014 resistente e dur\u00e1vel<br \/>\n\u2714\ufe0f 3 portas de correr, sendo a central com espelho em moldura met\u00e1lica<br \/>\n\u2714\ufe0f Detalhes ripados nas laterais \u2014 charme e sofistica\u00e7\u00e3o<br \/>\n\u2714\ufe0f Sistema FLEX: uma porta em nude e outra em preto, escolha o estilo que combina com voc\u00ea<br \/>\n\u2714\ufe0f Interior super funcional:<br \/>\n\u25aa\ufe0f 2 gavetas com corredi\u00e7as met\u00e1licas<br \/>\n\u25aa\ufe0f 4 prateleiras (at\u00e9 5kg cada)<br \/>\n\u25aa\ufe0f 4 cabideiros met\u00e1licos<br \/>\n\u25aa\ufe0f Maleiro amplo<br \/>\n\u25aa\ufe0f Espa\u00e7o exclusivo para sapatos \ud83d\udc5e\ud83d\udc60<\/p>\n<p>\ud83d\udccf Dimens\u00f5es:<br \/>\nAltura: 2,18m | Largura: 2,10m | Profundidade: 52cm<\/p>\n<p>\ud83d\ude9a\ud83d\udca8 Entrega + Montagem GR\u00c1TIS e no mesmo dia em Bel\u00e9m, Ananindeua e Marituba!<\/p>\n<p>\u2728 Mais que um guarda-roupa, um lan\u00e7amento que traduz estilo e sofistica\u00e7\u00e3o para o seu quarto!<\/p>\n","protected":false},"excerpt":{"rendered":"<p>\ud83d\udea8 LAN\u00c7AMENTO EXCLUSIVO NA TUDO M\u00d3VEIS! \ud83d\udea8<br \/>\n\ud83e\ude9e\u2728 ROUPEIRO CASAL RIPADO 3 PORTAS DE CORRER COM ESPELHO<\/p>\n<p>Um lan\u00e7amento que chegou para elevar o n\u00edvel do seu quarto com design moderno, praticidade e um acabamento sofisticado!<\/p>\n<p>\ud83d\udd39 Destaques do roupeiro:<br \/>\n\u2714\ufe0f Estrutura com pintura UV fosca \u2014 resistente e dur\u00e1vel<br \/>\n\u2714\ufe0f 3 portas de correr, sendo a central com espelho em moldura met\u00e1lica<br \/>\n\u2714\ufe0f Detalhes ripados nas laterais \u2014 charme e sofistica\u00e7\u00e3o<br \/>\n\u2714\ufe0f Sistema FLEX: uma porta em nude e outra em preto, escolha o estilo que combina com voc\u00ea<br \/>\n\u2714\ufe0f Interior super funcional:<br \/>\n\u25aa\ufe0f 2 gavetas com corredi\u00e7as met\u00e1licas<br \/>\n\u25aa\ufe0f 4 prateleiras (at\u00e9 5kg cada)<br \/>\n\u25aa\ufe0f 4 cabideiros met\u00e1licos<br \/>\n\u25aa\ufe0f Maleiro amplo<br \/>\n\u25aa\ufe0f Espa\u00e7o exclusivo para sapatos \ud83d\udc5e\ud83d\udc60<\/p>\n<p>\ud83d\udccf Dimens\u00f5es:<br \/>\nAltura: 2,18m | Largura: 2,10m | Profundidade: 52cm<\/p>\n<p>\ud83d\udcb3 Condi\u00e7\u00f5es de lan\u00e7amento:<br \/>\n\ud83d\udc49 12x de <span style=\"color: #ff0000;\"><strong>R$241,58<\/strong><\/span> sem juros no cart\u00e3o<br \/>\nou<br \/>\n\ud83d\udc49 R$2.899,00 \u00e0 vista<\/p>\n<p>\ud83d\ude9a\ud83d\udca8 Entrega + Montagem GR\u00c1TIS e no mesmo dia em Bel\u00e9m, Ananindeua e Marituba!<\/p>\n<p>\u2728 Mais que um guarda-roupa, um lan\u00e7amento que traduz estilo e sofistica\u00e7\u00e3o para o seu quarto!<\/p>\n","protected":false},"featured_media":34920,"comment_status":"closed","ping_status":"closed","template":"","meta":[],"product_brand":[],"product_cat":[42,23,41],"product_tag":[],"class_list":{"0":"post-34917","1":"product","2":"type-product","3":"status-publish","4":"has-post-thumbnail","6":"product_cat-moveis-de-quarto","7":"product_cat-colchoes","8":"product_cat-roupeiros","10":"first","11":"instock","12":"shipping-taxable","13":"product-type-simple"},"_links":{"self":[{"href":"https:\/\/tudomoveisbelem.com.br\/v19\/wp-json\/wp\/v2\/product\/34917","targetHints":{"allow":["GET"]}}],"collection":[{"href":"https:\/\/tudomoveisbelem.com.br\/v19\/wp-json\/wp\/v2\/product"}],"about":[{"href":"https:\/\/tudomoveisbelem.com.br\/v19\/wp-json\/wp\/v2\/types\/product"}],"replies":[{"embeddable":true,"href":"https:\/\/tudomoveisbelem.com.br\/v19\/wp-json\/wp\/v2\/comments?post=34917"}],"version-history":[{"count":2,"href":"https:\/\/tudomoveisbelem.com.br\/v19\/wp-json\/wp\/v2\/product\/34917\/revisions"}],"predecessor-version":[{"id":36560,"href":"https:\/\/tudomoveisbelem.com.br\/v19\/wp-json\/wp\/v2\/product\/34917\/revisions\/36560"}],"wp:featuredmedia":[{"embeddable":true,"href":"https:\/\/tudomoveisbelem.com.br\/v19\/wp-json\/wp\/v2\/media\/34920"}],"wp:attachment":[{"href":"https:\/\/tudomoveisbelem.com.br\/v19\/wp-json\/wp\/v2\/media?parent=34917"}],"wp:term":[{"taxonomy":"product_brand","embeddable":true,"href":"https:\/\/tudomoveisbelem.com.br\/v19\/wp-json\/wp\/v2\/product_brand?post=34917"},{"taxonomy":"product_cat","embeddable":true,"href":"https:\/\/tudomoveisbelem.com.br\/v19\/wp-json\/wp\/v2\/product_cat?post=34917"},{"taxonomy":"product_tag","embeddable":true,"href":"https:\/\/tudomoveisbelem.com.br\/v19\/wp-json\/wp\/v2\/product_tag?post=34917"}],"curies":[{"name":"wp","href":"https:\/\/api.w.org\/{rel}","templated":true}]}}