{"id":34663,"date":"2025-08-22T16:18:14","date_gmt":"2025-08-22T16:18:14","guid":{"rendered":"https:\/\/tudomoveisbelem.com.br\/v19\/?post_type=product&#038;p=34663"},"modified":"2026-03-11T16:54:38","modified_gmt":"2026-03-11T16:54:38","slug":"balcao-buffet-com-cristaleira-10x-de-r15990","status":"publish","type":"product","link":"https:\/\/tudomoveisbelem.com.br\/v19\/produto\/balcao-buffet-com-cristaleira-10x-de-r15990\/","title":{"rendered":"Balc\u00e3o Buffet com Cristaleira Por apenas 12x de R$ 149,92 sem juros no cart\u00e3o ou \u00e0 vista por R$ 1.799,00"},"content":{"rendered":"<p>BALC\u00c3O BUFFET COM CRISTALEIRA \ud83d\ude0d<br \/>\nUm m\u00f3vel que une design moderno, funcionalidade e sofistica\u00e7\u00e3o para transformar sua sala de jantar ou estar! \ud83c\udfe1\ud83c\udf77\u2728<\/p>\n<p>\ud83c\udf1f Diferenciais que encantam:<br \/>\n\u2714\ufe0f Estilo ripado com portas e vidro \u2013 eleg\u00e2ncia e contemporaneidade<br \/>\n\u2714\ufe0f Cristaleira central com vidro temperado e ilumina\u00e7\u00e3o LED embutida \ud83d\udca1<br \/>\n\u2714\ufe0f Estrutura 100% MDF + p\u00e9s em madeira maci\u00e7a \u2013 resist\u00eancia e durabilidade<br \/>\n\u2714\ufe0f Tampo e base de 25mm com bordas chanfradas \u2013 acabamento premium<br \/>\n\u2714\ufe0f Amplo espa\u00e7o interno para lou\u00e7as, ta\u00e7as e utens\u00edlios<\/p>\n<p>\ud83d\ude9a\u2728 E o melhor: ENTREGA E MONTAGEM NO MESMO DIA, 100% GR\u00c1TIS!<\/p>\n<p>\ud83d\udd25 Um m\u00f3vel imponente, sofisticado e funcional \u2013 porque sua casa merece a exclusividade da Tudo M\u00f3veis!<\/p>\n<p>&nbsp;<\/p>\n<p>&nbsp;<\/p>\n<p>Por apenas 12x de R$ 149,92 sem juros no cart\u00e3o ou \u00e0 vista por R$ 1.799,00<\/p>\n","protected":false},"excerpt":{"rendered":"<p>BALC\u00c3O BUFFET COM CRISTALEIRA \ud83d\ude0d Um m\u00f3vel que une design moderno, funcionalidade e sofistica\u00e7\u00e3o para transformar sua sala de jantar ou estar! \ud83c\udfe1\ud83c\udf77\u2728 \ud83c\udf1f Diferenciais que encantam: \u2714\ufe0f Estilo ripado com portas e vidro \u2013 eleg\u00e2ncia e contemporaneidade \u2714\ufe0f Cristaleira central com vidro temperado e ilumina\u00e7\u00e3o LED embutida \ud83d\udca1 \u2714\ufe0f Estrutura 100% MDF + p\u00e9s &hellip; <a href=\"https:\/\/tudomoveisbelem.com.br\/v19\/produto\/balcao-buffet-com-cristaleira-10x-de-r15990\/\" class=\"more-link\">Continue lendo<span class=\"screen-reader-text\"> &#8220;Balc\u00e3o Buffet com Cristaleira Por apenas 12x de R$ 149,92 sem juros no cart\u00e3o ou \u00e0 vista por R$ 1.799,00&#8221;<\/span><\/a><\/p>\n","protected":false},"featured_media":34664,"comment_status":"closed","ping_status":"closed","template":"","meta":[],"product_brand":[],"product_cat":[155],"product_tag":[],"class_list":{"0":"post-34663","1":"product","2":"type-product","3":"status-publish","4":"has-post-thumbnail","6":"product_cat-aparadores-buffets-2","8":"first","9":"instock","10":"shipping-taxable","11":"product-type-simple"},"_links":{"self":[{"href":"https:\/\/tudomoveisbelem.com.br\/v19\/wp-json\/wp\/v2\/product\/34663","targetHints":{"allow":["GET"]}}],"collection":[{"href":"https:\/\/tudomoveisbelem.com.br\/v19\/wp-json\/wp\/v2\/product"}],"about":[{"href":"https:\/\/tudomoveisbelem.com.br\/v19\/wp-json\/wp\/v2\/types\/product"}],"replies":[{"embeddable":true,"href":"https:\/\/tudomoveisbelem.com.br\/v19\/wp-json\/wp\/v2\/comments?post=34663"}],"version-history":[{"count":4,"href":"https:\/\/tudomoveisbelem.com.br\/v19\/wp-json\/wp\/v2\/product\/34663\/revisions"}],"predecessor-version":[{"id":37013,"href":"https:\/\/tudomoveisbelem.com.br\/v19\/wp-json\/wp\/v2\/product\/34663\/revisions\/37013"}],"wp:featuredmedia":[{"embeddable":true,"href":"https:\/\/tudomoveisbelem.com.br\/v19\/wp-json\/wp\/v2\/media\/34664"}],"wp:attachment":[{"href":"https:\/\/tudomoveisbelem.com.br\/v19\/wp-json\/wp\/v2\/media?parent=34663"}],"wp:term":[{"taxonomy":"product_brand","embeddable":true,"href":"https:\/\/tudomoveisbelem.com.br\/v19\/wp-json\/wp\/v2\/product_brand?post=34663"},{"taxonomy":"product_cat","embeddable":true,"href":"https:\/\/tudomoveisbelem.com.br\/v19\/wp-json\/wp\/v2\/product_cat?post=34663"},{"taxonomy":"product_tag","embeddable":true,"href":"https:\/\/tudomoveisbelem.com.br\/v19\/wp-json\/wp\/v2\/product_tag?post=34663"}],"curies":[{"name":"wp","href":"https:\/\/api.w.org\/{rel}","templated":true}]}}