{"id":34658,"date":"2025-08-22T16:14:27","date_gmt":"2025-08-22T16:14:27","guid":{"rendered":"https:\/\/tudomoveisbelem.com.br\/v19\/?post_type=product&#038;p=34658"},"modified":"2025-08-26T17:59:55","modified_gmt":"2025-08-26T17:59:55","slug":"aparador-decorativo-ripado-10x-de-r8990","status":"publish","type":"product","link":"https:\/\/tudomoveisbelem.com.br\/v19\/produto\/aparador-decorativo-ripado-10x-de-r8990\/","title":{"rendered":"Aparador Decorativo Ripado."},"content":{"rendered":"<p>\u2728 LAN\u00c7AMENTO NA TUDO M\u00d3VEIS! \u2728<\/p>\n<p>Apresentamos o APARADOR DECORATIVO RIPADO \u2013 LIRA CIMOL \ud83d\ude0d<br \/>\nUm m\u00f3vel que une design sofisticado, durabilidade e praticidade, transformando qualquer ambiente! \ud83c\udfe1\u2728<\/p>\n<p>\ud83c\udf1f Destaques que fazem toda diferen\u00e7a:<br \/>\n\u2714\ufe0f Estrutura em MDF com acabamento UV semibrilho \u2013 resist\u00eancia e sofistica\u00e7\u00e3o<br \/>\n\u2714\ufe0f P\u00e9s em metalon cobre fosco 20&#215;20 \u2013 charme e durabilidade<br \/>\n\u2714\ufe0f Apliques 3D frontais \u2013 modernidade e estilo<br \/>\n\u2714\ufe0f Duas prateleiras espa\u00e7osas \u2013 perfeita para livros, plantas, objetos decorativos ou utens\u00edlios<\/p>\n<p>\ud83d\ude9a\u2728 E o melhor: ENTREGA E MONTAGEM NO MESMO DIA, TOTALMENTE GR\u00c1TIS!<\/p>\n<p>\ud83d\udd25 Deixe seu lar mais elegante e funcional com Tudo M\u00f3veis \u2013 qualidade que transforma espa\u00e7os!<\/p>\n<p>&nbsp;<\/p>\n<p>&nbsp;<\/p>\n<p>por apenas 10x de <span style=\"color: #ff0000;\">R$89,90<\/span> sem juros\u00a0ou <span style=\"color: #ff0000;\">R$899,00<\/span> \u00e0 vista<\/p>\n","protected":false},"excerpt":{"rendered":"<p>\u2728 LAN\u00c7AMENTO NA TUDO M\u00d3VEIS! \u2728 Apresentamos o APARADOR DECORATIVO RIPADO \u2013 LIRA CIMOL \ud83d\ude0d Um m\u00f3vel que une design sofisticado, durabilidade e praticidade, transformando qualquer ambiente! \ud83c\udfe1\u2728 \ud83c\udf1f Destaques que fazem toda diferen\u00e7a: \u2714\ufe0f Estrutura em MDF com acabamento UV semibrilho \u2013 resist\u00eancia e sofistica\u00e7\u00e3o \u2714\ufe0f P\u00e9s em metalon cobre fosco 20&#215;20 \u2013 charme &hellip; <a href=\"https:\/\/tudomoveisbelem.com.br\/v19\/produto\/aparador-decorativo-ripado-10x-de-r8990\/\" class=\"more-link\">Continue lendo<span class=\"screen-reader-text\"> &#8220;Aparador Decorativo Ripado.&#8221;<\/span><\/a><\/p>\n","protected":false},"featured_media":34659,"comment_status":"closed","ping_status":"closed","template":"","meta":[],"product_brand":[],"product_cat":[155],"product_tag":[],"class_list":{"0":"post-34658","1":"product","2":"type-product","3":"status-publish","4":"has-post-thumbnail","6":"product_cat-aparadores-buffets-2","8":"first","9":"instock","10":"shipping-taxable","11":"product-type-simple"},"_links":{"self":[{"href":"https:\/\/tudomoveisbelem.com.br\/v19\/wp-json\/wp\/v2\/product\/34658","targetHints":{"allow":["GET"]}}],"collection":[{"href":"https:\/\/tudomoveisbelem.com.br\/v19\/wp-json\/wp\/v2\/product"}],"about":[{"href":"https:\/\/tudomoveisbelem.com.br\/v19\/wp-json\/wp\/v2\/types\/product"}],"replies":[{"embeddable":true,"href":"https:\/\/tudomoveisbelem.com.br\/v19\/wp-json\/wp\/v2\/comments?post=34658"}],"version-history":[{"count":3,"href":"https:\/\/tudomoveisbelem.com.br\/v19\/wp-json\/wp\/v2\/product\/34658\/revisions"}],"predecessor-version":[{"id":34793,"href":"https:\/\/tudomoveisbelem.com.br\/v19\/wp-json\/wp\/v2\/product\/34658\/revisions\/34793"}],"wp:featuredmedia":[{"embeddable":true,"href":"https:\/\/tudomoveisbelem.com.br\/v19\/wp-json\/wp\/v2\/media\/34659"}],"wp:attachment":[{"href":"https:\/\/tudomoveisbelem.com.br\/v19\/wp-json\/wp\/v2\/media?parent=34658"}],"wp:term":[{"taxonomy":"product_brand","embeddable":true,"href":"https:\/\/tudomoveisbelem.com.br\/v19\/wp-json\/wp\/v2\/product_brand?post=34658"},{"taxonomy":"product_cat","embeddable":true,"href":"https:\/\/tudomoveisbelem.com.br\/v19\/wp-json\/wp\/v2\/product_cat?post=34658"},{"taxonomy":"product_tag","embeddable":true,"href":"https:\/\/tudomoveisbelem.com.br\/v19\/wp-json\/wp\/v2\/product_tag?post=34658"}],"curies":[{"name":"wp","href":"https:\/\/api.w.org\/{rel}","templated":true}]}}