{"id":34449,"date":"2025-08-05T16:13:36","date_gmt":"2025-08-05T16:13:36","guid":{"rendered":"https:\/\/tudomoveisbelem.com.br\/v19\/?post_type=product&#038;p=34449"},"modified":"2025-08-25T18:03:06","modified_gmt":"2025-08-25T18:03:06","slug":"roupeiro-casal-100-mdf-6-portas-com-espelho-interno-10x-de-r45990","status":"publish","type":"product","link":"https:\/\/tudomoveisbelem.com.br\/v19\/produto\/roupeiro-casal-100-mdf-6-portas-com-espelho-interno-10x-de-r45990\/","title":{"rendered":"Roupeiro Casal 100% MDF 6 Portas com Espelho Interno."},"content":{"rendered":"<p>\ud83d\udea8 LAN\u00c7AMENTO EXCLUSIVO TUDO M\u00d3VEIS!<\/p>\n<p>\ud83e\ude9e ROUPEIRO CASAL<br \/>\nRefinamento e modernidade em cada detalhe! Com espelho interno de corpo inteiro, acabamento externo em grafiato, molduras elegantes e espa\u00e7o interno inteligente para transformar seu ambiente.<\/p>\n<p>\ud83d\udccf Medidas:<br \/>\nAltura: 2,40 m<br \/>\nLargura: 2,62 m<br \/>\nProfundidade: 53,6 cm<\/p>\n<p>\u2728 Destaques que elevam o padr\u00e3o:<br \/>\n\u2714\ufe0f 6 portas e 5 gavetas com corredi\u00e7as telesc\u00f3picas<br \/>\n\ud83d\udcac Espa\u00e7o interno bem dividido e com abertura suave, sem travar!<\/p>\n<p>\u2714\ufe0f Dobradi\u00e7as slow motion (fechamento suave e sem barulho)<br \/>\n\ud83d\udcac Nada de portas batendo \u2014 mais conforto e durabilidade!<\/p>\n<p>\u2714\ufe0f 100% MDF + pintura UV de alta durabilidade<br \/>\n\ud83d\udcac Estrutura resistente com acabamento impec\u00e1vel que dura anos.<\/p>\n<p>\u2714\ufe0f Cabideiros e puxadores em alum\u00ednio<br \/>\n\ud83d\udcac Qualidade que d\u00e1 o toque final de sofistica\u00e7\u00e3o.<\/p>\n<p>\u2714\ufe0f 08 p\u00e9s em ABS para mais estabilidade<br \/>\n\ud83d\udcac Seguran\u00e7a refor\u00e7ada e mais prote\u00e7\u00e3o contra umidade.<\/p>\n<p>\u2714\ufe0f Espelho girat\u00f3rio com vis\u00e3o completa<br \/>\n\ud83d\udcac Praticidade e estilo para o seu dia a dia!<\/p>\n<p>\u26a1 Entrega + montagem no mesmo dia<br \/>\n\ud83d\udccdDispon\u00edvel em todas as lojas Tudo M\u00f3veis!<\/p>\n<p>&nbsp;<\/p>\n<p>&nbsp;<\/p>\n<p>Por apenas 10x de R$459,90 sem juros no cart\u00e3o<br \/>\nou R$4.599,00 \u00e0 vista<\/p>\n","protected":false},"excerpt":{"rendered":"<p>\ud83d\udea8 LAN\u00c7AMENTO EXCLUSIVO TUDO M\u00d3VEIS! \ud83e\ude9e ROUPEIRO CASAL Refinamento e modernidade em cada detalhe! Com espelho interno de corpo inteiro, acabamento externo em grafiato, molduras elegantes e espa\u00e7o interno inteligente para transformar seu ambiente. \ud83d\udccf Medidas: Altura: 2,40 m Largura: 2,62 m Profundidade: 53,6 cm \u2728 Destaques que elevam o padr\u00e3o: \u2714\ufe0f 6 portas e &hellip; <a href=\"https:\/\/tudomoveisbelem.com.br\/v19\/produto\/roupeiro-casal-100-mdf-6-portas-com-espelho-interno-10x-de-r45990\/\" class=\"more-link\">Continue lendo<span class=\"screen-reader-text\"> &#8220;Roupeiro Casal 100% MDF 6 Portas com Espelho Interno.&#8221;<\/span><\/a><\/p>\n","protected":false},"featured_media":34451,"comment_status":"closed","ping_status":"closed","template":"","meta":[],"product_brand":[],"product_cat":[42,41],"product_tag":[],"class_list":{"0":"post-34449","1":"product","2":"type-product","3":"status-publish","4":"has-post-thumbnail","6":"product_cat-moveis-de-quarto","7":"product_cat-roupeiros","9":"first","10":"instock","11":"shipping-taxable","12":"product-type-simple"},"_links":{"self":[{"href":"https:\/\/tudomoveisbelem.com.br\/v19\/wp-json\/wp\/v2\/product\/34449","targetHints":{"allow":["GET"]}}],"collection":[{"href":"https:\/\/tudomoveisbelem.com.br\/v19\/wp-json\/wp\/v2\/product"}],"about":[{"href":"https:\/\/tudomoveisbelem.com.br\/v19\/wp-json\/wp\/v2\/types\/product"}],"replies":[{"embeddable":true,"href":"https:\/\/tudomoveisbelem.com.br\/v19\/wp-json\/wp\/v2\/comments?post=34449"}],"version-history":[{"count":2,"href":"https:\/\/tudomoveisbelem.com.br\/v19\/wp-json\/wp\/v2\/product\/34449\/revisions"}],"predecessor-version":[{"id":34753,"href":"https:\/\/tudomoveisbelem.com.br\/v19\/wp-json\/wp\/v2\/product\/34449\/revisions\/34753"}],"wp:featuredmedia":[{"embeddable":true,"href":"https:\/\/tudomoveisbelem.com.br\/v19\/wp-json\/wp\/v2\/media\/34451"}],"wp:attachment":[{"href":"https:\/\/tudomoveisbelem.com.br\/v19\/wp-json\/wp\/v2\/media?parent=34449"}],"wp:term":[{"taxonomy":"product_brand","embeddable":true,"href":"https:\/\/tudomoveisbelem.com.br\/v19\/wp-json\/wp\/v2\/product_brand?post=34449"},{"taxonomy":"product_cat","embeddable":true,"href":"https:\/\/tudomoveisbelem.com.br\/v19\/wp-json\/wp\/v2\/product_cat?post=34449"},{"taxonomy":"product_tag","embeddable":true,"href":"https:\/\/tudomoveisbelem.com.br\/v19\/wp-json\/wp\/v2\/product_tag?post=34449"}],"curies":[{"name":"wp","href":"https:\/\/api.w.org\/{rel}","templated":true}]}}