{"id":34418,"date":"2025-08-02T23:21:35","date_gmt":"2025-08-02T23:21:35","guid":{"rendered":"https:\/\/tudomoveisbelem.com.br\/v19\/?post_type=product&#038;p=34418"},"modified":"2026-03-12T13:26:35","modified_gmt":"2026-03-12T13:26:35","slug":"roupeiro-casal-100-mdf-com-portas-em-vidro-reflecta-10x-de-r79999","status":"publish","type":"product","link":"https:\/\/tudomoveisbelem.com.br\/v19\/produto\/roupeiro-casal-100-mdf-com-portas-em-vidro-reflecta-10x-de-r79999\/","title":{"rendered":"Roupeiro Casal 100% MDF com Portas em Vidro Reflecta. Por apenas 12x de R$ 683,25 sem juros no cart\u00e3o"},"content":{"rendered":"<p>LAN\u00c7AMENTO EXCLUSIVO TUDO M\u00d3VEIS! \u2728<br \/>\nSofistica\u00e7\u00e3o, design e espa\u00e7o de sobra pra transformar o seu quarto!<\/p>\n<p>ROUPEIRO CASAL \u2014 COM VIDRO REFLECTA<br \/>\n2 portas com vidro reflecta: eleg\u00e2ncia que tamb\u00e9m decora<br \/>\nDesign imponente, moderno e funcional<br \/>\nIdeal para quem busca um m\u00f3vel de alto padr\u00e3o<br \/>\nAmplo espa\u00e7o interno para organiza\u00e7\u00e3o impec\u00e1vel!<\/p>\n<p>2,42m alt | 2,67m larg | 0,573m prof<br \/>\nUm verdadeiro protagonista no seu quarto!<\/p>\n<p>E como sempre: entrega e montagem no mesmo dia!<\/p>\n<p>&nbsp;<\/p>\n<p>Por apenas 12x de R$ 683,25 sem juros no cart\u00e3o ou \u00e0 vista por R$ 8.199,00.<\/p>\n","protected":false},"excerpt":{"rendered":"<p>LAN\u00c7AMENTO EXCLUSIVO TUDO M\u00d3VEIS! \u2728 Sofistica\u00e7\u00e3o, design e espa\u00e7o de sobra pra transformar o seu quarto! ROUPEIRO CASAL \u2014 COM VIDRO REFLECTA 2 portas com vidro reflecta: eleg\u00e2ncia que tamb\u00e9m decora Design imponente, moderno e funcional Ideal para quem busca um m\u00f3vel de alto padr\u00e3o Amplo espa\u00e7o interno para organiza\u00e7\u00e3o impec\u00e1vel! 2,42m alt | 2,67m &hellip; <a href=\"https:\/\/tudomoveisbelem.com.br\/v19\/produto\/roupeiro-casal-100-mdf-com-portas-em-vidro-reflecta-10x-de-r79999\/\" class=\"more-link\">Continue lendo<span class=\"screen-reader-text\"> &#8220;Roupeiro Casal 100% MDF com Portas em Vidro Reflecta. Por apenas 12x de R$ 683,25 sem juros no cart\u00e3o&#8221;<\/span><\/a><\/p>\n","protected":false},"featured_media":34726,"comment_status":"closed","ping_status":"closed","template":"","meta":[],"product_brand":[],"product_cat":[42,41],"product_tag":[],"class_list":{"0":"post-34418","1":"product","2":"type-product","3":"status-publish","4":"has-post-thumbnail","6":"product_cat-moveis-de-quarto","7":"product_cat-roupeiros","9":"first","10":"instock","11":"shipping-taxable","12":"product-type-simple"},"_links":{"self":[{"href":"https:\/\/tudomoveisbelem.com.br\/v19\/wp-json\/wp\/v2\/product\/34418","targetHints":{"allow":["GET"]}}],"collection":[{"href":"https:\/\/tudomoveisbelem.com.br\/v19\/wp-json\/wp\/v2\/product"}],"about":[{"href":"https:\/\/tudomoveisbelem.com.br\/v19\/wp-json\/wp\/v2\/types\/product"}],"replies":[{"embeddable":true,"href":"https:\/\/tudomoveisbelem.com.br\/v19\/wp-json\/wp\/v2\/comments?post=34418"}],"version-history":[{"count":5,"href":"https:\/\/tudomoveisbelem.com.br\/v19\/wp-json\/wp\/v2\/product\/34418\/revisions"}],"predecessor-version":[{"id":37042,"href":"https:\/\/tudomoveisbelem.com.br\/v19\/wp-json\/wp\/v2\/product\/34418\/revisions\/37042"}],"wp:featuredmedia":[{"embeddable":true,"href":"https:\/\/tudomoveisbelem.com.br\/v19\/wp-json\/wp\/v2\/media\/34726"}],"wp:attachment":[{"href":"https:\/\/tudomoveisbelem.com.br\/v19\/wp-json\/wp\/v2\/media?parent=34418"}],"wp:term":[{"taxonomy":"product_brand","embeddable":true,"href":"https:\/\/tudomoveisbelem.com.br\/v19\/wp-json\/wp\/v2\/product_brand?post=34418"},{"taxonomy":"product_cat","embeddable":true,"href":"https:\/\/tudomoveisbelem.com.br\/v19\/wp-json\/wp\/v2\/product_cat?post=34418"},{"taxonomy":"product_tag","embeddable":true,"href":"https:\/\/tudomoveisbelem.com.br\/v19\/wp-json\/wp\/v2\/product_tag?post=34418"}],"curies":[{"name":"wp","href":"https:\/\/api.w.org\/{rel}","templated":true}]}}