{"id":34390,"date":"2025-07-27T00:50:57","date_gmt":"2025-07-27T00:50:57","guid":{"rendered":"https:\/\/tudomoveisbelem.com.br\/v19\/?post_type=product&#038;p=34390"},"modified":"2025-08-27T22:20:15","modified_gmt":"2025-08-27T22:20:15","slug":"conjunto-de-jantar-em-aco-com-tampo-em-madeira-e-6-cadeiras-10x-r19990","status":"publish","type":"product","link":"https:\/\/tudomoveisbelem.com.br\/v19\/produto\/conjunto-de-jantar-em-aco-com-tampo-em-madeira-e-6-cadeiras-10x-r19990\/","title":{"rendered":"Conjunto de Jantar em A\u00e7o com Tampo em Madeira e 6 Cadeiras"},"content":{"rendered":"<p>\ud83d\ude0d LAN\u00c7AMENTO EXCLUSIVO TUDO M\u00d3VEIS! \ud83d\ude0d<br \/>\nSe voc\u00ea busca resist\u00eancia, eleg\u00e2ncia e funcionalidade, esse \u00e9 o conjunto certo pra sua casa!<\/p>\n<p>Apresentamos o Conjunto de Jantar com Mesa em Granito e 4 Cadeiras \u2014 uma combina\u00e7\u00e3o perfeita entre durabilidade e bom gosto!<\/p>\n<p>\u2728 Por que escolher esse conjunto?<\/p>\n<p>\ud83d\udd38 Tampo em granito polido<br \/>\nUm charme \u00e0 parte! Sofisticado, resistente ao calor e super f\u00e1cil de limpar no dia a dia.<\/p>\n<p>\ud83d\udd38 Estrutura em a\u00e7o carbono<br \/>\nMaterial forte, dur\u00e1vel e com \u00f3timo acabamento, ideal para uso cont\u00ednuo em ambientes internos ou externos.<\/p>\n<p>\ud83d\udd38 Cadeiras com estrutura tubular e assento estofado<br \/>\nMais conforto e firmeza! Suportam at\u00e9 100kg e contam com porca garra met\u00e1lica que garante muito mais seguran\u00e7a e durabilidade.<\/p>\n<p>\ud83d\udccf Medidas da Mesa:<br \/>\nAltura: 77cm | Largura: 75cm | Comprimento: 1,20m<\/p>\n<p>\ud83d\udccf Medidas das Cadeiras:<br \/>\nAltura: 1,5m | Largura: 37cm | Comprimento: 46cm<\/p>\n<p>\ud83d\ude9a ENTREGA E MONTAGEM GRATUITAS E NO MESMO DIA para Bel\u00e9m, Ananindeua e Marituba!<\/p>\n<p>\ud83d\udcf2 Chama no WhatsApp ou venha at\u00e9 uma de nossas lojas e garanta j\u00e1 o seu!<\/p>\n<p>&nbsp;<\/p>\n<p>Apenas 10x de <span style=\"color: #ff0000;\">R$199,90<\/span> sem juros ou <span style=\"color: #ff0000;\">R$1.999,00<\/span> \u00e0 vista<\/p>\n","protected":false},"excerpt":{"rendered":"<p>\ud83d\ude0d LAN\u00c7AMENTO EXCLUSIVO TUDO M\u00d3VEIS! \ud83d\ude0d Se voc\u00ea busca resist\u00eancia, eleg\u00e2ncia e funcionalidade, esse \u00e9 o conjunto certo pra sua casa! Apresentamos o Conjunto de Jantar com Mesa em Granito e 4 Cadeiras \u2014 uma combina\u00e7\u00e3o perfeita entre durabilidade e bom gosto! \u2728 Por que escolher esse conjunto? \ud83d\udd38 Tampo em granito polido Um charme &hellip; <a href=\"https:\/\/tudomoveisbelem.com.br\/v19\/produto\/conjunto-de-jantar-em-aco-com-tampo-em-madeira-e-6-cadeiras-10x-r19990\/\" class=\"more-link\">Continue lendo<span class=\"screen-reader-text\"> &#8220;Conjunto de Jantar em A\u00e7o com Tampo em Madeira e 6 Cadeiras&#8221;<\/span><\/a><\/p>\n","protected":false},"featured_media":34391,"comment_status":"closed","ping_status":"closed","template":"","meta":[],"product_brand":[],"product_cat":[40],"product_tag":[],"class_list":{"0":"post-34390","1":"product","2":"type-product","3":"status-publish","4":"has-post-thumbnail","6":"product_cat-mesas","8":"first","9":"instock","10":"shipping-taxable","11":"product-type-simple"},"_links":{"self":[{"href":"https:\/\/tudomoveisbelem.com.br\/v19\/wp-json\/wp\/v2\/product\/34390","targetHints":{"allow":["GET"]}}],"collection":[{"href":"https:\/\/tudomoveisbelem.com.br\/v19\/wp-json\/wp\/v2\/product"}],"about":[{"href":"https:\/\/tudomoveisbelem.com.br\/v19\/wp-json\/wp\/v2\/types\/product"}],"replies":[{"embeddable":true,"href":"https:\/\/tudomoveisbelem.com.br\/v19\/wp-json\/wp\/v2\/comments?post=34390"}],"version-history":[{"count":2,"href":"https:\/\/tudomoveisbelem.com.br\/v19\/wp-json\/wp\/v2\/product\/34390\/revisions"}],"predecessor-version":[{"id":34911,"href":"https:\/\/tudomoveisbelem.com.br\/v19\/wp-json\/wp\/v2\/product\/34390\/revisions\/34911"}],"wp:featuredmedia":[{"embeddable":true,"href":"https:\/\/tudomoveisbelem.com.br\/v19\/wp-json\/wp\/v2\/media\/34391"}],"wp:attachment":[{"href":"https:\/\/tudomoveisbelem.com.br\/v19\/wp-json\/wp\/v2\/media?parent=34390"}],"wp:term":[{"taxonomy":"product_brand","embeddable":true,"href":"https:\/\/tudomoveisbelem.com.br\/v19\/wp-json\/wp\/v2\/product_brand?post=34390"},{"taxonomy":"product_cat","embeddable":true,"href":"https:\/\/tudomoveisbelem.com.br\/v19\/wp-json\/wp\/v2\/product_cat?post=34390"},{"taxonomy":"product_tag","embeddable":true,"href":"https:\/\/tudomoveisbelem.com.br\/v19\/wp-json\/wp\/v2\/product_tag?post=34390"}],"curies":[{"name":"wp","href":"https:\/\/api.w.org\/{rel}","templated":true}]}}