{"id":34150,"date":"2025-06-25T14:00:09","date_gmt":"2025-06-25T14:00:09","guid":{"rendered":"https:\/\/tudomoveisbelem.com.br\/v19\/?post_type=product&#038;p=34150"},"modified":"2026-03-30T16:13:23","modified_gmt":"2026-03-30T16:13:23","slug":"sofa-fixo-3-lugares-com-pillowtop-nos-bracos-10x-de-r27990","status":"publish","type":"product","link":"https:\/\/tudomoveisbelem.com.br\/v19\/produto\/sofa-fixo-3-lugares-com-pillowtop-nos-bracos-10x-de-r27990\/","title":{"rendered":"Sof\u00e1 Fixo 3 Lugares com Pillowtop nos Bra\u00e7os 12x de R$249,92."},"content":{"rendered":"<p>\ud83d\udecb\ufe0f\u2728 LAN\u00c7AMENTO EXCLUSIVO TUDO M\u00d3VEIS!<br \/>\nConforto, beleza e durabilidade num s\u00f3 produto! O sof\u00e1 perfeito chegou pra transformar sua sala! \ud83d\ude0d<\/p>\n<p>\ud83c\udf1f SOF\u00c1 FIXO 3 LUGARES COM PILLOWTOP NOS BRA\u00c7OS:<\/p>\n<p>\u2705 Bra\u00e7os almofadados com PillowTop \u2013 maciez de travesseiro com toque aconchegante<br \/>\n\u2705 Assento com espuma D28 + molas espirais \u2013 firmeza, conforto e alta durabilidade<br \/>\n\u2705 Almofadas soltas e ergon\u00f4micas \u2013 ajuste perfeito ao corpo com toque antial\u00e9rgico<br \/>\n\u2705 Madeira maci\u00e7a e reflorestada \u2013 estrutura resistente, sustent\u00e1vel e dur\u00e1vel<br \/>\n\u2705 P\u00e9s em madeira maci\u00e7a \u2013 sofistica\u00e7\u00e3o do ch\u00e3o ao topo<br \/>\n\u2705 Acabamento Dream Touch \u2013 tecido chenile ultra macio, pr\u00e1tico e elegante<\/p>\n<p>\ud83c\udf31 E mais:<br \/>\n\u2705 Tecidos sustent\u00e1veis e livres de produtos nocivos<br \/>\n\u2705 Produ\u00e7\u00e3o \u00e9tica com respeito \u00e0s normas de trabalho<br \/>\n\u2705 Testado e aprovado com garantia de f\u00e1brica<\/p>\n<p>\ud83d\udcb3 De<del> R$3.800,00<\/del><br \/>\n\u27a1\ufe0f Por apenas 12x de<span style=\"color: #ff0000;\"><strong> R$249,92<\/strong><\/span> sem juros<br \/>\nou \u00e0 vista por R$2.999,00<\/p>\n<p>\ud83d\ude9a ENTREGA E MONTAGEM GR\u00c1TIS no mesmo dia!<br \/>\n\ud83d\udccd Bel\u00e9m, Ananindeua e Marituba<br \/>\n\ud83d\udcf2 Compre direto pelo WhatsApp ou em uma de nossas lojas f\u00edsicas<\/p>\n<p>\u2728 Seu novo sof\u00e1 est\u00e1 aqui \u2014 com estilo, qualidade e o melhor custo-benef\u00edcio da cidade!<br \/>\nGaranta o seu agora mesmo!<\/p>\n","protected":false},"excerpt":{"rendered":"<p>\ud83d\udecb\ufe0f\u2728 LAN\u00c7AMENTO EXCLUSIVO TUDO M\u00d3VEIS! Conforto, beleza e durabilidade num s\u00f3 produto! O sof\u00e1 perfeito chegou pra transformar sua sala! \ud83d\ude0d \ud83c\udf1f SOF\u00c1 FIXO 3 LUGARES COM PILLOWTOP NOS BRA\u00c7OS: \u2705 Bra\u00e7os almofadados com PillowTop \u2013 maciez de travesseiro com toque aconchegante \u2705 Assento com espuma D28 + molas espirais \u2013 firmeza, conforto e alta &hellip; <a href=\"https:\/\/tudomoveisbelem.com.br\/v19\/produto\/sofa-fixo-3-lugares-com-pillowtop-nos-bracos-10x-de-r27990\/\" class=\"more-link\">Continue lendo<span class=\"screen-reader-text\"> &#8220;Sof\u00e1 Fixo 3 Lugares com Pillowtop nos Bra\u00e7os 12x de R$249,92.&#8221;<\/span><\/a><\/p>\n","protected":false},"featured_media":36555,"comment_status":"closed","ping_status":"closed","template":"","meta":[],"product_brand":[],"product_cat":[30],"product_tag":[],"class_list":{"0":"post-34150","1":"product","2":"type-product","3":"status-publish","4":"has-post-thumbnail","6":"product_cat-sofas","8":"first","9":"instock","10":"shipping-taxable","11":"product-type-simple"},"_links":{"self":[{"href":"https:\/\/tudomoveisbelem.com.br\/v19\/wp-json\/wp\/v2\/product\/34150","targetHints":{"allow":["GET"]}}],"collection":[{"href":"https:\/\/tudomoveisbelem.com.br\/v19\/wp-json\/wp\/v2\/product"}],"about":[{"href":"https:\/\/tudomoveisbelem.com.br\/v19\/wp-json\/wp\/v2\/types\/product"}],"replies":[{"embeddable":true,"href":"https:\/\/tudomoveisbelem.com.br\/v19\/wp-json\/wp\/v2\/comments?post=34150"}],"version-history":[{"count":5,"href":"https:\/\/tudomoveisbelem.com.br\/v19\/wp-json\/wp\/v2\/product\/34150\/revisions"}],"predecessor-version":[{"id":37147,"href":"https:\/\/tudomoveisbelem.com.br\/v19\/wp-json\/wp\/v2\/product\/34150\/revisions\/37147"}],"wp:featuredmedia":[{"embeddable":true,"href":"https:\/\/tudomoveisbelem.com.br\/v19\/wp-json\/wp\/v2\/media\/36555"}],"wp:attachment":[{"href":"https:\/\/tudomoveisbelem.com.br\/v19\/wp-json\/wp\/v2\/media?parent=34150"}],"wp:term":[{"taxonomy":"product_brand","embeddable":true,"href":"https:\/\/tudomoveisbelem.com.br\/v19\/wp-json\/wp\/v2\/product_brand?post=34150"},{"taxonomy":"product_cat","embeddable":true,"href":"https:\/\/tudomoveisbelem.com.br\/v19\/wp-json\/wp\/v2\/product_cat?post=34150"},{"taxonomy":"product_tag","embeddable":true,"href":"https:\/\/tudomoveisbelem.com.br\/v19\/wp-json\/wp\/v2\/product_tag?post=34150"}],"curies":[{"name":"wp","href":"https:\/\/api.w.org\/{rel}","templated":true}]}}