{"id":34044,"date":"2025-06-06T17:16:47","date_gmt":"2025-06-06T17:16:47","guid":{"rendered":"https:\/\/tudomoveisbelem.com.br\/v19\/?post_type=product&#038;p=34044"},"modified":"2025-06-06T17:16:47","modified_gmt":"2025-06-06T17:16:47","slug":"tapete-decorativo-felpudo-e-atiderrapante","status":"publish","type":"product","link":"https:\/\/tudomoveisbelem.com.br\/v19\/produto\/tapete-decorativo-felpudo-e-atiderrapante\/","title":{"rendered":"Tapete Decorativo Felpudo e Atiderrapante"},"content":{"rendered":"<p>\u2728 TAPETE SEVILHA \u2014 CONFORTO, ELEG\u00c2NCIA E PRATICIDADE! \u2728<br \/>\nO toque que faltava no seu ambiente est\u00e1 aqui na Tudo M\u00f3veis! O Tapete \u00e9 perfeito para quem busca aconchego e estilo em cada detalhe. \ud83d\udecb\ufe0f<\/p>\n<p>Com textura felpuda e toque macio, transforma salas, quartos e home office em espa\u00e7os acolhedores e modernos.<\/p>\n<p>\ud83e\udd29 Destaques que encantam \ud83e\udd29:<\/p>\n<p>\u2705 Superf\u00edcie felpuda curta \u2014 macia, densa e confort\u00e1vel<br \/>\n\u2705 Base antiderrapante com feltro<br \/>\n\u2705 Antial\u00e9rgico, f\u00e1cil de limpar e resistente<br \/>\n\u2705 Cor cinza (outras sob consulta)<\/p>\n<p>\ud83d\udccf Tamanhos dispon\u00edveis:<br \/>\n\u25aa\ufe0f 2,00m x 3,00m por apenas 10x de R$89,90 sem juros<br \/>\n\u25aa\ufe0f 2,00m x 2,50m por apenas 10x de R$ 79,90 sem juros<\/p>\n<p>\ud83d\udc49 Combine com qualquer decora\u00e7\u00e3o e tenha um ambiente mais seguro e sofisticado!<\/p>\n<p>\ud83d\udccd Dispon\u00edvel na Tudo M\u00f3veis com atendimento personalizado!<\/p>\n","protected":false},"excerpt":{"rendered":"<p><span style=\"color: #ff0000;\">\u25aa\ufe0f <span style=\"color: #000000;\">2,00m x 3,00m<\/span> por apenas 10x de <span style=\"color: #000000;\">R$89,90<\/span> sem juros<\/span><br \/>\n<span style=\"color: #ff0000;\">\u25aa\ufe0f<span style=\"color: #000000;\"> 2,00m x 2,50m<\/span> por apenas 10x de <span style=\"color: #000000;\">R$ 79,90<\/span> sem juros<\/span><\/p>\n","protected":false},"featured_media":34051,"comment_status":"closed","ping_status":"closed","template":"","meta":[],"product_brand":[],"product_cat":[32,15,95],"product_tag":[],"class_list":{"0":"post-34044","1":"product","2":"type-product","3":"status-publish","4":"has-post-thumbnail","6":"product_cat-escritorio","7":"product_cat-sem-categoria","8":"product_cat-tapetes","10":"first","11":"instock","12":"shipping-taxable","13":"product-type-simple"},"_links":{"self":[{"href":"https:\/\/tudomoveisbelem.com.br\/v19\/wp-json\/wp\/v2\/product\/34044","targetHints":{"allow":["GET"]}}],"collection":[{"href":"https:\/\/tudomoveisbelem.com.br\/v19\/wp-json\/wp\/v2\/product"}],"about":[{"href":"https:\/\/tudomoveisbelem.com.br\/v19\/wp-json\/wp\/v2\/types\/product"}],"replies":[{"embeddable":true,"href":"https:\/\/tudomoveisbelem.com.br\/v19\/wp-json\/wp\/v2\/comments?post=34044"}],"version-history":[{"count":2,"href":"https:\/\/tudomoveisbelem.com.br\/v19\/wp-json\/wp\/v2\/product\/34044\/revisions"}],"predecessor-version":[{"id":34056,"href":"https:\/\/tudomoveisbelem.com.br\/v19\/wp-json\/wp\/v2\/product\/34044\/revisions\/34056"}],"wp:featuredmedia":[{"embeddable":true,"href":"https:\/\/tudomoveisbelem.com.br\/v19\/wp-json\/wp\/v2\/media\/34051"}],"wp:attachment":[{"href":"https:\/\/tudomoveisbelem.com.br\/v19\/wp-json\/wp\/v2\/media?parent=34044"}],"wp:term":[{"taxonomy":"product_brand","embeddable":true,"href":"https:\/\/tudomoveisbelem.com.br\/v19\/wp-json\/wp\/v2\/product_brand?post=34044"},{"taxonomy":"product_cat","embeddable":true,"href":"https:\/\/tudomoveisbelem.com.br\/v19\/wp-json\/wp\/v2\/product_cat?post=34044"},{"taxonomy":"product_tag","embeddable":true,"href":"https:\/\/tudomoveisbelem.com.br\/v19\/wp-json\/wp\/v2\/product_tag?post=34044"}],"curies":[{"name":"wp","href":"https:\/\/api.w.org\/{rel}","templated":true}]}}