{"id":34038,"date":"2025-06-05T19:15:02","date_gmt":"2025-06-05T19:15:02","guid":{"rendered":"https:\/\/tudomoveisbelem.com.br\/v19\/?post_type=product&#038;p=34038"},"modified":"2025-06-05T19:15:02","modified_gmt":"2025-06-05T19:15:02","slug":"luminaria-abajour-de-chao-com-pes-em-madeira-macica-10x-de-8990","status":"publish","type":"product","link":"https:\/\/tudomoveisbelem.com.br\/v19\/produto\/luminaria-abajour-de-chao-com-pes-em-madeira-macica-10x-de-8990\/","title":{"rendered":"Lumin\u00e1ria Abajour de Ch\u00e3o com P\u00e9s em Madeira Maci\u00e7a  10x de 89,90"},"content":{"rendered":"<p>\u2728 LUMIN\u00c1RIA DE CH\u00c3O CRISTAL | AUTENTICIDADE E ELEG\u00c2NCIA EM CADA DETALHE \u2728<\/p>\n<p>\ud83d\udca1 LUMIN\u00c1RIA ABAJOUR DE CH\u00c3O COM P\u00c9S EM MADEIRA MACI\u00c7A E C\u00daPULA EM PALHA NATURAL<\/p>\n<p>Se voc\u00ea busca uma pe\u00e7a que une design, natureza e sofistica\u00e7\u00e3o, a Lumin\u00e1ria Cristal \u00e9 o toque perfeito para transformar seu ambiente.<\/p>\n<p>\ud83d\udd38 Diferenciais que encantam:<br \/>\n\u2714\ufe0f P\u00e9s em madeira maci\u00e7a de eucalipto tratado, resistente e sustent\u00e1vel \ud83c\udf3f<br \/>\n\u2714\ufe0f Pintura PU alto brilho nos p\u00e9s, acabamento impec\u00e1vel e sofisticado<br \/>\n\u2714\ufe0f C\u00fapula artesanal feita em palha natural, trazendo leveza, charme e conex\u00e3o com a natureza<br \/>\n\u2714\ufe0f Estrutura com 4 p\u00e9s, que garante estabilidade, design moderno e muito estilo<br \/>\n\u2714\ufe0f Ilumina\u00e7\u00e3o suave, acolhedora e elegante, perfeita para criar ambientes aconchegantes e sofisticados<\/p>\n<p>\ud83d\ude9a E o melhor: entrega e montagem no mesmo dia, totalmente gr\u00e1tis!<\/p>\n<p>\ud83d\udc49 Leve mais beleza, aconchego e personalidade para sua casa ou escrit\u00f3rio.<\/p>\n<p>\u2728 #TudoM\u00f3veis #Lumin\u00e1riaDeCh\u00e3o #Lumin\u00e1riaBella #Decora\u00e7\u00e3oNatural #DesignDeInteriores #EstiloEConforto #MontagemNoMesmoDia #SeuEspa\u00e7oSeuEstilo #Decora\u00e7\u00e3oComPalha<\/p>\n","protected":false},"excerpt":{"rendered":"<p>de\u00a0 R$1.100,00 por apenas 10x de <span style=\"color: #ff0000;\">R$89,90<\/span> sem juros no cart\u00e3o ou <span style=\"color: #ff0000;\">R$899,00 \u00e0 vista.<\/span><\/p>\n","protected":false},"featured_media":34039,"comment_status":"closed","ping_status":"closed","template":"","meta":[],"product_brand":[],"product_cat":[42,23],"product_tag":[],"class_list":{"0":"post-34038","1":"product","2":"type-product","3":"status-publish","4":"has-post-thumbnail","6":"product_cat-moveis-de-quarto","7":"product_cat-colchoes","9":"first","10":"instock","11":"shipping-taxable","12":"product-type-simple"},"_links":{"self":[{"href":"https:\/\/tudomoveisbelem.com.br\/v19\/wp-json\/wp\/v2\/product\/34038","targetHints":{"allow":["GET"]}}],"collection":[{"href":"https:\/\/tudomoveisbelem.com.br\/v19\/wp-json\/wp\/v2\/product"}],"about":[{"href":"https:\/\/tudomoveisbelem.com.br\/v19\/wp-json\/wp\/v2\/types\/product"}],"replies":[{"embeddable":true,"href":"https:\/\/tudomoveisbelem.com.br\/v19\/wp-json\/wp\/v2\/comments?post=34038"}],"version-history":[{"count":1,"href":"https:\/\/tudomoveisbelem.com.br\/v19\/wp-json\/wp\/v2\/product\/34038\/revisions"}],"predecessor-version":[{"id":34042,"href":"https:\/\/tudomoveisbelem.com.br\/v19\/wp-json\/wp\/v2\/product\/34038\/revisions\/34042"}],"wp:featuredmedia":[{"embeddable":true,"href":"https:\/\/tudomoveisbelem.com.br\/v19\/wp-json\/wp\/v2\/media\/34039"}],"wp:attachment":[{"href":"https:\/\/tudomoveisbelem.com.br\/v19\/wp-json\/wp\/v2\/media?parent=34038"}],"wp:term":[{"taxonomy":"product_brand","embeddable":true,"href":"https:\/\/tudomoveisbelem.com.br\/v19\/wp-json\/wp\/v2\/product_brand?post=34038"},{"taxonomy":"product_cat","embeddable":true,"href":"https:\/\/tudomoveisbelem.com.br\/v19\/wp-json\/wp\/v2\/product_cat?post=34038"},{"taxonomy":"product_tag","embeddable":true,"href":"https:\/\/tudomoveisbelem.com.br\/v19\/wp-json\/wp\/v2\/product_tag?post=34038"}],"curies":[{"name":"wp","href":"https:\/\/api.w.org\/{rel}","templated":true}]}}