{"id":34037,"date":"2025-06-05T19:11:52","date_gmt":"2025-06-05T19:11:52","guid":{"rendered":"https:\/\/tudomoveisbelem.com.br\/v19\/?post_type=product&#038;p=34037"},"modified":"2025-06-05T19:11:53","modified_gmt":"2025-06-05T19:11:53","slug":"luminaria-abajour-de-chao-com-pes-em-madeira-macica-10x-de-7990","status":"publish","type":"product","link":"https:\/\/tudomoveisbelem.com.br\/v19\/produto\/luminaria-abajour-de-chao-com-pes-em-madeira-macica-10x-de-7990\/","title":{"rendered":"Lumin\u00e1ria Abajour de Ch\u00e3o com P\u00e9s em Madeira Maci\u00e7a  10x de 79,90"},"content":{"rendered":"<p>\u2728 LUMIN\u00c1RIA DE CH\u00c3O BELLA | ELEG\u00c2NCIA E DESIGN PARA SEU AMBIENTE \u2728<\/p>\n<p>\ud83d\udca1 LUMIN\u00c1RIA ABAJOUR DE CH\u00c3O COM P\u00c9S EM MADEIRA MACI\u00c7A<\/p>\n<p>Se voc\u00ea busca um toque de sofistica\u00e7\u00e3o, aconchego e design atemporal, a Lumin\u00e1ria Bella \u00e9 a escolha ideal.<br \/>\nPerfeita para salas, quartos, escrit\u00f3rios ou qualquer espa\u00e7o que merece aquele charme especial.<\/p>\n<p>\ud83d\udd38 Diferenciais:<br \/>\n\u2714\ufe0f Estrutura em madeira maci\u00e7a de eucalipto tratado, com alta durabilidade \ud83c\udf3f<br \/>\n\u2714\ufe0f P\u00e9s com pintura PU alto brilho, acabamento premium que valoriza o ambiente<br \/>\n\u2714\ufe0f Design minimalista com 3 p\u00e9s, moderno e elegante<br \/>\n\u2714\ufe0f Proporciona uma ilumina\u00e7\u00e3o suave e aconchegante, perfeita para criar ambientes sofisticados<\/p>\n<p>\ud83d\ude9a E claro: entrega e montagem no mesmo dia, totalmente gr\u00e1tis!<\/p>\n<p>\ud83d\udc49 Transforme seu espa\u00e7o com beleza, funcionalidade e muito estilo.<\/p>\n<p>\u2728 #TudoM\u00f3veis #Lumin\u00e1riaDeCh\u00e3o #DesignDeInteriores #Lumin\u00e1riaBella #Decora\u00e7\u00e3oComEstilo #MontagemNoMesmoDia #SeuEspa\u00e7oSeuEstilo #Decora\u00e7\u00e3oDeAmbientes<\/p>\n","protected":false},"excerpt":{"rendered":"<p>de<span style=\"color: #000000;\"> R$1.000,00 <\/span>por apenas 10x de <span style=\"color: #ff6600;\">R$79,90<\/span> sem juros no cart\u00e3o ou<span style=\"color: #ff6600;\"> R$799,00<\/span> \u00e0 vista.<\/p>\n","protected":false},"featured_media":34040,"comment_status":"closed","ping_status":"closed","template":"","meta":[],"product_brand":[],"product_cat":[42,23],"product_tag":[],"class_list":{"0":"post-34037","1":"product","2":"type-product","3":"status-publish","4":"has-post-thumbnail","6":"product_cat-moveis-de-quarto","7":"product_cat-colchoes","9":"first","10":"instock","11":"shipping-taxable","12":"product-type-simple"},"_links":{"self":[{"href":"https:\/\/tudomoveisbelem.com.br\/v19\/wp-json\/wp\/v2\/product\/34037","targetHints":{"allow":["GET"]}}],"collection":[{"href":"https:\/\/tudomoveisbelem.com.br\/v19\/wp-json\/wp\/v2\/product"}],"about":[{"href":"https:\/\/tudomoveisbelem.com.br\/v19\/wp-json\/wp\/v2\/types\/product"}],"replies":[{"embeddable":true,"href":"https:\/\/tudomoveisbelem.com.br\/v19\/wp-json\/wp\/v2\/comments?post=34037"}],"version-history":[{"count":1,"href":"https:\/\/tudomoveisbelem.com.br\/v19\/wp-json\/wp\/v2\/product\/34037\/revisions"}],"predecessor-version":[{"id":34041,"href":"https:\/\/tudomoveisbelem.com.br\/v19\/wp-json\/wp\/v2\/product\/34037\/revisions\/34041"}],"wp:featuredmedia":[{"embeddable":true,"href":"https:\/\/tudomoveisbelem.com.br\/v19\/wp-json\/wp\/v2\/media\/34040"}],"wp:attachment":[{"href":"https:\/\/tudomoveisbelem.com.br\/v19\/wp-json\/wp\/v2\/media?parent=34037"}],"wp:term":[{"taxonomy":"product_brand","embeddable":true,"href":"https:\/\/tudomoveisbelem.com.br\/v19\/wp-json\/wp\/v2\/product_brand?post=34037"},{"taxonomy":"product_cat","embeddable":true,"href":"https:\/\/tudomoveisbelem.com.br\/v19\/wp-json\/wp\/v2\/product_cat?post=34037"},{"taxonomy":"product_tag","embeddable":true,"href":"https:\/\/tudomoveisbelem.com.br\/v19\/wp-json\/wp\/v2\/product_tag?post=34037"}],"curies":[{"name":"wp","href":"https:\/\/api.w.org\/{rel}","templated":true}]}}