{"id":34032,"date":"2025-06-05T16:41:54","date_gmt":"2025-06-05T16:41:54","guid":{"rendered":"https:\/\/tudomoveisbelem.com.br\/v19\/?post_type=product&#038;p=34032"},"modified":"2026-02-18T13:29:54","modified_gmt":"2026-02-18T13:29:54","slug":"cabeceira-acolchoada-em-capitone-10x-sem-juos","status":"publish","type":"product","link":"https:\/\/tudomoveisbelem.com.br\/v19\/produto\/cabeceira-acolchoada-em-capitone-10x-sem-juos\/","title":{"rendered":"Cabeceira Acolchoada em Capiton\u00ea"},"content":{"rendered":"<p>\ud83d\udecf\ufe0f CABECEIRA \u00c1GATA ACOLCHOADA<br \/>\nSe voc\u00ea busca transformar seu quarto com mais conforto, eleg\u00e2ncia e funcionalidade, a Cabeceira \u00c1gata \u00e9 a escolha perfeita!<\/p>\n<p>\ud83d\udd38 Diferenciais que fazem toda a diferen\u00e7a:<\/p>\n<p>\u2714\ufe0f Revestimento em veludo, super macio ao toque<br \/>\n\u2714\ufe0f Detalhes em capiton\u00ea com bot\u00f5es revestidos, que elevam a decora\u00e7\u00e3o do ambiente<br \/>\n\u2714\ufe0f Proporciona conforto ao encostar, al\u00e9m de proteger sua parede<br \/>\n\u2714\ufe0f Ajuda a equilibrar a temperatura, bloqueando o frio ou calor da parede<br \/>\n\u2714\ufe0f Entrega e montagem no mesmo dia, totalmente gr\u00e1tis! \ud83d\ude9b\ud83d\udee0\ufe0f<\/p>\n<p>\ud83d\udcb3 VALORES EM AT\u00c9 12X SEM JUROS \ud83e\udd29<br \/>\n\u2022 Solteiro: <span style=\"color: #ff0000;\"><strong>R$899,00<\/strong><\/span><br \/>\n\u2022 Casal: <span style=\"color: #ff0000;\"><strong>R$999,00<\/strong><\/span><br \/>\n\u2022 Queen: <span style=\"color: #ff0000;\"><strong>R$1.199,00<\/strong><\/span><br \/>\n\u2022 King: <span style=\"color: #ff0000;\"><strong>R$1.299,00<\/strong><\/span><\/p>\n<p>\u26a0\ufe0f Estoque super limitado! Aproveite essa oportunidade exclusiva e transforme seu quarto com mais beleza e conforto.<\/p>\n<p>\ud83d\udc49 Chama no WhatsApp, corre pra Tudo M\u00f3veis e garanta j\u00e1 a sua!<\/p>\n","protected":false},"excerpt":{"rendered":"<p>\ud83d\udecf\ufe0f CABECEIRA \u00c1GATA ACOLCHOADA Se voc\u00ea busca transformar seu quarto com mais conforto, eleg\u00e2ncia e funcionalidade, a Cabeceira \u00c1gata \u00e9 a escolha perfeita! \ud83d\udd38 Diferenciais que fazem toda a diferen\u00e7a: \u2714\ufe0f Revestimento em veludo, super macio ao toque \u2714\ufe0f Detalhes em capiton\u00ea com bot\u00f5es revestidos, que elevam a decora\u00e7\u00e3o do ambiente \u2714\ufe0f Proporciona conforto ao &hellip; <a href=\"https:\/\/tudomoveisbelem.com.br\/v19\/produto\/cabeceira-acolchoada-em-capitone-10x-sem-juos\/\" class=\"more-link\">Continue lendo<span class=\"screen-reader-text\"> &#8220;Cabeceira Acolchoada em Capiton\u00ea&#8221;<\/span><\/a><\/p>\n","protected":false},"featured_media":34035,"comment_status":"closed","ping_status":"closed","template":"","meta":[],"product_brand":[],"product_cat":[42,23,82],"product_tag":[],"class_list":{"0":"post-34032","1":"product","2":"type-product","3":"status-publish","4":"has-post-thumbnail","6":"product_cat-moveis-de-quarto","7":"product_cat-colchoes","8":"product_cat-tudo-de-quarto","10":"first","11":"instock","12":"shipping-taxable","13":"product-type-simple"},"_links":{"self":[{"href":"https:\/\/tudomoveisbelem.com.br\/v19\/wp-json\/wp\/v2\/product\/34032","targetHints":{"allow":["GET"]}}],"collection":[{"href":"https:\/\/tudomoveisbelem.com.br\/v19\/wp-json\/wp\/v2\/product"}],"about":[{"href":"https:\/\/tudomoveisbelem.com.br\/v19\/wp-json\/wp\/v2\/types\/product"}],"replies":[{"embeddable":true,"href":"https:\/\/tudomoveisbelem.com.br\/v19\/wp-json\/wp\/v2\/comments?post=34032"}],"version-history":[{"count":3,"href":"https:\/\/tudomoveisbelem.com.br\/v19\/wp-json\/wp\/v2\/product\/34032\/revisions"}],"predecessor-version":[{"id":36778,"href":"https:\/\/tudomoveisbelem.com.br\/v19\/wp-json\/wp\/v2\/product\/34032\/revisions\/36778"}],"wp:featuredmedia":[{"embeddable":true,"href":"https:\/\/tudomoveisbelem.com.br\/v19\/wp-json\/wp\/v2\/media\/34035"}],"wp:attachment":[{"href":"https:\/\/tudomoveisbelem.com.br\/v19\/wp-json\/wp\/v2\/media?parent=34032"}],"wp:term":[{"taxonomy":"product_brand","embeddable":true,"href":"https:\/\/tudomoveisbelem.com.br\/v19\/wp-json\/wp\/v2\/product_brand?post=34032"},{"taxonomy":"product_cat","embeddable":true,"href":"https:\/\/tudomoveisbelem.com.br\/v19\/wp-json\/wp\/v2\/product_cat?post=34032"},{"taxonomy":"product_tag","embeddable":true,"href":"https:\/\/tudomoveisbelem.com.br\/v19\/wp-json\/wp\/v2\/product_tag?post=34032"}],"curies":[{"name":"wp","href":"https:\/\/api.w.org\/{rel}","templated":true}]}}