{"id":34025,"date":"2025-06-04T16:46:13","date_gmt":"2025-06-04T16:46:13","guid":{"rendered":"https:\/\/tudomoveisbelem.com.br\/v19\/?post_type=product&#038;p=34025"},"modified":"2026-03-30T15:52:54","modified_gmt":"2026-03-30T15:52:54","slug":"conjunto-sofa-2-e-3-lugares-com-almofadas-em-fibra-10x-de-r29990","status":"publish","type":"product","link":"https:\/\/tudomoveisbelem.com.br\/v19\/produto\/conjunto-sofa-2-e-3-lugares-com-almofadas-em-fibra-10x-de-r29990\/","title":{"rendered":"Conjunto Sof\u00e1 2 e 3 lugares com Almofadas em Fibra 12x de R$291,58."},"content":{"rendered":"<p>\ud83d\udea8 LAN\u00c7AMENTO IMPERD\u00cdVEL! \ud83d\udea8<br \/>\n\u2728 CONJUNTO DE SOF\u00c1 2 E 3 LUGARES COM ALMOFADAS EM FIBRA SILICONADA \u2728<\/p>\n<p>O sof\u00e1 perfeito pra quem busca conforto, sofistica\u00e7\u00e3o e resist\u00eancia!<br \/>\nSeu design \u00e9 moderno, pensado pra deixar sua sala muito mais aconchegante. Al\u00e9m de lindo, ele oferece um toque macio, estrutura robusta e um acabamento impec\u00e1vel, que combina perfeitamente com qualquer estilo de decora\u00e7\u00e3o.<\/p>\n<p>\u2714\ufe0f Super confort\u00e1vel: Assentos com espuma D-26 \u2013 mais durabilidade e maciez no dia a dia!<br \/>\n\u2714\ufe0f Acompanha 4 almofadas soltas com enchimento em fibra siliconada \u2013 puro aconchego.<br \/>\n\u2714\ufe0f Design sofisticado, com p\u00e9s em madeira maci\u00e7a que garantem eleg\u00e2ncia e resist\u00eancia.<br \/>\n\u2714\ufe0f Acabamento premium: Escolha entre cour\u00edssimo ou veludo \u2013 ambos f\u00e1ceis de limpar e super elegantes.<br \/>\n\u2714\ufe0f Espa\u00e7o para at\u00e9 5 pessoas \u2013 ideal pra fam\u00edlia e receber visitas.<\/p>\n<p>\ud83d\ude9a\ud83d\udee0\ufe0f ENTREGA E MONTAGEM NO MESMO DIA \u2013 TOTALMENTE GR\u00c1TIS!<\/p>\n<p>\u26a1 Estoque limitado! Corre pra garantir o seu!<\/p>\n<p>\ud83d\uded2 Tudo M\u00f3veis \u2013 Seu conforto chega HOJE, montado e prontinho pra voc\u00ea!<\/p>\n<p>&nbsp;<\/p>\n<p>&nbsp;<\/p>\n<p>de R$4.300,00 por apenas 12x de <span style=\"color: #ff0000;\">R$291,58<\/span> SEM JUROS ou<span style=\"color: #ff0000;\"> R$3.499,00<\/span> \u00e0 vista!<\/p>\n","protected":false},"excerpt":{"rendered":"<p>\ud83d\udea8 LAN\u00c7AMENTO IMPERD\u00cdVEL! \ud83d\udea8 \u2728 CONJUNTO DE SOF\u00c1 2 E 3 LUGARES COM ALMOFADAS EM FIBRA SILICONADA \u2728 O sof\u00e1 perfeito pra quem busca conforto, sofistica\u00e7\u00e3o e resist\u00eancia! Seu design \u00e9 moderno, pensado pra deixar sua sala muito mais aconchegante. Al\u00e9m de lindo, ele oferece um toque macio, estrutura robusta e um acabamento impec\u00e1vel, que &hellip; <a href=\"https:\/\/tudomoveisbelem.com.br\/v19\/produto\/conjunto-sofa-2-e-3-lugares-com-almofadas-em-fibra-10x-de-r29990\/\" class=\"more-link\">Continue lendo<span class=\"screen-reader-text\"> &#8220;Conjunto Sof\u00e1 2 e 3 lugares com Almofadas em Fibra 12x de R$291,58.&#8221;<\/span><\/a><\/p>\n","protected":false},"featured_media":34028,"comment_status":"closed","ping_status":"closed","template":"","meta":[],"product_brand":[],"product_cat":[30],"product_tag":[],"class_list":{"0":"post-34025","1":"product","2":"type-product","3":"status-publish","4":"has-post-thumbnail","6":"product_cat-sofas","8":"first","9":"instock","10":"shipping-taxable","11":"product-type-simple"},"_links":{"self":[{"href":"https:\/\/tudomoveisbelem.com.br\/v19\/wp-json\/wp\/v2\/product\/34025","targetHints":{"allow":["GET"]}}],"collection":[{"href":"https:\/\/tudomoveisbelem.com.br\/v19\/wp-json\/wp\/v2\/product"}],"about":[{"href":"https:\/\/tudomoveisbelem.com.br\/v19\/wp-json\/wp\/v2\/types\/product"}],"replies":[{"embeddable":true,"href":"https:\/\/tudomoveisbelem.com.br\/v19\/wp-json\/wp\/v2\/comments?post=34025"}],"version-history":[{"count":6,"href":"https:\/\/tudomoveisbelem.com.br\/v19\/wp-json\/wp\/v2\/product\/34025\/revisions"}],"predecessor-version":[{"id":37127,"href":"https:\/\/tudomoveisbelem.com.br\/v19\/wp-json\/wp\/v2\/product\/34025\/revisions\/37127"}],"wp:featuredmedia":[{"embeddable":true,"href":"https:\/\/tudomoveisbelem.com.br\/v19\/wp-json\/wp\/v2\/media\/34028"}],"wp:attachment":[{"href":"https:\/\/tudomoveisbelem.com.br\/v19\/wp-json\/wp\/v2\/media?parent=34025"}],"wp:term":[{"taxonomy":"product_brand","embeddable":true,"href":"https:\/\/tudomoveisbelem.com.br\/v19\/wp-json\/wp\/v2\/product_brand?post=34025"},{"taxonomy":"product_cat","embeddable":true,"href":"https:\/\/tudomoveisbelem.com.br\/v19\/wp-json\/wp\/v2\/product_cat?post=34025"},{"taxonomy":"product_tag","embeddable":true,"href":"https:\/\/tudomoveisbelem.com.br\/v19\/wp-json\/wp\/v2\/product_tag?post=34025"}],"curies":[{"name":"wp","href":"https:\/\/api.w.org\/{rel}","templated":true}]}}