{"id":33988,"date":"2025-06-03T15:50:16","date_gmt":"2025-06-03T15:50:16","guid":{"rendered":"https:\/\/tudomoveisbelem.com.br\/v19\/?post_type=product&#038;p=33988"},"modified":"2025-10-30T19:10:03","modified_gmt":"2025-10-30T19:10:03","slug":"sofa-etina-retratil-reclinavel-com-usb-e-pillowtop-nos-bracos-10x-de-r59990","status":"publish","type":"product","link":"https:\/\/tudomoveisbelem.com.br\/v19\/produto\/sofa-etina-retratil-reclinavel-com-usb-e-pillowtop-nos-bracos-10x-de-r59990\/","title":{"rendered":"Sof\u00e1 \u00c9tina Retr\u00e1til, Reclin\u00e1vel, com USB e Pillowtop nos bra\u00e7os"},"content":{"rendered":"<p>\u2728 LAN\u00c7AMENTO EXCLUSIVO NA TUDO M\u00d3VEIS! \u2728<br \/>\nO sof\u00e1 dos seus sonhos chegou para transformar sua sala em um verdadeiro espa\u00e7o de conforto, modernidade e praticidade! \ud83d\ude0d\ud83d\udecb\ufe0f<\/p>\n<p>Apresentamos o SOF\u00c1 \u00c9TINA (ORTONORTE) \u2013 Retr\u00e1til, Reclin\u00e1vel, com USB e Pillowtop nos bra\u00e7os!<\/p>\n<p>\ud83d\udc8e CONFORTO DE ALTO PADR\u00c3O:<br \/>\n\u2714\ufe0f Retr\u00e1til e Reclin\u00e1vel para aquele momento perfeito de descanso!<br \/>\n\u2714\ufe0f Bra\u00e7os com Pillowtop, super macios e acolchoados!<br \/>\n\u2714\ufe0f Assento com molas, que garante mais conforto, durabilidade e resist\u00eancia!<br \/>\n\u2714\ufe0f Encosto em fibra siliconada, maciez que abra\u00e7a voc\u00ea!<br \/>\n\u2714\ufe0f Acompanha 2 almofadas rolinho pra deixar o ambiente ainda mais sofisticado!<br \/>\n\u2714\ufe0f Rodinhas de silicone que protegem seu piso e facilitam a movimenta\u00e7\u00e3o!<br \/>\n\u2714\ufe0f Carregadores USB nos dois bra\u00e7os! Carregue seu celular enquanto relaxa sem precisar levantar! \ud83d\udd0b\ud83d\udcf1<br \/>\n\u2714\ufe0f Revestido em tecido veludo, com toque macio e acabamento impec\u00e1vel!<\/p>\n<p>\ud83d\udca5 E tem mais! Aqui na Tudo M\u00f3veis, a ENTREGA e a MONTAGEM s\u00e3o realizadas no MESMO DIA e TOTALMENTE GR\u00c1TIS! \ud83d\ude9a\ud83d\udee0\ufe0f<\/p>\n<p>\ud83d\udcb0 De <strong><del>R$8.100,00<\/del><\/strong><br \/>\n\ud83d\udd25 Por apenas <span style=\"color: #ff0000;\"><strong>10x de R$649,90<\/strong><\/span> SEM JUROS no cart\u00e3o ou \u00e0 vista por <span style=\"color: #ff0000;\">R$6.499,00<\/span>!<\/p>\n<p>\ud83d\udc49 N\u00e3o perca essa oportunidade! Venha garantir seu conforto HOJE MESMO!<\/p>\n<p>\ud83d\uded2 Tudo M\u00f3veis \u2013 Qualidade, conforto e praticidade na sua casa no mesmo dia!<\/p>\n","protected":false},"excerpt":{"rendered":"<p>\u2728 LAN\u00c7AMENTO EXCLUSIVO NA TUDO M\u00d3VEIS! \u2728 O sof\u00e1 dos seus sonhos chegou para transformar sua sala em um verdadeiro espa\u00e7o de conforto, modernidade e praticidade! \ud83d\ude0d\ud83d\udecb\ufe0f Apresentamos o SOF\u00c1 \u00c9TINA (ORTONORTE) \u2013 Retr\u00e1til, Reclin\u00e1vel, com USB e Pillowtop nos bra\u00e7os! \ud83d\udc8e CONFORTO DE ALTO PADR\u00c3O: \u2714\ufe0f Retr\u00e1til e Reclin\u00e1vel para aquele momento perfeito de &hellip; <a href=\"https:\/\/tudomoveisbelem.com.br\/v19\/produto\/sofa-etina-retratil-reclinavel-com-usb-e-pillowtop-nos-bracos-10x-de-r59990\/\" class=\"more-link\">Continue lendo<span class=\"screen-reader-text\"> &#8220;Sof\u00e1 \u00c9tina Retr\u00e1til, Reclin\u00e1vel, com USB e Pillowtop nos bra\u00e7os&#8221;<\/span><\/a><\/p>\n","protected":false},"featured_media":33999,"comment_status":"closed","ping_status":"closed","template":"","meta":[],"product_brand":[],"product_cat":[30],"product_tag":[],"class_list":{"0":"post-33988","1":"product","2":"type-product","3":"status-publish","4":"has-post-thumbnail","6":"product_cat-sofas","8":"first","9":"instock","10":"shipping-taxable","11":"product-type-simple"},"_links":{"self":[{"href":"https:\/\/tudomoveisbelem.com.br\/v19\/wp-json\/wp\/v2\/product\/33988","targetHints":{"allow":["GET"]}}],"collection":[{"href":"https:\/\/tudomoveisbelem.com.br\/v19\/wp-json\/wp\/v2\/product"}],"about":[{"href":"https:\/\/tudomoveisbelem.com.br\/v19\/wp-json\/wp\/v2\/types\/product"}],"replies":[{"embeddable":true,"href":"https:\/\/tudomoveisbelem.com.br\/v19\/wp-json\/wp\/v2\/comments?post=33988"}],"version-history":[{"count":5,"href":"https:\/\/tudomoveisbelem.com.br\/v19\/wp-json\/wp\/v2\/product\/33988\/revisions"}],"predecessor-version":[{"id":35693,"href":"https:\/\/tudomoveisbelem.com.br\/v19\/wp-json\/wp\/v2\/product\/33988\/revisions\/35693"}],"wp:featuredmedia":[{"embeddable":true,"href":"https:\/\/tudomoveisbelem.com.br\/v19\/wp-json\/wp\/v2\/media\/33999"}],"wp:attachment":[{"href":"https:\/\/tudomoveisbelem.com.br\/v19\/wp-json\/wp\/v2\/media?parent=33988"}],"wp:term":[{"taxonomy":"product_brand","embeddable":true,"href":"https:\/\/tudomoveisbelem.com.br\/v19\/wp-json\/wp\/v2\/product_brand?post=33988"},{"taxonomy":"product_cat","embeddable":true,"href":"https:\/\/tudomoveisbelem.com.br\/v19\/wp-json\/wp\/v2\/product_cat?post=33988"},{"taxonomy":"product_tag","embeddable":true,"href":"https:\/\/tudomoveisbelem.com.br\/v19\/wp-json\/wp\/v2\/product_tag?post=33988"}],"curies":[{"name":"wp","href":"https:\/\/api.w.org\/{rel}","templated":true}]}}