{"id":33960,"date":"2025-05-29T20:06:44","date_gmt":"2025-05-29T20:06:44","guid":{"rendered":"https:\/\/tudomoveisbelem.com.br\/v19\/?post_type=product&#038;p=33960"},"modified":"2026-03-19T10:33:25","modified_gmt":"2026-03-19T10:33:25","slug":"sofa-retratil-e-reclinavel-com-2-almofadas-de-brinde-10x-de-r21990","status":"publish","type":"product","link":"https:\/\/tudomoveisbelem.com.br\/v19\/produto\/sofa-retratil-e-reclinavel-com-2-almofadas-de-brinde-10x-de-r21990\/","title":{"rendered":"Sof\u00e1 Retr\u00e1til e Reclin\u00e1vel com 2 Almofadas de Brinde 2 m 12x de R$ 249,92."},"content":{"rendered":"<p>PROMO\u00c7\u00c3O<br \/>\nDe R$ 3.700,00<br \/>\nPor 12x de R$ 249,92 sem juros no cart\u00e3o ou \u00e0 vista por R$ 2.999,00.<\/p>\n<p>\ud83d\udecb\ufe0f\u2728 Sof\u00e1 Retr\u00e1til e Reclin\u00e1vel com 2 Almofadas de Brinde<\/p>\n<p>Conforto, praticidade e design moderno para transformar sua sala em um ambiente ainda mais aconchegante! Ideal para quem busca relaxar com estilo.<\/p>\n<p>\u2714\ufe0f Assento retr\u00e1til com espuma D28 \u2013 proporciona firmeza e conforto duradouro<br \/>\n\u2714\ufe0f Encosto reclin\u00e1vel com fibra siliconada \u2013 maciez e suporte ergon\u00f4mico<br \/>\n\u2714\ufe0f Rodinhas de silicone \u2013 facilitam a movimenta\u00e7\u00e3o sem danificar o piso<br \/>\n\u2714\ufe0f Acompanha 2 almofadas rolinho de brinde \ud83c\udf81 \u2013 charme e apoio extra<br \/>\n\u2714\ufe0f Revestimento em tecido suede \u2013 toque suave e elegante<br \/>\n\u2714\ufe0f Estrutura em madeira de eucalipto de reflorestamento \u2013 resist\u00eancia e sustentabilidade<\/p>\n<p>Dimens\u00f5es:<br \/>\nAltura: 0,96 m<br \/>\nLargura: 2,00 m<br \/>\nProfundidade (fechado): 0,56 m<br \/>\nProfundidade (aberto): 1,18 m<\/p>\n<p>&nbsp;<\/p>\n<p>\ud83d\ude9a\ud83d\udca8 ENTREGA E MONTAGEM NO MESMO DIA \u2014 TOTALMENTE GR\u00c1TIS!<\/p>\n<p>\u2705 Produto novo, direto da loja, com nota fiscal e garantia.<\/p>\n","protected":false},"excerpt":{"rendered":"<p>PROMO\u00c7\u00c3O De R$ 3.700,00 Por 12x de R$ 249,92 sem juros no cart\u00e3o ou \u00e0 vista por R$ 2.999,00. \ud83d\udecb\ufe0f\u2728 Sof\u00e1 Retr\u00e1til e Reclin\u00e1vel com 2 Almofadas de Brinde Conforto, praticidade e design moderno para transformar sua sala em um ambiente ainda mais aconchegante! Ideal para quem busca relaxar com estilo. \u2714\ufe0f Assento retr\u00e1til com &hellip; <a href=\"https:\/\/tudomoveisbelem.com.br\/v19\/produto\/sofa-retratil-e-reclinavel-com-2-almofadas-de-brinde-10x-de-r21990\/\" class=\"more-link\">Continue lendo<span class=\"screen-reader-text\"> &#8220;Sof\u00e1 Retr\u00e1til e Reclin\u00e1vel com 2 Almofadas de Brinde 2 m 12x de R$ 249,92.&#8221;<\/span><\/a><\/p>\n","protected":false},"featured_media":33970,"comment_status":"closed","ping_status":"closed","template":"","meta":[],"product_brand":[],"product_cat":[30],"product_tag":[],"class_list":{"0":"post-33960","1":"product","2":"type-product","3":"status-publish","4":"has-post-thumbnail","6":"product_cat-sofas","8":"first","9":"instock","10":"shipping-taxable","11":"product-type-simple"},"_links":{"self":[{"href":"https:\/\/tudomoveisbelem.com.br\/v19\/wp-json\/wp\/v2\/product\/33960","targetHints":{"allow":["GET"]}}],"collection":[{"href":"https:\/\/tudomoveisbelem.com.br\/v19\/wp-json\/wp\/v2\/product"}],"about":[{"href":"https:\/\/tudomoveisbelem.com.br\/v19\/wp-json\/wp\/v2\/types\/product"}],"replies":[{"embeddable":true,"href":"https:\/\/tudomoveisbelem.com.br\/v19\/wp-json\/wp\/v2\/comments?post=33960"}],"version-history":[{"count":7,"href":"https:\/\/tudomoveisbelem.com.br\/v19\/wp-json\/wp\/v2\/product\/33960\/revisions"}],"predecessor-version":[{"id":37118,"href":"https:\/\/tudomoveisbelem.com.br\/v19\/wp-json\/wp\/v2\/product\/33960\/revisions\/37118"}],"wp:featuredmedia":[{"embeddable":true,"href":"https:\/\/tudomoveisbelem.com.br\/v19\/wp-json\/wp\/v2\/media\/33970"}],"wp:attachment":[{"href":"https:\/\/tudomoveisbelem.com.br\/v19\/wp-json\/wp\/v2\/media?parent=33960"}],"wp:term":[{"taxonomy":"product_brand","embeddable":true,"href":"https:\/\/tudomoveisbelem.com.br\/v19\/wp-json\/wp\/v2\/product_brand?post=33960"},{"taxonomy":"product_cat","embeddable":true,"href":"https:\/\/tudomoveisbelem.com.br\/v19\/wp-json\/wp\/v2\/product_cat?post=33960"},{"taxonomy":"product_tag","embeddable":true,"href":"https:\/\/tudomoveisbelem.com.br\/v19\/wp-json\/wp\/v2\/product_tag?post=33960"}],"curies":[{"name":"wp","href":"https:\/\/api.w.org\/{rel}","templated":true}]}}