{"id":33911,"date":"2025-05-29T13:08:18","date_gmt":"2025-05-29T13:08:18","guid":{"rendered":"https:\/\/tudomoveisbelem.com.br\/v19\/?post_type=product&#038;p=33911"},"modified":"2026-03-30T16:22:21","modified_gmt":"2026-03-30T16:22:21","slug":"sofa-retratil-reclinavel-com-mega-ppillowtop-e-porta-copos-10x-de-r35990-sem-juros","status":"publish","type":"product","link":"https:\/\/tudomoveisbelem.com.br\/v19\/produto\/sofa-retratil-reclinavel-com-mega-ppillowtop-e-porta-copos-10x-de-r35990-sem-juros\/","title":{"rendered":"S\u00f3f\u00e1 Retr\u00e1til Reclin\u00e1vel com mega Ppillowtop e porta copos 12x de R$ 449,92."},"content":{"rendered":"<p>\ud83d\udea8 LAN\u00c7AMENTO EXCLUSIVO NA TUDO M\u00d3VEIS! \ud83d\udea8<br \/>\n\ud83d\udcba\u2728 SOF\u00c1 RETR\u00c1TIL RECLIN\u00c1VEL COM MEGA PILLOWTOP E PORTA COPOS<\/p>\n<p>\ud83d\udecb\ufe0f Design moderno, elegante e pensado para seu conforto!<br \/>\n\u2714\ufe0f 2 lugares super espa\u00e7osos<br \/>\n\u2714\ufe0f Encosto reclin\u00e1vel com v\u00e1rias posi\u00e7\u00f5es, preenchido com fibra siliconada \u2014 muito mais aconchego!<br \/>\n\u2714\ufe0f Assento retr\u00e1til com espuma + percintas el\u00e1sticas, garantindo conforto e suporte no dia a dia<br \/>\n\u2714\ufe0f Estrutura refor\u00e7ada em madeira de reflorestamento \ud83c\udf31 \u2013 resistente e sustent\u00e1vel<br \/>\n\u2714\ufe0f Revestimento em tecido suede, toque macio e agrad\u00e1vel<br \/>\n\u2714\ufe0f Porta-copos nos bra\u00e7os: mais praticidade pro seu momento de descanso \ud83c\udf79\ud83c\udf7f<\/p>\n<p>\ud83d\ude9a\ud83d\udca8 ENTREGA E MONTAGEM NO MESMO DIA \u2014 TOTALMENTE GR\u00c1TIS!<\/p>\n<p>\ud83d\udd11 Conforto, eleg\u00e2ncia e praticidade no seu lar! Vem garantir o seu antes que acabe!<\/p>\n<p>&nbsp;<\/p>\n<p>&nbsp;<\/p>\n<p>PROMO\u00c7\u00c3O<br \/>\nDe R$ 6.700,00<br \/>\nPor 12x de R$ 449,92 sem juros no cart\u00e3o ou \u00e0 vista por R$ 5.399,00.<\/p>\n","protected":false},"excerpt":{"rendered":"<p>\ud83d\udea8 LAN\u00c7AMENTO EXCLUSIVO NA TUDO M\u00d3VEIS! \ud83d\udea8 \ud83d\udcba\u2728 SOF\u00c1 RETR\u00c1TIL RECLIN\u00c1VEL COM MEGA PILLOWTOP E PORTA COPOS \ud83d\udecb\ufe0f Design moderno, elegante e pensado para seu conforto! \u2714\ufe0f 2 lugares super espa\u00e7osos \u2714\ufe0f Encosto reclin\u00e1vel com v\u00e1rias posi\u00e7\u00f5es, preenchido com fibra siliconada \u2014 muito mais aconchego! \u2714\ufe0f Assento retr\u00e1til com espuma + percintas el\u00e1sticas, garantindo conforto &hellip; <a href=\"https:\/\/tudomoveisbelem.com.br\/v19\/produto\/sofa-retratil-reclinavel-com-mega-ppillowtop-e-porta-copos-10x-de-r35990-sem-juros\/\" class=\"more-link\">Continue lendo<span class=\"screen-reader-text\"> &#8220;S\u00f3f\u00e1 Retr\u00e1til Reclin\u00e1vel com mega Ppillowtop e porta copos 12x de R$ 449,92.&#8221;<\/span><\/a><\/p>\n","protected":false},"featured_media":35110,"comment_status":"closed","ping_status":"closed","template":"","meta":[],"product_brand":[],"product_cat":[30],"product_tag":[],"class_list":{"0":"post-33911","1":"product","2":"type-product","3":"status-publish","4":"has-post-thumbnail","6":"product_cat-sofas","8":"first","9":"instock","10":"shipping-taxable","11":"product-type-simple"},"_links":{"self":[{"href":"https:\/\/tudomoveisbelem.com.br\/v19\/wp-json\/wp\/v2\/product\/33911","targetHints":{"allow":["GET"]}}],"collection":[{"href":"https:\/\/tudomoveisbelem.com.br\/v19\/wp-json\/wp\/v2\/product"}],"about":[{"href":"https:\/\/tudomoveisbelem.com.br\/v19\/wp-json\/wp\/v2\/types\/product"}],"replies":[{"embeddable":true,"href":"https:\/\/tudomoveisbelem.com.br\/v19\/wp-json\/wp\/v2\/comments?post=33911"}],"version-history":[{"count":10,"href":"https:\/\/tudomoveisbelem.com.br\/v19\/wp-json\/wp\/v2\/product\/33911\/revisions"}],"predecessor-version":[{"id":37156,"href":"https:\/\/tudomoveisbelem.com.br\/v19\/wp-json\/wp\/v2\/product\/33911\/revisions\/37156"}],"wp:featuredmedia":[{"embeddable":true,"href":"https:\/\/tudomoveisbelem.com.br\/v19\/wp-json\/wp\/v2\/media\/35110"}],"wp:attachment":[{"href":"https:\/\/tudomoveisbelem.com.br\/v19\/wp-json\/wp\/v2\/media?parent=33911"}],"wp:term":[{"taxonomy":"product_brand","embeddable":true,"href":"https:\/\/tudomoveisbelem.com.br\/v19\/wp-json\/wp\/v2\/product_brand?post=33911"},{"taxonomy":"product_cat","embeddable":true,"href":"https:\/\/tudomoveisbelem.com.br\/v19\/wp-json\/wp\/v2\/product_cat?post=33911"},{"taxonomy":"product_tag","embeddable":true,"href":"https:\/\/tudomoveisbelem.com.br\/v19\/wp-json\/wp\/v2\/product_tag?post=33911"}],"curies":[{"name":"wp","href":"https:\/\/api.w.org\/{rel}","templated":true}]}}