{"id":33904,"date":"2025-05-28T18:39:12","date_gmt":"2025-05-28T18:39:12","guid":{"rendered":"https:\/\/tudomoveisbelem.com.br\/v19\/?post_type=product&#038;p=33904"},"modified":"2026-03-30T16:51:17","modified_gmt":"2026-03-30T16:51:17","slug":"sofa-retratil-reclinavel-com-molas-por-apenas-10x-de-r-36990","status":"publish","type":"product","link":"https:\/\/tudomoveisbelem.com.br\/v19\/produto\/sofa-retratil-reclinavel-com-molas-por-apenas-10x-de-r-36990\/","title":{"rendered":"Sof\u00e1 Retr\u00e1til Reclin\u00e1vel com Molas por apenas 10x de R$379,90."},"content":{"rendered":"<p>\ud83d\udea8 LAN\u00c7AMENTO EXCLUSIVO NA TUDO M\u00d3VEIS! \ud83d\udea8<br \/>\n\ud83d\udcba\u2728 SOF\u00c1 RETR\u00c1TIL + RECLIN\u00c1VEL COM MOLAS E USB!<\/p>\n<p>\ud83d\udecb\ufe0f Um sof\u00e1 que une conforto, tecnologia e resist\u00eancia.<br \/>\n\u2714\ufe0f Encosto reclin\u00e1vel com 6 posi\u00e7\u00f5es, super macio em fibra siliconada.<br \/>\n\u2714\ufe0f Assento retr\u00e1til com molas ensacadas, rod\u00edzios de silicone e corredi\u00e7a met\u00e1lica, trazendo mais leveza e praticidade.<br \/>\n\u2714\ufe0f Espuma D28: mais firmeza, durabilidade e muito conforto.<br \/>\n\u2714\ufe0f E o detalhe que faz a diferen\u00e7a: entrada USB pra voc\u00ea carregar seu celular relaxando! \ud83d\udd0c\ud83d\udcf1<\/p>\n<p>\ud83d\ude9a\ud83d\udca8 ENTREGA E MONTAGEM NO MESMO DIA!<br \/>\n\ud83d\udca5 TOTALMENTE GR\u00c1TIS!<\/p>\n<p>\ud83d\udd11 Seu conforto come\u00e7a AGORA! Vem garantir o seu antes que acabe!<\/p>\n<p>&nbsp;<\/p>\n<p>&nbsp;<\/p>\n<p>por apenas 10x de <span style=\"color: #ff0000;\">R$379,90<\/span> SEM JUROS no cart\u00e3o ou <span style=\"color: #ff0000;\">R$3.799,00<\/span> \u00e0 vista!<\/p>\n","protected":false},"excerpt":{"rendered":"<p>\ud83d\udea8 LAN\u00c7AMENTO EXCLUSIVO NA TUDO M\u00d3VEIS! \ud83d\udea8 \ud83d\udcba\u2728 SOF\u00c1 RETR\u00c1TIL + RECLIN\u00c1VEL COM MOLAS E USB! \ud83d\udecb\ufe0f Um sof\u00e1 que une conforto, tecnologia e resist\u00eancia. \u2714\ufe0f Encosto reclin\u00e1vel com 6 posi\u00e7\u00f5es, super macio em fibra siliconada. \u2714\ufe0f Assento retr\u00e1til com molas ensacadas, rod\u00edzios de silicone e corredi\u00e7a met\u00e1lica, trazendo mais leveza e praticidade. \u2714\ufe0f Espuma &hellip; <a href=\"https:\/\/tudomoveisbelem.com.br\/v19\/produto\/sofa-retratil-reclinavel-com-molas-por-apenas-10x-de-r-36990\/\" class=\"more-link\">Continue lendo<span class=\"screen-reader-text\"> &#8220;Sof\u00e1 Retr\u00e1til Reclin\u00e1vel com Molas por apenas 10x de R$379,90.&#8221;<\/span><\/a><\/p>\n","protected":false},"featured_media":33905,"comment_status":"closed","ping_status":"closed","template":"","meta":[],"product_brand":[],"product_cat":[30],"product_tag":[],"class_list":{"0":"post-33904","1":"product","2":"type-product","3":"status-publish","4":"has-post-thumbnail","6":"product_cat-sofas","8":"first","9":"instock","10":"shipping-taxable","11":"product-type-simple"},"_links":{"self":[{"href":"https:\/\/tudomoveisbelem.com.br\/v19\/wp-json\/wp\/v2\/product\/33904","targetHints":{"allow":["GET"]}}],"collection":[{"href":"https:\/\/tudomoveisbelem.com.br\/v19\/wp-json\/wp\/v2\/product"}],"about":[{"href":"https:\/\/tudomoveisbelem.com.br\/v19\/wp-json\/wp\/v2\/types\/product"}],"replies":[{"embeddable":true,"href":"https:\/\/tudomoveisbelem.com.br\/v19\/wp-json\/wp\/v2\/comments?post=33904"}],"version-history":[{"count":5,"href":"https:\/\/tudomoveisbelem.com.br\/v19\/wp-json\/wp\/v2\/product\/33904\/revisions"}],"predecessor-version":[{"id":37157,"href":"https:\/\/tudomoveisbelem.com.br\/v19\/wp-json\/wp\/v2\/product\/33904\/revisions\/37157"}],"wp:featuredmedia":[{"embeddable":true,"href":"https:\/\/tudomoveisbelem.com.br\/v19\/wp-json\/wp\/v2\/media\/33905"}],"wp:attachment":[{"href":"https:\/\/tudomoveisbelem.com.br\/v19\/wp-json\/wp\/v2\/media?parent=33904"}],"wp:term":[{"taxonomy":"product_brand","embeddable":true,"href":"https:\/\/tudomoveisbelem.com.br\/v19\/wp-json\/wp\/v2\/product_brand?post=33904"},{"taxonomy":"product_cat","embeddable":true,"href":"https:\/\/tudomoveisbelem.com.br\/v19\/wp-json\/wp\/v2\/product_cat?post=33904"},{"taxonomy":"product_tag","embeddable":true,"href":"https:\/\/tudomoveisbelem.com.br\/v19\/wp-json\/wp\/v2\/product_tag?post=33904"}],"curies":[{"name":"wp","href":"https:\/\/api.w.org\/{rel}","templated":true}]}}