{"id":33801,"date":"2025-05-21T18:07:21","date_gmt":"2025-05-21T18:07:21","guid":{"rendered":"https:\/\/tudomoveisbelem.com.br\/v19\/?post_type=product&#038;p=33801"},"modified":"2026-03-19T10:12:37","modified_gmt":"2026-03-19T10:12:37","slug":"base-queen-size-ortobom-em-corino-10x-de-r10990","status":"publish","type":"product","link":"https:\/\/tudomoveisbelem.com.br\/v19\/produto\/base-queen-size-ortobom-em-corino-10x-de-r10990\/","title":{"rendered":"Base Queen Size Ortobom em Corino 12x de R$ 108,25."},"content":{"rendered":"<p>&nbsp;<\/p>\n<p>PROMO\u00c7\u00c3O<br \/>\nDe R$ 1.500,00<br \/>\nPor 12x de R$ 108,25 sem juros no cart\u00e3o ou \u00e0 vista por R$ 1.299,00<\/p>\n<p>\u2728\ud83d\udea8 LAN\u00c7AMENTO EXCLUSIVO TUDO M\u00d3VEIS \ud83d\udea8\u2728<\/p>\n<p>\ud83d\udecf\ufe0f Eleve o conforto e a eleg\u00e2ncia do seu quarto com a Base Queen Size Ortobom em Corino!<\/p>\n<p>\ud83d\udd25 Destaques que fazem toda a diferen\u00e7a:<br \/>\n\u2705 Estrutura em madeira Eucalipto Domus \u2013 resistente e com a\u00e7\u00e3o bactericida natural contra cupins, brocas e tra\u00e7as<br \/>\n\u2705 Revestimento em Corino \u2013 sofistica\u00e7\u00e3o e f\u00e1cil limpeza<br \/>\n\u2705 Tratamento antial\u00e9rgico e anti\u00e1caro \u2013 noites mais saud\u00e1veis<br \/>\n\u2705 Jogo de p\u00e9s em PVC \u2013 estabilidade e design moderno<br \/>\n\u2705 Suporta at\u00e9 150kg por pessoa \u2013 seguran\u00e7a garantida<\/p>\n<p>\ud83d\udccf Dimens\u00f5es: 0,43m (A) x 1,58m (L) x 1,98m (C)<\/p>\n<p>&nbsp;<\/p>\n<p>\ud83d\ude9a Entrega e montagem no mesmo dia \u2013 da loja direto para o seu lar!<\/p>\n<p>\u2728 Porque conforto, praticidade e eleg\u00e2ncia merecem chegar primeiro na sua casa.<\/p>\n","protected":false},"excerpt":{"rendered":"<p>&nbsp; PROMO\u00c7\u00c3O De R$ 1.500,00 Por 12x de R$ 108,25 sem juros no cart\u00e3o ou \u00e0 vista por R$ 1.299,00 \u2728\ud83d\udea8 LAN\u00c7AMENTO EXCLUSIVO TUDO M\u00d3VEIS \ud83d\udea8\u2728 \ud83d\udecf\ufe0f Eleve o conforto e a eleg\u00e2ncia do seu quarto com a Base Queen Size Ortobom em Corino! \ud83d\udd25 Destaques que fazem toda a diferen\u00e7a: \u2705 Estrutura em madeira &hellip; <a href=\"https:\/\/tudomoveisbelem.com.br\/v19\/produto\/base-queen-size-ortobom-em-corino-10x-de-r10990\/\" class=\"more-link\">Continue lendo<span class=\"screen-reader-text\"> &#8220;Base Queen Size Ortobom em Corino 12x de R$ 108,25.&#8221;<\/span><\/a><\/p>\n","protected":false},"featured_media":33802,"comment_status":"closed","ping_status":"closed","template":"","meta":[],"product_brand":[],"product_cat":[39,23,82],"product_tag":[],"class_list":{"0":"post-33801","1":"product","2":"type-product","3":"status-publish","4":"has-post-thumbnail","6":"product_cat-camas","7":"product_cat-colchoes","8":"product_cat-tudo-de-quarto","10":"first","11":"instock","12":"shipping-taxable","13":"product-type-simple"},"_links":{"self":[{"href":"https:\/\/tudomoveisbelem.com.br\/v19\/wp-json\/wp\/v2\/product\/33801","targetHints":{"allow":["GET"]}}],"collection":[{"href":"https:\/\/tudomoveisbelem.com.br\/v19\/wp-json\/wp\/v2\/product"}],"about":[{"href":"https:\/\/tudomoveisbelem.com.br\/v19\/wp-json\/wp\/v2\/types\/product"}],"replies":[{"embeddable":true,"href":"https:\/\/tudomoveisbelem.com.br\/v19\/wp-json\/wp\/v2\/comments?post=33801"}],"version-history":[{"count":5,"href":"https:\/\/tudomoveisbelem.com.br\/v19\/wp-json\/wp\/v2\/product\/33801\/revisions"}],"predecessor-version":[{"id":37115,"href":"https:\/\/tudomoveisbelem.com.br\/v19\/wp-json\/wp\/v2\/product\/33801\/revisions\/37115"}],"wp:featuredmedia":[{"embeddable":true,"href":"https:\/\/tudomoveisbelem.com.br\/v19\/wp-json\/wp\/v2\/media\/33802"}],"wp:attachment":[{"href":"https:\/\/tudomoveisbelem.com.br\/v19\/wp-json\/wp\/v2\/media?parent=33801"}],"wp:term":[{"taxonomy":"product_brand","embeddable":true,"href":"https:\/\/tudomoveisbelem.com.br\/v19\/wp-json\/wp\/v2\/product_brand?post=33801"},{"taxonomy":"product_cat","embeddable":true,"href":"https:\/\/tudomoveisbelem.com.br\/v19\/wp-json\/wp\/v2\/product_cat?post=33801"},{"taxonomy":"product_tag","embeddable":true,"href":"https:\/\/tudomoveisbelem.com.br\/v19\/wp-json\/wp\/v2\/product_tag?post=33801"}],"curies":[{"name":"wp","href":"https:\/\/api.w.org\/{rel}","templated":true}]}}